{"id":448,"date":"2019-02-11T14:40:29","date_gmt":"2019-02-11T14:40:29","guid":{"rendered":"http:\/\/ppediciones.cl\/?post_type=product&#038;p=448"},"modified":"2022-06-24T18:10:43","modified_gmt":"2022-06-24T18:10:43","slug":"tomo-13-semillas-libertarias-angela-barrera-cordonez","status":"publish","type":"product","link":"https:\/\/ppediciones.cl\/?product=tomo-13-semillas-libertarias-angela-barrera-cordonez","title":{"rendered":"TOMO 13 | Semillas libertarias &#8211; \u00c1ngela Barrera Cordonez"},"content":{"rendered":"<p><img loading=\"lazy\" decoding=\"async\" class=\"alignnone wp-image-449\" src=\"http:\/\/ppediciones.cl\/wp-content\/uploads\/2019\/02\/13.jpg\" alt=\"\" width=\"142\" height=\"250\" \/><\/p>\n<p>\u00c1ngela Paulina Barrera Cordonez, nace en Valpara\u00edso el a\u00f1o 1948 y en 1975 por motivos laborales, se radica en Rancagua. Casada, madre de dos hijos, abuela de dos nietos,\u00a0 Profesora de Estado\u00a0 y otros t\u00edtulos y grados que le permitieron trabajar 39 a\u00f1os en el Ministerio de Educaci\u00f3n, se pensiona en el a\u00f1o 2007.\u00a0 Aficionada a escribir desde los 12 a\u00f1os, poemas, relatos de viajes por ciudades de los 21 pa\u00edses que ha visitado, cuentos, comentarios de libros, art\u00edculos en revistas y diarios. A la\u00a0 fecha ha publicado\u00a0 19 libros y\u00a0 participado\u00a0 en antolog\u00edas nacionales e internacionales. Pertenece la Sociedad de Escritores de Chile, Letras de Chile, Poetas del Mundo, Escritoras del Valle del Cachapoal,\u00a0 Por siempre Parr\u00f3n y otras. Hace diez a\u00f1os publica en\u00a0 fotolog:<\/p>\n<p>http:\/\/www.fotolog.com\/cosas_de_brisa y en Facebook.<\/p>\n<p><span style=\"color: #ed1c24;\"><strong>(extracto)<\/strong><\/span><\/p>\n<p><strong>BUSCANDO LA FELICIDAD<\/strong><\/p>\n<p>&nbsp;<\/p>\n<p>Buscando la felicidad<\/p>\n<p>he atravesado oc\u00e9anos y mares,<\/p>\n<p>deambulado por las calles de Par\u00eds,<\/p>\n<p>subido al inexpugnable Machu Pichu,<\/p>\n<p>embelesado con una serenata en Plaza Garibaldi,<\/p>\n<p>rumbeado una noche en chivita,<\/p>\n<p>transportado al pasado en Colonia de Sacramento,<\/p>\n<p>empapado en las Cataratas de Foz de Iguaz\u00fa,<\/p>\n<p>bailado un tango en Feria de San Telmo,<\/p>\n<p>confundido entre los ensayos de una Escuela de Samba,<\/p>\n<p>enlatado en un funicular de Copacabana,<\/p>\n<p>navegado frente a los cerros de Valpara\u00edso,<\/p>\n<p>caminado entre lobos marinos en Mar del Plata,<\/p>\n<p>desafiado las alturas en la c\u00fapula del Vaticano,<\/p>\n<p>perdido en los Castillos de Sintra,<\/p>\n<p>amanecido en las ruinas de la antig\u00fcedad romana,<\/p>\n<p>compartido con las cigue\u00f1itas de Alcal\u00e1 de Henares,<\/p>\n<p>disfrutado de un partido en el Estadio de Boca,<\/p>\n<p>apunado en el Valle de la Luna,<\/p>\n<p>soportado un temporal grado 8 en el Golfo de Penas,<\/p>\n<p>jugado con bolos de nieve en la Cordillera de los Andes,<\/p>\n<p>bailado merengue en Punta Cana,<\/p>\n<p>participado junto a gitanos<\/p>\n<p>en la Cueva de la Roc\u00edo de Albeic\u00edn,<\/p>\n<p>mirado como pasa la existencia en la Plaza de Rancagua.<\/p>\n<p>&nbsp;<\/p>\n<p>Buscando la felicidad,<\/p>\n<p>he tostado mi cuerpo bajo el sol del Caribe,<\/p>\n<p>disfrutado de noches entre manglares y palmas,<\/p>\n<p>viajado de norte a sur y de este a oeste por mi pa\u00eds,<\/p>\n<p>disfrutando del mar, monta\u00f1as, valles y de sus gentes,<\/p>\n<p>compartido con moros y cristianos,<\/p>\n<p>prendido y apagado la televisi\u00f3n,<\/p>\n<p>incursionado horas y horas en Internet,<\/p>\n<p>inspirado a los sones de la m\u00fasica cl\u00e1sica,<\/p>\n<p>preparado y compartido un rico plato,<\/p>\n<p>alternado con mis seres m\u00e1s queridos,<\/p>\n<p>contado mis cuitas y secretas quimeras.<\/p>\n<p>&nbsp;<\/p>\n<p>Buscando la felicidad,<\/p>\n<p>creo que llegar\u00e9 al d\u00eda del Juicio Final.<\/p>\n","protected":false},"excerpt":{"rendered":"<p><span style=\"font-size: 85%;\">Fecha publicaci\u00f3n: Septiembre 2015<\/span><\/p>\n<p><span style=\"font-size: 85%;\">ISBN: 978-956-358-805-7<\/span><\/p>\n<p><span style=\"font-size: 85%;\">P\u00e1ginas: 106<\/span><\/p>\n<p><span style=\"font-size: 85%;\">Formato: 13.5 x 21.5 cms.<\/span><\/p>\n","protected":false},"featured_media":450,"comment_status":"open","ping_status":"closed","template":"","meta":[],"product_brand":[],"product_cat":[71],"product_tag":[],"class_list":{"0":"post-448","1":"product","2":"type-product","3":"status-publish","4":"has-post-thumbnail","6":"product_cat-coleccion-literatura-regional-2","8":"first","9":"instock","10":"taxable","11":"shipping-taxable","12":"purchasable","13":"product-type-simple"},"_links":{"self":[{"href":"https:\/\/ppediciones.cl\/index.php?rest_route=\/wp\/v2\/product\/448","targetHints":{"allow":["GET"]}}],"collection":[{"href":"https:\/\/ppediciones.cl\/index.php?rest_route=\/wp\/v2\/product"}],"about":[{"href":"https:\/\/ppediciones.cl\/index.php?rest_route=\/wp\/v2\/types\/product"}],"replies":[{"embeddable":true,"href":"https:\/\/ppediciones.cl\/index.php?rest_route=%2Fwp%2Fv2%2Fcomments&post=448"}],"wp:featuredmedia":[{"embeddable":true,"href":"https:\/\/ppediciones.cl\/index.php?rest_route=\/wp\/v2\/media\/450"}],"wp:attachment":[{"href":"https:\/\/ppediciones.cl\/index.php?rest_route=%2Fwp%2Fv2%2Fmedia&parent=448"}],"wp:term":[{"taxonomy":"product_brand","embeddable":true,"href":"https:\/\/ppediciones.cl\/index.php?rest_route=%2Fwp%2Fv2%2Fproduct_brand&post=448"},{"taxonomy":"product_cat","embeddable":true,"href":"https:\/\/ppediciones.cl\/index.php?rest_route=%2Fwp%2Fv2%2Fproduct_cat&post=448"},{"taxonomy":"product_tag","embeddable":true,"href":"https:\/\/ppediciones.cl\/index.php?rest_route=%2Fwp%2Fv2%2Fproduct_tag&post=448"}],"curies":[{"name":"wp","href":"https:\/\/api.w.org\/{rel}","templated":true}]}}