{"id":451,"date":"2019-02-11T14:42:03","date_gmt":"2019-02-11T14:42:03","guid":{"rendered":"http:\/\/ppediciones.cl\/?post_type=product&#038;p=451"},"modified":"2022-06-24T18:10:28","modified_gmt":"2022-06-24T18:10:28","slug":"tomo-14-la-ira-del-hablante-oscar-ulloa-arevalo","status":"publish","type":"product","link":"https:\/\/ppediciones.cl\/?product=tomo-14-la-ira-del-hablante-oscar-ulloa-arevalo","title":{"rendered":"TOMO 14 | La Ira del Hablante &#8211; Oscar Ulloa Ar\u00e9valo"},"content":{"rendered":"<p><img loading=\"lazy\" decoding=\"async\" class=\"alignnone wp-image-452\" src=\"http:\/\/ppediciones.cl\/wp-content\/uploads\/2019\/02\/14-254x400.jpg\" alt=\"\" width=\"163\" height=\"257\" srcset=\"https:\/\/ppediciones.cl\/wp-content\/uploads\/2019\/02\/14-254x400.jpg 254w, https:\/\/ppediciones.cl\/wp-content\/uploads\/2019\/02\/14.jpg 406w\" sizes=\"auto, (max-width: 163px) 100vw, 163px\" \/><\/p>\n<p>Periodista, educador social, docente universitario y poeta, ha publicado anteriormente \u201cPoemas Privados\u201d (2001), \u201cHierofan\u00edas\u201d (2007), \u201cPoes\u00eda Abisal y Frutos M\u00edsticos\u201d (2013) y en la Antolog\u00eda \u201cAutores de la Regi\u00f3n de O\u00b4higgins III\u201d (2014).<\/p>\n<p>La Ira del Hablante explora la oscuridad, de manera intermitente entre lo delirante y la sabidur\u00eda, buscando el equilibrio cu\u00e1ntico de una realidad en constante colapso. El poeta, el hablante, abusa de sus posibilidades de opinar-hablar, como quien se precipita a la censura. Voz extra\u00f1a y sorpresiva, esta poes\u00eda se levanta como un proyecto de atentado desde lo ef\u00edmero. Un registro, una huella.<\/p>\n<p><span style=\"color: #ed1c24;\"><strong>(extracto)<\/strong><\/span><\/p>\n<p><strong>NI HARRY,\u00a0 NI ESTEBAN<\/strong><\/p>\n<p>&nbsp;<\/p>\n<p>te lo digo diplom\u00e1ticamente<\/p>\n<p>eres como los escol\u00e1sticos medievales<\/p>\n<p>que insist\u00edan en la posibilidad de un motor inm\u00f3vil<\/p>\n<p>forzando las palabras con tal<\/p>\n<p>de que la noble filosof\u00eda griega<\/p>\n<p>cimentase las aberraciones de la biblia<\/p>\n<p>&nbsp;<\/p>\n<p>te esfuerzas en parecer ingenioso<\/p>\n<p>como si el ingenio fuese<\/p>\n<p>el as bajo la manga<\/p>\n<p>para ser ante nosotros<\/p>\n<p>aquello que aparentas<\/p>\n<p>dulce truco de las apariencias<\/p>\n<p>pat\u00e9tico anhelo de verdad<\/p>\n<p>&nbsp;<\/p>\n<p>obsceno hijo<\/p>\n<p>del ojo d\u2019oro<\/p>\n<p>cuando logres ver<\/p>\n<p>tu confecci\u00f3n llena de ortopedias<\/p>\n<p>desear\u00e1s llamarte Harry o Esteban<\/p>\n<p>de todos modos<\/p>\n<p>la vida te reproduce en serie<\/p>\n<p>poblando de bufones cada ecosistema<\/p>\n<p>el ambiente es el que los modifica<\/p>\n<p><strong>\u00a0<\/strong><\/p>\n<p><strong>\u00a0<\/strong><\/p>\n<p><strong>\u00a0<\/strong><\/p>\n<p><strong>RESISTIR ES REBELARSE<\/strong><\/p>\n<p>&nbsp;<\/p>\n<p>esa ansiedad ambiental<\/p>\n<p>propia de las pel\u00edculas de Fassbinder<\/p>\n<p>donde el alma de los personajes<\/p>\n<p>es lentamente descuartizada<\/p>\n<p>por la mano invisible del guionista<\/p>\n<p>un dios siniestro que experimenta<\/p>\n<p>con la frialdad de un cient\u00edfico<\/p>\n<p>la resistencia argumentativa:<\/p>\n<p>el duelo entre el coraje y el amor a la verdad<\/p>\n<p>cada uno de nosotros<\/p>\n<p>es (desde la mirada del pathos)<\/p>\n<p>el h\u00e9roe tr\u00e1gico<\/p>\n<p>de una historia escrita<\/p>\n<p>con la escritura de los cardos<\/p>\n<p>resistir es rebelarse<\/p>\n<p>&nbsp;<\/p>\n","protected":false},"excerpt":{"rendered":"<p><span style=\"font-size: 85%;\">Fecha publicaci\u00f3n: Octubre 2015<\/span><\/p>\n<p><span style=\"font-size: 85%;\">ISBN: 978-956-362-023-8<\/span><\/p>\n<p><span style=\"font-size: 85%;\">P\u00e1ginas: 78<\/span><\/p>\n<p><span style=\"font-size: 85%;\">Formato: 13.5 x 21.5 cms.<\/span><\/p>\n","protected":false},"featured_media":453,"comment_status":"open","ping_status":"closed","template":"","meta":[],"product_brand":[],"product_cat":[71],"product_tag":[],"class_list":{"0":"post-451","1":"product","2":"type-product","3":"status-publish","4":"has-post-thumbnail","6":"product_cat-coleccion-literatura-regional-2","8":"first","9":"outofstock","10":"taxable","11":"shipping-taxable","12":"purchasable","13":"product-type-simple"},"_links":{"self":[{"href":"https:\/\/ppediciones.cl\/index.php?rest_route=\/wp\/v2\/product\/451","targetHints":{"allow":["GET"]}}],"collection":[{"href":"https:\/\/ppediciones.cl\/index.php?rest_route=\/wp\/v2\/product"}],"about":[{"href":"https:\/\/ppediciones.cl\/index.php?rest_route=\/wp\/v2\/types\/product"}],"replies":[{"embeddable":true,"href":"https:\/\/ppediciones.cl\/index.php?rest_route=%2Fwp%2Fv2%2Fcomments&post=451"}],"wp:featuredmedia":[{"embeddable":true,"href":"https:\/\/ppediciones.cl\/index.php?rest_route=\/wp\/v2\/media\/453"}],"wp:attachment":[{"href":"https:\/\/ppediciones.cl\/index.php?rest_route=%2Fwp%2Fv2%2Fmedia&parent=451"}],"wp:term":[{"taxonomy":"product_brand","embeddable":true,"href":"https:\/\/ppediciones.cl\/index.php?rest_route=%2Fwp%2Fv2%2Fproduct_brand&post=451"},{"taxonomy":"product_cat","embeddable":true,"href":"https:\/\/ppediciones.cl\/index.php?rest_route=%2Fwp%2Fv2%2Fproduct_cat&post=451"},{"taxonomy":"product_tag","embeddable":true,"href":"https:\/\/ppediciones.cl\/index.php?rest_route=%2Fwp%2Fv2%2Fproduct_tag&post=451"}],"curies":[{"name":"wp","href":"https:\/\/api.w.org\/{rel}","templated":true}]}}