{"id":454,"date":"2019-02-11T14:43:51","date_gmt":"2019-02-11T14:43:51","guid":{"rendered":"http:\/\/ppediciones.cl\/?post_type=product&#038;p=454"},"modified":"2022-06-24T18:10:00","modified_gmt":"2022-06-24T18:10:00","slug":"tomo-15-el-dialectico-itinerario-del-ser-hernan-moran-vasquez","status":"publish","type":"product","link":"https:\/\/ppediciones.cl\/?product=tomo-15-el-dialectico-itinerario-del-ser-hernan-moran-vasquez","title":{"rendered":"TOMO 15 | El dial\u00e9ctico itinerario del ser &#8211; Hern\u00e1n Mor\u00e1n V\u00e1squez"},"content":{"rendered":"<p><img loading=\"lazy\" decoding=\"async\" class=\"alignnone wp-image-455\" src=\"http:\/\/ppediciones.cl\/wp-content\/uploads\/2019\/02\/15-242x400.jpg\" alt=\"\" width=\"161\" height=\"265\" srcset=\"https:\/\/ppediciones.cl\/wp-content\/uploads\/2019\/02\/15-242x400.jpg 242w, https:\/\/ppediciones.cl\/wp-content\/uploads\/2019\/02\/15-768x1271.jpg 768w, https:\/\/ppediciones.cl\/wp-content\/uploads\/2019\/02\/15.jpg 928w\" sizes=\"auto, (max-width: 161px) 100vw, 161px\" \/><\/p>\n<p>Hern\u00e1n Mor\u00e1n V\u00e1squez, profesor, escritor y m\u00fasico, ha participado en una serie de proyectos musicales y literarios. Algunas de sus publicaciones son: \u201cEl mar en una gota\u201d (poes\u00eda, 2004), \u201cMiedos urbanos\u201d (narrativa, 2007) y \u201cA, textos sobre la otredad primigenia\u201d (poes\u00eda, 2008). Del agua emergemos y aparecemos en un mundo que nos ve brotar y crecer en medio de luminosos senderos de incierto destino. Cuando entramos al \u00e1rbol, tenemos la posibilidad de comprender la compleja red de interconexiones que nos unen y nos diferencian. Cuando nos volvemos hacia la piedra, nuestras acciones parecen satisfacerse en la quietud de los acuerdos que como fotograf\u00edas, nos recuerdan parte de esa vida que comenzamos a dejar atr\u00e1s. El dial\u00e9ctico itinerario del ser, completa su recorrido por medio de la\u00a0 liviandad propia del aire en el que nos convertimos y nos preparamos para condensarnos nuevamente, en una gota patrimonial que invernaria se encargar\u00e1 de proyectar, en cada explosivo acto de vida en primaveraria.<\/p>\n<p><strong><span style=\"color: #ed1c24;\">(extracto)<\/span><\/strong><\/p>\n<p><strong>CON EL FR\u00cdO NUESTROS HUESOS HABLAN<\/strong><\/p>\n<p>&nbsp;<\/p>\n<p>Los huesos hablan m\u00e1s en invernaria que en otra estaci\u00f3n. Suelen quejarse como se queja el tronco cuando sucumbe en medio del bosque o como se quiebra la piedra cuando rueda por la quebrada.<\/p>\n<p>Los textos m\u00e1s antiguos permanecen impl\u00edcitos en los huesos; bajo tierra, fosilizados, pacientes y cr\u00edpticos. Saben esperar como esperan los libros a sus lectores y saben sobrevivir a la falta de carne y sangre.<\/p>\n<p>Tal vez sean el \u00fanico trozo de nuestros cuerpos capaces de fundirse con la materia c\u00f3smica elemental con la que se lograr\u00e1 reinventar un nuevo mundo. Por eso es que con el fr\u00edo crujen, como si sintieran el llamado universal de una flauta perforada que resuena por los g\u00e9lidos parajes del tiempo espacio que a\u00fan no detiene su expansi\u00f3n, y requiere que todos sus hijos est\u00e9n preparados, para fundar un nuevo estado de las cosas.<\/p>\n<p>O\u00edr a los huesos es percibir una locuci\u00f3n cuya proposici\u00f3n no logramos comprender de manera pr\u00edstina. Sabemos que viene desde una parte de nosotros, sabemos que gracias a ellos no nos evaporaremos como se evapora la sangre cuando deserta de nuestros cuerpos y sabemos que gracias a ellos no seremos devorados en plenitud por el tiempo carro\u00f1ero.<\/p>\n<p>Lo que no sabemos, es en qu\u00e9 se convertir\u00e1n cuando<\/p>\n<p>ya no sean parte de nosotros, qu\u00e9 dicen cuando dicen y por qu\u00e9 extra\u00f1a afici\u00f3n arqueol\u00f3gica, se niegan a desaparecer cuando perecemos.<\/p>\n","protected":false},"excerpt":{"rendered":"<p><span style=\"font-size: 85%;\">Fecha publicaci\u00f3n: Noviembre 2015<\/span><\/p>\n<p><span style=\"font-size: 85%;\">ISBN: 978-956-362-022-1<\/span><\/p>\n<p><span style=\"font-size: 85%;\">P\u00e1ginas: 94<\/span><\/p>\n<p><span style=\"font-size: 85%;\">Formato: 13.5 x 21.5 cms.<\/span><\/p>\n","protected":false},"featured_media":456,"comment_status":"open","ping_status":"closed","template":"","meta":[],"product_brand":[],"product_cat":[71],"product_tag":[],"class_list":{"0":"post-454","1":"product","2":"type-product","3":"status-publish","4":"has-post-thumbnail","6":"product_cat-coleccion-literatura-regional-2","8":"first","9":"instock","10":"taxable","11":"shipping-taxable","12":"purchasable","13":"product-type-simple"},"_links":{"self":[{"href":"https:\/\/ppediciones.cl\/index.php?rest_route=\/wp\/v2\/product\/454","targetHints":{"allow":["GET"]}}],"collection":[{"href":"https:\/\/ppediciones.cl\/index.php?rest_route=\/wp\/v2\/product"}],"about":[{"href":"https:\/\/ppediciones.cl\/index.php?rest_route=\/wp\/v2\/types\/product"}],"replies":[{"embeddable":true,"href":"https:\/\/ppediciones.cl\/index.php?rest_route=%2Fwp%2Fv2%2Fcomments&post=454"}],"wp:featuredmedia":[{"embeddable":true,"href":"https:\/\/ppediciones.cl\/index.php?rest_route=\/wp\/v2\/media\/456"}],"wp:attachment":[{"href":"https:\/\/ppediciones.cl\/index.php?rest_route=%2Fwp%2Fv2%2Fmedia&parent=454"}],"wp:term":[{"taxonomy":"product_brand","embeddable":true,"href":"https:\/\/ppediciones.cl\/index.php?rest_route=%2Fwp%2Fv2%2Fproduct_brand&post=454"},{"taxonomy":"product_cat","embeddable":true,"href":"https:\/\/ppediciones.cl\/index.php?rest_route=%2Fwp%2Fv2%2Fproduct_cat&post=454"},{"taxonomy":"product_tag","embeddable":true,"href":"https:\/\/ppediciones.cl\/index.php?rest_route=%2Fwp%2Fv2%2Fproduct_tag&post=454"}],"curies":[{"name":"wp","href":"https:\/\/api.w.org\/{rel}","templated":true}]}}