{"id":478,"date":"2019-02-11T15:33:16","date_gmt":"2019-02-11T15:33:16","guid":{"rendered":"http:\/\/ppediciones.cl\/?post_type=product&#038;p=478"},"modified":"2022-06-24T18:06:54","modified_gmt":"2022-06-24T18:06:54","slug":"tomo-23-decimando-por-la-vida-isel-bolanos","status":"publish","type":"product","link":"https:\/\/ppediciones.cl\/?product=tomo-23-decimando-por-la-vida-isel-bolanos","title":{"rendered":"TOMO 23 | Decimando por la vida &#8211; Isel Bola\u00f1os"},"content":{"rendered":"<p><img loading=\"lazy\" decoding=\"async\" class=\"alignnone size-full wp-image-479\" src=\"http:\/\/ppediciones.cl\/wp-content\/uploads\/2019\/02\/23.jpg\" alt=\"\" width=\"171\" height=\"273\" \/><\/p>\n<p>Isel Bola\u00f1os, desde ni\u00f1a manifiesta amor por la Poes\u00eda Popular gracias a su abuelo que cultivaba las tradiciones y folclor de nuestra tierra. Alumna de Lily Bahamondes Brickles, tambi\u00e9n Poeta Popular, de qui\u00e9n aprendi\u00f3 la D\u00e9cima Espinela. Ha estudiado y aprendido de la vida de Violeta Parra, da Charlas en Colegios sobre su vida y presenta su Decimario presentado en septiembre del a\u00f1o 2012 \u201cDe la Mano de Violeta\u201d.<\/p>\n<p>Decimando por la Vida, es un poco de todo su camino recorrido, marcado por la admiraci\u00f3n hacia el hombre de nuestro campo. So\u00f1adora del coraz\u00f3n Huaso que identifica nuestra tierra, el gal\u00e1n, el Se\u00f1or, el Campe\u00f3n y el Ladino, dan origen a su Poes\u00eda Popular. El homenaje a Violeta Parra y su amor a la Cultura Mapuche forman el abanico de Poes\u00eda de una Poeta Popular Rancag\u00fcina.<\/p>\n<p><span style=\"color: #ed1c24;\"><strong>(extracto)<\/strong><\/span><\/p>\n<p><strong>\u00a1AMO LOS OJOS DE ESE HOMBRE!<\/strong><\/p>\n<p><strong>\u00a0<\/strong><\/p>\n<p><strong>De tus ojos yo recuerdo<\/strong><\/p>\n<p><strong>la ternura que emanaban<\/strong><\/p>\n<p><strong>cuando cruzamos miradas<\/strong><\/p>\n<p><strong>los corazones hablaban.\u00a0\u00a0\u00a0\u00a0 <\/strong><\/p>\n<p><strong>\u00a0<\/strong><\/p>\n<p>Se me apareci\u00f3 tu nombre<\/p>\n<p>que ya sent\u00eda perdido<\/p>\n<p>enterrado en el olvido<\/p>\n<p>no se extra\u00f1e ni se asombre<\/p>\n<p>pero as\u00ed me marc\u00f3 ese hombre<\/p>\n<p>con esa mirada pierdo<\/p>\n<p>hasta el habla no concuerdo<\/p>\n<p>busco calma caminando<\/p>\n<p>siempre me ha pasado cuando<\/p>\n<p><strong>de tus\u00a0 ojos yo recuerdo.<\/strong><\/p>\n<p>&nbsp;<\/p>\n<p>Me suavizaban el alma<\/p>\n<p>y sent\u00ed que era el destino<\/p>\n<p>que como copa de vino<\/p>\n<p>embriagaba y daba calma<\/p>\n<p>y mi vida se desarma<\/p>\n<p>tus ojos me iluminaban<\/p>\n<p>de esa forma me atrapaban<\/p>\n<p>a su m\u00e1s incauta presa<\/p>\n<p>pues la volv\u00eda princesa<\/p>\n<p><strong>la ternura que emanaban.<\/strong><\/p>\n<p><strong>\u00a0<\/strong><\/p>\n<p>So\u00f1ando d\u00eda tras d\u00eda<\/p>\n<p>con ese encuentro divino<\/p>\n<p>ya sell\u00e1ndome el destino<\/p>\n<p>mi coraz\u00f3n te quer\u00eda<\/p>\n<p>sin hacer alegor\u00eda<\/p>\n<p>las sendas fueron guiadas<\/p>\n<p>por la magia de las hadas<\/p>\n<p>disfrut\u00f3 mi coraz\u00f3n<\/p>\n<p>al nacer una ilusi\u00f3n<\/p>\n<p><strong>cuando cruzamos miradas.<\/strong><\/p>\n<p><strong>\u00a0<\/strong><\/p>\n<p>La suerte ya estaba echada<\/p>\n<p>todo mi amor era tuyo<\/p>\n<p>por temor o por orgullo<\/p>\n<p>no me dije enamorada<\/p>\n<p>al calor de tu mirada<\/p>\n<p>los encuentros delataban<\/p>\n<p>las promesas que entregaban<\/p>\n<p>los ojos que he amado tanto<\/p>\n<p>me di cuenta solo cuando<\/p>\n<p><strong>los corazones hablaban.<\/strong><\/p>\n<p><strong>\u00a0<\/strong><\/p>\n<p><strong>Despedida:<\/strong><\/p>\n<p><strong>\u00a0<\/strong><\/p>\n<p>Debo confesar que llevo<\/p>\n<p>muy guardadas la miradas<\/p>\n<p>por tus ojos atrapada<\/p>\n<p>por la ternura me atrevo<\/p>\n<p>a recordar que no debo<\/p>\n<p>otra vez decir tu nombre<\/p>\n<p>para que nadie se asombre<\/p>\n<p>si todav\u00eda es presente<\/p>\n<p>la raz\u00f3n as\u00ed lo siente<\/p>\n<p><strong>\u00a1Amo los ojos de ese hombre!<\/strong><\/p>\n","protected":false},"excerpt":{"rendered":"<p><span style=\"font-size: 85%;\">Fecha publicaci\u00f3n: Julio 2016<\/span><\/p>\n<p><span style=\"font-size: 85%;\">ISBN: 978-956-362-738-1<\/span><\/p>\n<p><span style=\"font-size: 85%;\">P\u00e1ginas: 104<\/span><\/p>\n<p><span style=\"font-size: 85%;\">Formato: 13.5 x 21.5 cms.<\/span><\/p>\n","protected":false},"featured_media":480,"comment_status":"open","ping_status":"closed","template":"","meta":[],"product_brand":[],"product_cat":[71],"product_tag":[],"class_list":{"0":"post-478","1":"product","2":"type-product","3":"status-publish","4":"has-post-thumbnail","6":"product_cat-coleccion-literatura-regional-2","8":"first","9":"instock","10":"taxable","11":"shipping-taxable","12":"purchasable","13":"product-type-simple"},"_links":{"self":[{"href":"https:\/\/ppediciones.cl\/index.php?rest_route=\/wp\/v2\/product\/478","targetHints":{"allow":["GET"]}}],"collection":[{"href":"https:\/\/ppediciones.cl\/index.php?rest_route=\/wp\/v2\/product"}],"about":[{"href":"https:\/\/ppediciones.cl\/index.php?rest_route=\/wp\/v2\/types\/product"}],"replies":[{"embeddable":true,"href":"https:\/\/ppediciones.cl\/index.php?rest_route=%2Fwp%2Fv2%2Fcomments&post=478"}],"wp:featuredmedia":[{"embeddable":true,"href":"https:\/\/ppediciones.cl\/index.php?rest_route=\/wp\/v2\/media\/480"}],"wp:attachment":[{"href":"https:\/\/ppediciones.cl\/index.php?rest_route=%2Fwp%2Fv2%2Fmedia&parent=478"}],"wp:term":[{"taxonomy":"product_brand","embeddable":true,"href":"https:\/\/ppediciones.cl\/index.php?rest_route=%2Fwp%2Fv2%2Fproduct_brand&post=478"},{"taxonomy":"product_cat","embeddable":true,"href":"https:\/\/ppediciones.cl\/index.php?rest_route=%2Fwp%2Fv2%2Fproduct_cat&post=478"},{"taxonomy":"product_tag","embeddable":true,"href":"https:\/\/ppediciones.cl\/index.php?rest_route=%2Fwp%2Fv2%2Fproduct_tag&post=478"}],"curies":[{"name":"wp","href":"https:\/\/api.w.org\/{rel}","templated":true}]}}