{"id":491,"date":"2019-02-11T15:40:43","date_gmt":"2019-02-11T15:40:43","guid":{"rendered":"http:\/\/ppediciones.cl\/?post_type=product&#038;p=491"},"modified":"2022-06-24T18:05:43","modified_gmt":"2022-06-24T18:05:43","slug":"tomo-27-camino-madriguera-angelica-gonzalez-guerrero","status":"publish","type":"product","link":"https:\/\/ppediciones.cl\/?product=tomo-27-camino-madriguera-angelica-gonzalez-guerrero","title":{"rendered":"TOMO 27 | Camino Madriguera  &#8211; Ang\u00e9lica Gonz\u00e1lez Guerrero"},"content":{"rendered":"<p><img loading=\"lazy\" decoding=\"async\" class=\"alignnone wp-image-492\" src=\"http:\/\/ppediciones.cl\/wp-content\/uploads\/2019\/02\/27-275x400.jpg\" alt=\"\" width=\"190\" height=\"276\" srcset=\"https:\/\/ppediciones.cl\/wp-content\/uploads\/2019\/02\/27-275x400.jpg 275w, https:\/\/ppediciones.cl\/wp-content\/uploads\/2019\/02\/27.jpg 441w\" sizes=\"auto, (max-width: 190px) 100vw, 190px\" \/><\/p>\n<p>Ang\u00e9lica Alejandra Gonz\u00e1lez Guerrero, siente la poes\u00eda como una vocaci\u00f3n, un estado de vida, buscando siempre en todos los \u00e1mbitos de las cosas que nos rodean a la bendita POES\u00cdA.<br \/>\nHa publicado cuatro poemarios; Imaginaciones P\u00fablicas, Departamento 202, Transe\u00fante y Poemitas con az\u00facar (Poemario infantil).<\/p>\n<p>Desde los 14 a\u00f1os supo que la poes\u00eda ser\u00eda su forma de sobrevivir y de existir dentro de una sociedad y fuera de ella, se ha revelado ante muchos por su vocaci\u00f3n po\u00e9tica sin importar l\u00edmites. Tambi\u00e9n cuenta con interesantes intervenciones en antolog\u00edas literarias y exposiciones experimentales de poes\u00eda.<\/p>\n<p><span style=\"color: #ff0000;\"><strong>(extracto)<\/strong><\/span><\/p>\n<p><strong>CAMINO MADRIGUERA<\/strong><\/p>\n<p>&nbsp;<\/p>\n<p>Los caminos se han unido como dos l\u00edneas del viento<\/p>\n<p>En ese cuarto donde convergen las risas de p\u00e1jaros.<\/p>\n<p>Hemos sido libres alas,<\/p>\n<p>Hemos sido roedores sin madrigueras.<\/p>\n<p>Hemos sido, nada m\u00e1s que eso.<\/p>\n<p>Y ese es el sentido de la nada.<\/p>\n<p>El espesor de tus ojos<\/p>\n<p>sigue cavando las paredes de la tierra<\/p>\n<p>que se quejaba como camino en flor<\/p>\n<p>despu\u00e9s del beso de los queltehues<\/p>\n<p>que amanecen entre agujeros.<\/p>\n<p>Caminos madrigueras llenos de saliva,<\/p>\n<p>Llenos de oscuridad que nos gu\u00edan<\/p>\n<p>hacia el abismo de los gusanos.<\/p>\n<p>Sentido de la nada perforado por la locura<\/p>\n<p>de perdernos como roedores<\/p>\n<p>en las cavidades de la profundidad<\/p>\n<p>m\u00e1s siniestra de la realidad donde duele la lejan\u00eda,<\/p>\n<p>Donde duele el camino que se pierde<\/p>\n<p>en la oscuridad de nuestras madrigueras,<\/p>\n<p>Sombras ro\u00eddas por la magia de las bestias,<\/p>\n<p>Silencios estrechos que cargan<\/p>\n<p>con las l\u00edneas del tiempo,<\/p>\n<p>Y se inflaman las venas de roedor<\/p>\n<p>que sostiene mi sangre.<\/p>\n<p>&nbsp;<\/p>\n<p>Es ella la que alza sus alas rosas<\/p>\n<p>al viejo patio del hospital<\/p>\n<p>donde se experiment\u00f3 con mi negrura de sue\u00f1o,<\/p>\n<p>Sombras y sombras que vuelan al prado seco<\/p>\n<p>de las cordilleras,<\/p>\n<p>Y somos vuelos rayados que refunfu\u00f1an<\/p>\n<p>contra el sentido<\/p>\n<p>de vivir en este mundo de intentos<\/p>\n<p>que hierven en el sexo animal,<\/p>\n<p>Y es esa hembra la que sigue insistiendo<\/p>\n<p>con la erecci\u00f3n de las madrigueras<\/p>\n<p>donde somos un s\u00f3lo pedazo<\/p>\n<p>de carne podrida y hedionda.<\/p>\n<p>Caminos madrigueras de cuerpos anidados de gusanos<\/p>\n<p>vueltos al rev\u00e9s de la geograf\u00eda<\/p>\n<p>que chorrea y chorrea leche<\/p>\n<p>hasta amamantar a esas ratas que en el alma penan.<\/p>\n","protected":false},"excerpt":{"rendered":"<p><span style=\"font-size: 85%;\">Fecha publicaci\u00f3n: Noviembre 2016<\/span><\/p>\n<p><span style=\"font-size: 85%;\">ISBN: 978-956-368-061-4<\/span><\/p>\n<p><span style=\"font-size: 85%;\">P\u00e1ginas: 102<\/span><\/p>\n<p><span style=\"font-size: 85%;\">Formato: 13.5 x 21.5 cms.<\/span><\/p>\n<p>&nbsp;<\/p>\n","protected":false},"featured_media":493,"comment_status":"open","ping_status":"closed","template":"","meta":[],"product_brand":[],"product_cat":[71],"product_tag":[],"class_list":{"0":"post-491","1":"product","2":"type-product","3":"status-publish","4":"has-post-thumbnail","6":"product_cat-coleccion-literatura-regional-2","8":"first","9":"instock","10":"taxable","11":"shipping-taxable","12":"purchasable","13":"product-type-simple"},"_links":{"self":[{"href":"https:\/\/ppediciones.cl\/index.php?rest_route=\/wp\/v2\/product\/491","targetHints":{"allow":["GET"]}}],"collection":[{"href":"https:\/\/ppediciones.cl\/index.php?rest_route=\/wp\/v2\/product"}],"about":[{"href":"https:\/\/ppediciones.cl\/index.php?rest_route=\/wp\/v2\/types\/product"}],"replies":[{"embeddable":true,"href":"https:\/\/ppediciones.cl\/index.php?rest_route=%2Fwp%2Fv2%2Fcomments&post=491"}],"wp:featuredmedia":[{"embeddable":true,"href":"https:\/\/ppediciones.cl\/index.php?rest_route=\/wp\/v2\/media\/493"}],"wp:attachment":[{"href":"https:\/\/ppediciones.cl\/index.php?rest_route=%2Fwp%2Fv2%2Fmedia&parent=491"}],"wp:term":[{"taxonomy":"product_brand","embeddable":true,"href":"https:\/\/ppediciones.cl\/index.php?rest_route=%2Fwp%2Fv2%2Fproduct_brand&post=491"},{"taxonomy":"product_cat","embeddable":true,"href":"https:\/\/ppediciones.cl\/index.php?rest_route=%2Fwp%2Fv2%2Fproduct_cat&post=491"},{"taxonomy":"product_tag","embeddable":true,"href":"https:\/\/ppediciones.cl\/index.php?rest_route=%2Fwp%2Fv2%2Fproduct_tag&post=491"}],"curies":[{"name":"wp","href":"https:\/\/api.w.org\/{rel}","templated":true}]}}