{"id":494,"date":"2019-02-11T15:42:18","date_gmt":"2019-02-11T15:42:18","guid":{"rendered":"http:\/\/ppediciones.cl\/?post_type=product&#038;p=494"},"modified":"2022-06-24T18:05:24","modified_gmt":"2022-06-24T18:05:24","slug":"tomo-28-existenciales-margarita-bustos-castillo","status":"publish","type":"product","link":"https:\/\/ppediciones.cl\/?product=tomo-28-existenciales-margarita-bustos-castillo","title":{"rendered":"TOMO 28 | Existencial(es) &#8211; Margarita Bustos Castillo"},"content":{"rendered":"<p><img loading=\"lazy\" decoding=\"async\" class=\"alignnone wp-image-495\" src=\"http:\/\/ppediciones.cl\/wp-content\/uploads\/2019\/02\/28-270x400.jpg\" alt=\"\" width=\"186\" height=\"276\" srcset=\"https:\/\/ppediciones.cl\/wp-content\/uploads\/2019\/02\/28-270x400.jpg 270w, https:\/\/ppediciones.cl\/wp-content\/uploads\/2019\/02\/28.jpg 271w\" sizes=\"auto, (max-width: 186px) 100vw, 186px\" \/><\/p>\n<p>Margarita Bustos Castillo, Profesora de Castellano y Comunicaci\u00f3n de la PUCV, Mag\u00edster \u00a9 en G\u00e9nero y Estudios Culturales de la Universidad de Chile. Algunos de sus poemas y art\u00edculos de cr\u00edtica\u00a0literaria\u00a0han sido publicados en las Revistas: \u201cLa Mancha\u201d, \u201cCinosargo\u201d y \u201cLetras.s5\u201d. Ha publicado \u201cMaldigo el para\u00edso de tu abandono\u201d (Editorial Puerto Alegre, Valpara\u00edso 2011), \u201cEros en la Lengua\u201d (Punto de Luz ediciones, Rancagua 2015) y en la antolog\u00eda Autores de la\u00a0regi\u00f3n\u00a0de O\u00b4Higgins, tomo III (Primeros Pasos Ediciones, Rancagua 2013).<br \/>\nExistencial(es) ofrece al lector la posibilidad de descender al ser en la triada con el tiempo y la conciencia del s\u00ed mismo(a), a dialogar con la realidad nacional y las problem\u00e1ticas sociales que nos abofetean diariamente. Explorando a su vez el dolor individual y social.<\/p>\n<p><span style=\"color: #ff0000;\"><strong>(extracto)<\/strong><\/span><\/p>\n<p><strong>ANOCHE SO\u00d1\u00c9 UN POEMA<\/strong><\/p>\n<p><strong>\u00a0<\/strong><\/p>\n<p>Precipitado de rencores y cansancios<\/p>\n<p>sumerg\u00ed la noche<\/p>\n<p>dej\u00e9 las ilusiones bajo el agua<\/p>\n<p>las culpas flotando a deriva<\/p>\n<p>superficie incomprensible para la embriaguez on\u00edrica<\/p>\n<p>escapista a horizontales ilusiones<\/p>\n<p>mejor en vertical<\/p>\n<p>azul<\/p>\n<p>hacia los abisales.<\/p>\n<p>&nbsp;<\/p>\n<p>Anoche so\u00f1\u00e9 un poema<\/p>\n<p>sin palabras<\/p>\n<p>insoluble,<\/p>\n<p>intransferible<\/p>\n<p>ilimitado<\/p>\n<p>imposible<\/p>\n<p>enfermo<\/p>\n<p>&nbsp;<\/p>\n<p>Saladas im\u00e1genes<\/p>\n<p>en el vaiv\u00e9n del oleaje<\/p>\n<p>me devolvieron<\/p>\n<p>a superficie<\/p>\n<p>lo absurdo haciendo agua por todas partes<\/p>\n<p>so\u00f1ada por el poema<\/p>\n<p>so\u00f1\u00e1ndome<\/p>\n<p>y\u00a0\u00a0\u00a0\u00a0\u00a0\u00a0 otra vez \u00a0 \u00a0\u00a0\u00a0\u00a0a \u00a0\u00a0\u00a0\u00a0 oscuras.<\/p>\n<p><strong>\u00a0<\/strong><\/p>\n<p><strong>\u00a0<\/strong><\/p>\n<p><strong>EXISTENCIAL(ES)<\/strong><\/p>\n<p><strong>\u00a0<\/strong><\/p>\n<p>Quisiera que el silencio destilara su sombra<\/p>\n<p>la sombra abandonara callejero vaiv\u00e9n<\/p>\n<p>y el vaiv\u00e9n de esquina a esquina<\/p>\n<p>degustara noche hasta encontrar<\/p>\n<p>el silencio perfectible en su contexto.<\/p>\n<p>Gemebundo hablara a porf\u00eda<\/p>\n<p>gemebundo punzara la sombra<\/p>\n<p>y tras el vaso de agua doliente<\/p>\n<p>deje su rastro\u00a0 i n a s i b l e<\/p>\n<p>&nbsp;<\/p>\n<p>&nbsp;<\/p>\n","protected":false},"excerpt":{"rendered":"<p><span style=\"font-size: 85%;\">Fecha publicaci\u00f3n: Diciembre 2016<\/span><\/p>\n<p><span style=\"font-size: 85%;\">ISBN: 978-956-368-149-9<\/span><\/p>\n<p><span style=\"font-size: 85%;\">P\u00e1ginas: 72<\/span><\/p>\n<p><span style=\"font-size: 85%;\">Formato: 13.5 x 21.5 cms.<\/span><\/p>\n<p>&nbsp;<\/p>\n","protected":false},"featured_media":496,"comment_status":"open","ping_status":"closed","template":"","meta":[],"product_brand":[],"product_cat":[71],"product_tag":[],"class_list":{"0":"post-494","1":"product","2":"type-product","3":"status-publish","4":"has-post-thumbnail","6":"product_cat-coleccion-literatura-regional-2","8":"first","9":"instock","10":"taxable","11":"shipping-taxable","12":"purchasable","13":"product-type-simple"},"_links":{"self":[{"href":"https:\/\/ppediciones.cl\/index.php?rest_route=\/wp\/v2\/product\/494","targetHints":{"allow":["GET"]}}],"collection":[{"href":"https:\/\/ppediciones.cl\/index.php?rest_route=\/wp\/v2\/product"}],"about":[{"href":"https:\/\/ppediciones.cl\/index.php?rest_route=\/wp\/v2\/types\/product"}],"replies":[{"embeddable":true,"href":"https:\/\/ppediciones.cl\/index.php?rest_route=%2Fwp%2Fv2%2Fcomments&post=494"}],"wp:featuredmedia":[{"embeddable":true,"href":"https:\/\/ppediciones.cl\/index.php?rest_route=\/wp\/v2\/media\/496"}],"wp:attachment":[{"href":"https:\/\/ppediciones.cl\/index.php?rest_route=%2Fwp%2Fv2%2Fmedia&parent=494"}],"wp:term":[{"taxonomy":"product_brand","embeddable":true,"href":"https:\/\/ppediciones.cl\/index.php?rest_route=%2Fwp%2Fv2%2Fproduct_brand&post=494"},{"taxonomy":"product_cat","embeddable":true,"href":"https:\/\/ppediciones.cl\/index.php?rest_route=%2Fwp%2Fv2%2Fproduct_cat&post=494"},{"taxonomy":"product_tag","embeddable":true,"href":"https:\/\/ppediciones.cl\/index.php?rest_route=%2Fwp%2Fv2%2Fproduct_tag&post=494"}],"curies":[{"name":"wp","href":"https:\/\/api.w.org\/{rel}","templated":true}]}}