{"id":497,"date":"2019-02-11T15:43:42","date_gmt":"2019-02-11T15:43:42","guid":{"rendered":"http:\/\/ppediciones.cl\/?post_type=product&#038;p=497"},"modified":"2024-07-02T14:11:42","modified_gmt":"2024-07-02T14:11:42","slug":"tomo-29-palabras-al-viento-rosa-aranguez-salas","status":"publish","type":"product","link":"https:\/\/ppediciones.cl\/?product=tomo-29-palabras-al-viento-rosa-aranguez-salas","title":{"rendered":"TOMO 29 | Palabras al viento &#8211; Rosa Ar\u00e1nguez Salas"},"content":{"rendered":"<p><img loading=\"lazy\" decoding=\"async\" class=\"alignnone wp-image-498\" src=\"http:\/\/ppediciones.cl\/wp-content\/uploads\/2019\/02\/29-259x400.jpeg\" alt=\"\" width=\"166\" height=\"256\" srcset=\"https:\/\/ppediciones.cl\/wp-content\/uploads\/2019\/02\/29-259x400.jpeg 259w, https:\/\/ppediciones.cl\/wp-content\/uploads\/2019\/02\/29.jpeg 317w\" sizes=\"auto, (max-width: 166px) 100vw, 166px\" \/><\/p>\n<p>Rosa Ar\u00e1nguez Salas, escritora y poetisa autodidacta, conductora radial. Lanz\u00f3 su primer libro \u201cEl bot\u00f3n de oro y otros relatos\u201d en Junio del 2016, narrando cuentos con historias de tiempos pasados.<\/p>\n<p>Palabras al viento, refleja en verso y prosa, sus dos m\u00e1s grandes amores: su esposo fallecido y su tierra natal, Peumo. Esto reflejado en dos cap\u00edtulos. Tanto su poes\u00eda como su narrativa, en palabras sencillas, rescatan los sentimientos m\u00e1s profundos del ser humano.<\/p>\n<p><span style=\"color: #ff0000;\"><strong>(extracto)<\/strong><\/span><\/p>\n<p><strong>DESPU\u00c9S DE TU PARTIDA<\/strong><\/p>\n<p>&nbsp;<\/p>\n<p>Ya no est\u00e1s,<\/p>\n<p>entonces, \u00bfpor qu\u00e9 escribo?<\/p>\n<p>Ya no existes,<\/p>\n<p>entonces, \u00bfpor qu\u00e9 vivo?<\/p>\n<p>Si te ha envuelto el silencio<\/p>\n<p>m\u00e1s intenso que el silencio de la noche<\/p>\n<p>solo ha podido ser\u00a0 el silencio de la muerte.<\/p>\n<p>&nbsp;<\/p>\n<p>Te quise tanto,<\/p>\n<p>no hubo en mi jard\u00edn rosa<\/p>\n<p>que no quit\u00e9 sus espinas<\/p>\n<p>para que a ti no da\u00f1ara,<\/p>\n<p>si hubo noches oscuras<\/p>\n<p>busqu\u00e9 rayitos de luna<\/p>\n<p>y abr\u00ed todas las ventanas<\/p>\n<p>para al llegar la ma\u00f1ana<\/p>\n<p>tu casa iluminara.<\/p>\n<p>&nbsp;<\/p>\n<p>Y si hubo inviernos fr\u00edos,<\/p>\n<p>busqu\u00e9 le\u00f1a de los cerros<\/p>\n<p>quem\u00e9 todos los recuerdos<\/p>\n<p>de los amores ya idos<\/p>\n<p>y pas\u00e9 el fr\u00edo contigo.<\/p>\n<p>\u00a1Cu\u00e1ntas hojas me pasaste,<\/p>\n<p>para escribir mis poemas!<\/p>\n<p>Cu\u00e1ntos versos dediqu\u00e9<\/p>\n<p>a este amor infinito, pero ahora\u2026<\/p>\n<p>ya despu\u00e9s de tu partida<\/p>\n<p>solo tengo el alma herida<\/p>\n<p>y ya no se m\u00e1s qu\u00e9 hacer<\/p>\n<p>se ha terminado el cuaderno<\/p>\n<p>y no encuentro ya la tinta<\/p>\n<p>con la que pueda escribir.<\/p>\n<p>&nbsp;<\/p>\n<p><strong>\u00a0<\/strong><\/p>\n<p><strong>T\u00da, MALDITA EST\u00c1S<\/strong><\/p>\n<p>&nbsp;<\/p>\n<p>Muerte, has llamado a mi puerta<\/p>\n<p>solo me has hecho llorar<\/p>\n<p>llev\u00e1ndote lo que m\u00e1s amaba<\/p>\n<p>porque t\u00fa no sabes amar.<\/p>\n<p>Has destrozado mi casa<\/p>\n<p>has destruido mi hogar<\/p>\n<p>a mis hijos, sin consuelo<\/p>\n<p>has dejado en la orfandad.<\/p>\n<p>Muerte, maldita muerte<\/p>\n<p>\u00bfpor qu\u00e9 no muestras tu faz?<\/p>\n<p>Es que acaso te averg\u00fcenzas<\/p>\n<p>de tan horrible fealdad.<\/p>\n<p>Muerte, maldita est\u00e1s<\/p>\n<p>y aunque vas segando vidas<\/p>\n<p>t\u00fa, jam\u00e1s vida tendr\u00e1s\u2026<\/p>\n","protected":false},"excerpt":{"rendered":"<p><span style=\"font-size: 85%;\">Fecha publicaci\u00f3n: Enero 2017<\/span><\/p>\n<p><span style=\"font-size: 85%;\">ISBN: 978-956-368-266-3<\/span><\/p>\n<p><span style=\"font-size: 85%;\">P\u00e1ginas: 106<\/span><\/p>\n<p><span style=\"font-size: 85%;\">Formato: 13.5 x 21.5 cms.<\/span><\/p>\n<p>&nbsp;<\/p>\n","protected":false},"featured_media":499,"comment_status":"open","ping_status":"closed","template":"","meta":[],"product_brand":[],"product_cat":[71],"product_tag":[],"class_list":{"0":"post-497","1":"product","2":"type-product","3":"status-publish","4":"has-post-thumbnail","6":"product_cat-coleccion-literatura-regional-2","8":"first","9":"instock","10":"taxable","11":"shipping-taxable","12":"purchasable","13":"product-type-simple"},"_links":{"self":[{"href":"https:\/\/ppediciones.cl\/index.php?rest_route=\/wp\/v2\/product\/497","targetHints":{"allow":["GET"]}}],"collection":[{"href":"https:\/\/ppediciones.cl\/index.php?rest_route=\/wp\/v2\/product"}],"about":[{"href":"https:\/\/ppediciones.cl\/index.php?rest_route=\/wp\/v2\/types\/product"}],"replies":[{"embeddable":true,"href":"https:\/\/ppediciones.cl\/index.php?rest_route=%2Fwp%2Fv2%2Fcomments&post=497"}],"wp:featuredmedia":[{"embeddable":true,"href":"https:\/\/ppediciones.cl\/index.php?rest_route=\/wp\/v2\/media\/499"}],"wp:attachment":[{"href":"https:\/\/ppediciones.cl\/index.php?rest_route=%2Fwp%2Fv2%2Fmedia&parent=497"}],"wp:term":[{"taxonomy":"product_brand","embeddable":true,"href":"https:\/\/ppediciones.cl\/index.php?rest_route=%2Fwp%2Fv2%2Fproduct_brand&post=497"},{"taxonomy":"product_cat","embeddable":true,"href":"https:\/\/ppediciones.cl\/index.php?rest_route=%2Fwp%2Fv2%2Fproduct_cat&post=497"},{"taxonomy":"product_tag","embeddable":true,"href":"https:\/\/ppediciones.cl\/index.php?rest_route=%2Fwp%2Fv2%2Fproduct_tag&post=497"}],"curies":[{"name":"wp","href":"https:\/\/api.w.org\/{rel}","templated":true}]}}