{"id":509,"date":"2019-02-11T15:49:25","date_gmt":"2019-02-11T15:49:25","guid":{"rendered":"http:\/\/ppediciones.cl\/?post_type=product&#038;p=509"},"modified":"2024-10-09T01:35:18","modified_gmt":"2024-10-09T01:35:18","slug":"tomo-33-cuentos-que-parecen-verdades-cecilia-compagnon","status":"publish","type":"product","link":"https:\/\/ppediciones.cl\/?product=tomo-33-cuentos-que-parecen-verdades-cecilia-compagnon","title":{"rendered":"TOMO 33 | Cuentos que parecen verdades &#8211; Cecilia Compagnon"},"content":{"rendered":"<p><img loading=\"lazy\" decoding=\"async\" class=\"alignnone wp-image-510\" src=\"http:\/\/ppediciones.cl\/wp-content\/uploads\/2019\/02\/33-272x400.jpg\" alt=\"\" width=\"171\" height=\"251\" srcset=\"https:\/\/ppediciones.cl\/wp-content\/uploads\/2019\/02\/33-272x400.jpg 272w, https:\/\/ppediciones.cl\/wp-content\/uploads\/2019\/02\/33.jpg 425w\" sizes=\"auto, (max-width: 171px) 100vw, 171px\" \/><\/p>\n<p>Cecilia Compagnon Ahumada naci\u00f3 en Rancagua, Chile. Profesora normalista, estudi\u00f3 en la Escuela Normal de Angol y Talca. Su vida ha girado en torno a la educaci\u00f3n y las artes.<\/p>\n<p>Ha tenido logros significativos en la pintura al \u00f3leo con las que ha realizado \u00a0diversas exposiciones colectivas e individuales.<\/p>\n<p>En educaci\u00f3n ha trabajado en escuelas rurales y otras.\u00a0 Es fundadora \u00a0de varios colegios \u00a0y del actual Liceo Polivalente York el cual dirigi\u00f3 por 44 a\u00f1os. Se ha dedicado, adem\u00e1s, a la investigaci\u00f3n, participando en conferencias tanto en Chile como en el extranjero. Ha participado en diversos medios de comunicaci\u00f3n, escritos, audiovisuales \u00a0y radiales, donde ha difundido su pensamiento cr\u00edtico y formativo.<\/p>\n<p>Ha publicado \u201cRetazos de Vida\u201d, poes\u00eda, editorial AYUN, 2010. Santiago Chile, \u201cAtardecer y otros Cuentos\u201d \u00a0Editorial Antu Repu, 2015 y \u201cVersos de los tiempos perdidos\u201d Primeros Pasos Ediciones, 2017. Tiene otros libros en preparaci\u00f3n.<\/p>\n<p><strong><span style=\"color: #ff0000;\">(extracto)<\/span><\/strong><\/p>\n<p><strong>MI H\u00c9ROE DE CARNE Y HUESO<\/strong><\/p>\n<p>Estaba so\u00f1ando con un h\u00e9roe, alguien extraordinario, capaz de vencer grandes obst\u00e1culos por m\u00ed. Alguien a quien no le importara ning\u00fan sacrificio, ning\u00fan desvelo para conquistar mi amor.<\/p>\n<p>De pronto despert\u00e9 y me di cuenta que no necesito inventar h\u00e9roes. Tengo a mi alrededor muchos de ellos,\u00a0 personas especiales, dotadas de muchas cualidades y gran valent\u00eda. H\u00e9roes de carne y hueso. Podr\u00eda decir que pasan por nuestro lado y no los vemos, pero no es as\u00ed.<\/p>\n<p>El h\u00e9roe siempre se destaca, sobresale por sobre las personas que lo rodean, sin embargo, no siempre es reconocido. Est\u00e1bamos tan acostumbrados a ver sus haza\u00f1as, que las tomamos como hechos normales. No son las haza\u00f1as de espadas de anta\u00f1o, no son los h\u00e9roes que montan de a caballo y ganan en un duelo. Estos h\u00e9roes que yo conozco, realizan tremendas haza\u00f1as luchando, a veces con enemigos invisibles, como es el caso que les voy a narrar a continuaci\u00f3n. Mejor permitir\u00e9 que los dos protagonistas nos cuenten de sus batallas, sus derrotas (tambi\u00e9n los h\u00e9roes sufren derrotas)\u00a0 y los triunfos de esas batallas que han sido de vida o muerte. Es interesante tomar nota que, generalmente su arma m\u00e1s importante es el\u00a0 AMOR.<\/p>\n<p>&nbsp;<\/p>\n<p>&nbsp;<\/p>\n","protected":false},"excerpt":{"rendered":"<p>(AGOTADO)<\/p>\n<p><span style=\"font-size: 85%;\">Fecha publicaci\u00f3n: Mayo 2017<\/span><\/p>\n<p><span style=\"font-size: 85%;\">ISBN: 978-956-368-688-3<\/span><\/p>\n<p><span style=\"font-size: 85%;\">P\u00e1ginas: 104<\/span><\/p>\n<p><span style=\"font-size: 85%;\">Formato: 13.5 x 21.5 cms.<\/span><\/p>\n","protected":false},"featured_media":511,"comment_status":"open","ping_status":"closed","template":"","meta":[],"product_brand":[],"product_cat":[71],"product_tag":[],"class_list":{"0":"post-509","1":"product","2":"type-product","3":"status-publish","4":"has-post-thumbnail","6":"product_cat-coleccion-literatura-regional-2","8":"first","9":"instock","10":"taxable","11":"shipping-taxable","12":"purchasable","13":"product-type-simple"},"_links":{"self":[{"href":"https:\/\/ppediciones.cl\/index.php?rest_route=\/wp\/v2\/product\/509","targetHints":{"allow":["GET"]}}],"collection":[{"href":"https:\/\/ppediciones.cl\/index.php?rest_route=\/wp\/v2\/product"}],"about":[{"href":"https:\/\/ppediciones.cl\/index.php?rest_route=\/wp\/v2\/types\/product"}],"replies":[{"embeddable":true,"href":"https:\/\/ppediciones.cl\/index.php?rest_route=%2Fwp%2Fv2%2Fcomments&post=509"}],"wp:featuredmedia":[{"embeddable":true,"href":"https:\/\/ppediciones.cl\/index.php?rest_route=\/wp\/v2\/media\/511"}],"wp:attachment":[{"href":"https:\/\/ppediciones.cl\/index.php?rest_route=%2Fwp%2Fv2%2Fmedia&parent=509"}],"wp:term":[{"taxonomy":"product_brand","embeddable":true,"href":"https:\/\/ppediciones.cl\/index.php?rest_route=%2Fwp%2Fv2%2Fproduct_brand&post=509"},{"taxonomy":"product_cat","embeddable":true,"href":"https:\/\/ppediciones.cl\/index.php?rest_route=%2Fwp%2Fv2%2Fproduct_cat&post=509"},{"taxonomy":"product_tag","embeddable":true,"href":"https:\/\/ppediciones.cl\/index.php?rest_route=%2Fwp%2Fv2%2Fproduct_tag&post=509"}],"curies":[{"name":"wp","href":"https:\/\/api.w.org\/{rel}","templated":true}]}}