{"id":512,"date":"2019-02-11T15:52:03","date_gmt":"2019-02-11T15:52:03","guid":{"rendered":"http:\/\/ppediciones.cl\/?post_type=product&#038;p=512"},"modified":"2022-06-24T01:34:21","modified_gmt":"2022-06-24T01:34:21","slug":"tomo-34-visiones-jorge-dias","status":"publish","type":"product","link":"https:\/\/ppediciones.cl\/?product=tomo-34-visiones-jorge-dias","title":{"rendered":"TOMO 34 | Visiones &#8211; Jorge D\u00edas"},"content":{"rendered":"<p><img loading=\"lazy\" decoding=\"async\" class=\"alignnone wp-image-513\" src=\"http:\/\/ppediciones.cl\/wp-content\/uploads\/2019\/02\/34-268x400.jpg\" alt=\"\" width=\"211\" height=\"315\" srcset=\"https:\/\/ppediciones.cl\/wp-content\/uploads\/2019\/02\/34-268x400.jpg 268w, https:\/\/ppediciones.cl\/wp-content\/uploads\/2019\/02\/34.jpg 405w\" sizes=\"auto, (max-width: 211px) 100vw, 211px\" \/><\/p>\n<p>Biograf\u00eda\u00a0 Jorge D\u00edas 1951, Panquehue, ha publicado los poemarios Antolog\u00eda imaginaria (primera edici\u00f3n, 2003; segunda edici\u00f3n, 2011), Oveja Negra (primera edici\u00f3n, 2004; segunda edici\u00f3n, 2014), y Fruto Tard\u00edo (2008, beca escritural Fondo del Libro y la Lectura del Gobierno de Chile).<\/p>\n<p>Ha intervenido con sus publicaciones en el diario El Rancaguino (Regi\u00f3n de O`Higgins) y en Revista Observatorio Regional (regi\u00f3n de O`Higgins y regi\u00f3n del Biob\u00edo). En el a\u00f1o 2010 obtiene el primer lugar en el concurso \u201cAntolog\u00eda de Poes\u00eda Regional\u201d organizado por editorial Arte Gr\u00e1fica, (en la regi\u00f3n de O`Higgins). En el 2013 obtiene el primer lugar en el concurso de poes\u00eda \u201cLuisa Herrera\u201d organizado por la Corporaci\u00f3n Cultural Artistas del Acero y el Centro Cultural Trilce, en la regi\u00f3n del Biob\u00edo. Sus obras literarias han sido incorporadas en diversas Antolog\u00edas literarias de la regi\u00f3n de O`Higgins.<\/p>\n<p><span style=\"color: #ff0000;\"><strong>(extracto)<\/strong><\/span><\/p>\n<p><strong>CREACIONES<\/strong><\/p>\n<p>&nbsp;<\/p>\n<p>Una vez creando el tiempo<\/p>\n<p>Y el germen de la vida<\/p>\n<p>&nbsp;<\/p>\n<p>Dios cre\u00f3 el sue\u00f1o<\/p>\n<p>&nbsp;<\/p>\n<p>Y se puso a dormir<\/p>\n<p>Una siesta interminable.<\/p>\n<p>&nbsp;<\/p>\n<p><strong>EL POEMA PERFECTO<\/strong><\/p>\n<p>&nbsp;<\/p>\n<p>El poema perfecto no existe<\/p>\n<p>&nbsp;<\/p>\n<p>S\u00f3lo el esfuerzo<\/p>\n<p>De transformar<\/p>\n<p>La voz profunda<\/p>\n<p>&nbsp;<\/p>\n<p>En palabra.<\/p>\n<p>&nbsp;<\/p>\n<p>&nbsp;<\/p>\n<p>&nbsp;<\/p>\n<p><strong>ANTIPOEMA<\/strong><\/p>\n<p>&nbsp;<\/p>\n<p>Antes<\/p>\n<p>La poes\u00eda<\/p>\n<p>No bajaba del Olimpo.<\/p>\n<p>&nbsp;<\/p>\n<p>Ve\u00edamos<\/p>\n<p>La realidad<\/p>\n<p>En color sepia.<\/p>\n<p>&nbsp;<\/p>\n<p>Pero<\/p>\n<p>Vino Nicanor<\/p>\n<p>Sin antiparras.<\/p>\n<p>&nbsp;<\/p>\n<p>&nbsp;<\/p>\n<p><strong>NACIMIENTOS<\/strong><\/p>\n<p>&nbsp;<\/p>\n<p>Los huracanes son<\/p>\n<p>Como los ni\u00f1os<\/p>\n<p>&nbsp;<\/p>\n<p>Antes de nacer<\/p>\n<p>Ya tienen nombre<\/p>\n<p>&nbsp;<\/p>\n<p>Y cuando nacen<\/p>\n<p>Sufren de rabietas.<\/p>\n<p>&nbsp;<\/p>\n<p>&nbsp;<\/p>\n","protected":false},"excerpt":{"rendered":"<p><span style=\"font-size: 85%;\">Fecha publicaci\u00f3n: Junio 2017<\/span><\/p>\n<p><span style=\"font-size: 85%;\">ISBN: 978-956-368-756-9<\/span><\/p>\n<p><span style=\"font-size: 85%;\">P\u00e1ginas: 106<\/span><\/p>\n<p><span style=\"font-size: 85%;\">Formato: 13.5 x 21.5 cms.<\/span><\/p>\n","protected":false},"featured_media":515,"comment_status":"open","ping_status":"closed","template":"","meta":[],"product_brand":[],"product_cat":[71],"product_tag":[],"class_list":{"0":"post-512","1":"product","2":"type-product","3":"status-publish","4":"has-post-thumbnail","6":"product_cat-coleccion-literatura-regional-2","8":"first","9":"instock","10":"taxable","11":"shipping-taxable","12":"purchasable","13":"product-type-simple"},"_links":{"self":[{"href":"https:\/\/ppediciones.cl\/index.php?rest_route=\/wp\/v2\/product\/512","targetHints":{"allow":["GET"]}}],"collection":[{"href":"https:\/\/ppediciones.cl\/index.php?rest_route=\/wp\/v2\/product"}],"about":[{"href":"https:\/\/ppediciones.cl\/index.php?rest_route=\/wp\/v2\/types\/product"}],"replies":[{"embeddable":true,"href":"https:\/\/ppediciones.cl\/index.php?rest_route=%2Fwp%2Fv2%2Fcomments&post=512"}],"wp:featuredmedia":[{"embeddable":true,"href":"https:\/\/ppediciones.cl\/index.php?rest_route=\/wp\/v2\/media\/515"}],"wp:attachment":[{"href":"https:\/\/ppediciones.cl\/index.php?rest_route=%2Fwp%2Fv2%2Fmedia&parent=512"}],"wp:term":[{"taxonomy":"product_brand","embeddable":true,"href":"https:\/\/ppediciones.cl\/index.php?rest_route=%2Fwp%2Fv2%2Fproduct_brand&post=512"},{"taxonomy":"product_cat","embeddable":true,"href":"https:\/\/ppediciones.cl\/index.php?rest_route=%2Fwp%2Fv2%2Fproduct_cat&post=512"},{"taxonomy":"product_tag","embeddable":true,"href":"https:\/\/ppediciones.cl\/index.php?rest_route=%2Fwp%2Fv2%2Fproduct_tag&post=512"}],"curies":[{"name":"wp","href":"https:\/\/api.w.org\/{rel}","templated":true}]}}