{"id":516,"date":"2019-02-11T15:54:48","date_gmt":"2019-02-11T15:54:48","guid":{"rendered":"http:\/\/ppediciones.cl\/?post_type=product&#038;p=516"},"modified":"2022-06-24T01:34:04","modified_gmt":"2022-06-24T01:34:04","slug":"tomo-35-cronicas-de-pelantaru-ricardo-lopez-vasquez","status":"publish","type":"product","link":"https:\/\/ppediciones.cl\/?product=tomo-35-cronicas-de-pelantaru-ricardo-lopez-vasquez","title":{"rendered":"TOMO 35 | Cr\u00f3nicas de Pelantaru &#8211; Ricardo L\u00f3pez V\u00e1squez"},"content":{"rendered":"<p><img loading=\"lazy\" decoding=\"async\" class=\"alignnone wp-image-517\" src=\"http:\/\/ppediciones.cl\/wp-content\/uploads\/2019\/02\/35-257x400.jpg\" alt=\"\" width=\"172\" height=\"267\" srcset=\"https:\/\/ppediciones.cl\/wp-content\/uploads\/2019\/02\/35-257x400.jpg 257w, https:\/\/ppediciones.cl\/wp-content\/uploads\/2019\/02\/35-768x1196.jpg 768w, https:\/\/ppediciones.cl\/wp-content\/uploads\/2019\/02\/35-514x800.jpg 514w, https:\/\/ppediciones.cl\/wp-content\/uploads\/2019\/02\/35-555x864.jpg 555w, https:\/\/ppediciones.cl\/wp-content\/uploads\/2019\/02\/35.jpg 1296w\" sizes=\"auto, (max-width: 172px) 100vw, 172px\" \/><\/p>\n<p>Ricardo L\u00f3pez V\u00e1squez (1983), oriundo de San Francisco de Mostazal, comenz\u00f3 su carrera de escritor en la ciencia ficci\u00f3n, pero en su obra ha abarcado otros g\u00e9neros como la acci\u00f3n, el misterio y el romance, caracteriz\u00e1ndose por un relato r\u00e1pido y por construir personajes marcados por vidas complicadas. Con \u201cCr\u00f3nicas de Pelantaru\u201d, su tercer libro publicado pero el quinto que ha escrito, regresa a sus or\u00edgenes en la ciencia ficci\u00f3n. Se compone de siete relatos relacionados entre s\u00ed y ambientados en un futuro hipot\u00e9tico, que detallan el camino que recorre una colonia interplanetaria chilena que busca su independencia. En ellos, se muestran los marcos ambiguos y no siempre legales en los que se mueve el proceso independentista y como afectan la vida de los ciudadanos comunes, dando a entender que los t\u00e9rminos \u201cbueno\u201d y \u201cmalo\u201d dependen del lado en que se miren.<\/p>\n<p><strong><span style=\"color: #ff0000;\">(extracto)<\/span><\/strong><\/p>\n<p><strong>LA PROTESTA <\/strong><strong>(fragmento cuento)<\/strong><\/p>\n<p>&nbsp;<\/p>\n<p>El Gobernador Jonathan Jerez estaba a\u00fan en su despacho a esa hora de la ma\u00f1ana. Estaba nervioso; era poco usual que se pusiera nervioso, pero en esa oportunidad lo estaba. Ya hab\u00eda enfrentado muchas protestas antes de la gente a la que gobernaba, pero ese d\u00eda present\u00eda que todo ser\u00eda distinto, que hab\u00eda algo raro en el ambiente, se pod\u00eda oler en el aire que algo hab\u00eda cambiado.<\/p>\n<p>Mir\u00f3 por la ventana blindada y camuflada con tecnolog\u00eda militar hacia el exterior y vio a la muchedumbre agolpada en las puertas de la Gobernaci\u00f3n, su residencia y lugar de trabajo, gritando consignas en contra de su gobierno, en contra de su gesti\u00f3n y de su persona. Le dol\u00eda que gritaran en contra suya, de su persona, pod\u00eda tolerar que lo criticasen por su gesti\u00f3n, pero le costaba asimilar los insultos en su contra y en contra de su familia. En el \u00faltimo tiempo incluso sus hijos hab\u00edan tenido que salir al colegio escoltados y sus compa\u00f1eros empezaron a alejarse de ellos. Su esposa dej\u00f3 de visitar amigas y permanec\u00eda encerrada en la residencia, trabajando desde ah\u00ed en las tareas que supervisaba, principalmente la gesti\u00f3n de orfanatos, amparo a damnificados por las tormentas invernales y otras labores que ten\u00edan que ver con ayudas humanitarias, a pesar de que cuando \u00e9l asumi\u00f3 el cargo de Gobernador, su esposa se gan\u00f3 de inmediato el cari\u00f1o de la gente por su carisma y sencillez. Por alg\u00fan tiempo esa mujer hab\u00eda sido su m\u00e1s importante sost\u00e9n de popularidad.<\/p>\n<p>Pero eso fue cambiando paulatinamente con el paso de los a\u00f1os, ya llevaba tres en el cargo. Siempre supo que gobernar Pelantaru era dif\u00edcil, era un desaf\u00edo que pocos se atrev\u00edan a tomar y aunque el Presidente de Chile era quien lo designaba, siempre, por costumbre, \u00e9ste hablaba antes con el elegido para preguntarle si estaba dispuesto a asumir el desaf\u00edo.<\/p>\n<p>Decir no, en todo caso, era como un suicidio pol\u00edtico; la rica colonia interestelar de Pelantaru era el motor de la econom\u00eda no solo chilena, sino que de la d\u00e9cima parte de la Tierra, sus recursos satisfac\u00edan mercados de todo tipo, mineros, agr\u00edcolas e incluso servicios como la banca. Uno de los bancos m\u00e1s importantes de la humanidad era el Banco de Pelantaru.<\/p>\n","protected":false},"excerpt":{"rendered":"<p><span style=\"font-size: 85%;\">Fecha publicaci\u00f3n: Julio 2017<\/span><\/p>\n<p><span style=\"font-size: 85%;\">ISBN: 978-956-368-867-2<\/span><\/p>\n<p><span style=\"font-size: 85%;\">P\u00e1ginas: 144<\/span><\/p>\n<p><span style=\"font-size: 85%;\">Formato: 13.5 x 21.5 cms.<\/span><\/p>\n","protected":false},"featured_media":518,"comment_status":"open","ping_status":"closed","template":"","meta":[],"product_brand":[],"product_cat":[71],"product_tag":[],"class_list":{"0":"post-516","1":"product","2":"type-product","3":"status-publish","4":"has-post-thumbnail","6":"product_cat-coleccion-literatura-regional-2","8":"first","9":"outofstock","10":"taxable","11":"shipping-taxable","12":"purchasable","13":"product-type-simple"},"_links":{"self":[{"href":"https:\/\/ppediciones.cl\/index.php?rest_route=\/wp\/v2\/product\/516","targetHints":{"allow":["GET"]}}],"collection":[{"href":"https:\/\/ppediciones.cl\/index.php?rest_route=\/wp\/v2\/product"}],"about":[{"href":"https:\/\/ppediciones.cl\/index.php?rest_route=\/wp\/v2\/types\/product"}],"replies":[{"embeddable":true,"href":"https:\/\/ppediciones.cl\/index.php?rest_route=%2Fwp%2Fv2%2Fcomments&post=516"}],"wp:featuredmedia":[{"embeddable":true,"href":"https:\/\/ppediciones.cl\/index.php?rest_route=\/wp\/v2\/media\/518"}],"wp:attachment":[{"href":"https:\/\/ppediciones.cl\/index.php?rest_route=%2Fwp%2Fv2%2Fmedia&parent=516"}],"wp:term":[{"taxonomy":"product_brand","embeddable":true,"href":"https:\/\/ppediciones.cl\/index.php?rest_route=%2Fwp%2Fv2%2Fproduct_brand&post=516"},{"taxonomy":"product_cat","embeddable":true,"href":"https:\/\/ppediciones.cl\/index.php?rest_route=%2Fwp%2Fv2%2Fproduct_cat&post=516"},{"taxonomy":"product_tag","embeddable":true,"href":"https:\/\/ppediciones.cl\/index.php?rest_route=%2Fwp%2Fv2%2Fproduct_tag&post=516"}],"curies":[{"name":"wp","href":"https:\/\/api.w.org\/{rel}","templated":true}]}}