{"id":519,"date":"2019-02-11T15:56:03","date_gmt":"2019-02-11T15:56:03","guid":{"rendered":"http:\/\/ppediciones.cl\/?post_type=product&#038;p=519"},"modified":"2022-06-24T01:33:49","modified_gmt":"2022-06-24T01:33:49","slug":"tomo-36-entidades-jaime-jullian-pope","status":"publish","type":"product","link":"https:\/\/ppediciones.cl\/?product=tomo-36-entidades-jaime-jullian-pope","title":{"rendered":"TOMO 36 | Entidades &#8211; Jaime Jullian Pope"},"content":{"rendered":"<p><img loading=\"lazy\" decoding=\"async\" class=\"alignnone wp-image-520\" src=\"http:\/\/ppediciones.cl\/wp-content\/uploads\/2019\/02\/36-255x400.jpg\" alt=\"\" width=\"170\" height=\"267\" srcset=\"https:\/\/ppediciones.cl\/wp-content\/uploads\/2019\/02\/36-255x400.jpg 255w, https:\/\/ppediciones.cl\/wp-content\/uploads\/2019\/02\/36-768x1204.jpg 768w, https:\/\/ppediciones.cl\/wp-content\/uploads\/2019\/02\/36-510x800.jpg 510w, https:\/\/ppediciones.cl\/wp-content\/uploads\/2019\/02\/36-555x870.jpg 555w\" sizes=\"auto, (max-width: 170px) 100vw, 170px\" \/><\/p>\n<p>Jaime Jullian Pope, ha desarrollado su actividad literaria incursionando en el verso y la prosa, ensayando estilos que le permitan una expresi\u00f3n m\u00e1s fluida de sus intentos creativos. Ha escrito en diarios locales como columnista en temas de actualidad, visiones y propuesta de desarrollo productivo; participado en ediciones de antolog\u00edas y escrito dos novelas de pr\u00f3xima edici\u00f3n.<\/p>\n<p>En el libro que se presenta, se entrega una selecci\u00f3n de cuentos en prosa escritos para distintos concursos y participaciones colectivas\u00a0 desarrollados bajos las normas del llamado, m\u00e1s un relato en poes\u00eda narrativa que tiene su origen en el recuerdo de un creador admirador.<\/p>\n<p><span style=\"color: #ed1c24;\"><strong>(extracto)<\/strong><\/span><\/p>\n<p><strong>ENTIDADES (fragmento cuento)<\/strong><\/p>\n<p>&nbsp;<\/p>\n<p>Existe un mundo vasto entre las cosas que son y las que pueden ser. Un mundo paralelo que las leyes de la f\u00edsica a\u00fan no acogen, pero que con porf\u00eda buscan cient\u00edficos y matem\u00e1ticos en su af\u00e1n de comprender y explicar la realidad. Un mundo espiritual en donde la vida pasa de un estado a otro, con \u00e1nimas que pretenden ser capturadas y sometidas por religiones que ven en el hombre un contenedor temporal de ellas. Un mundo esot\u00e9rico que simplifica y acomoda explicaciones de la vida, de la muerte. Que aconseja lo que debemos hacer entre la vida y la muerte, que especula sobre lo que sucede entre la muerte y la vida. Muy poco se sabe de ello con certeza, todo son suposiciones,\u00a0 pero al final, permanece la duda de donde viene lo que nace, a donde va lo que muere. O tal vez, no se va lo que muere, y est\u00e1 en alg\u00fan lugar que no captan nuestros ojos ni perciben nuestros sentidos, o\u00a0 quiz\u00e1, no hayamos\u00a0 mirado bien donde podr\u00edan estar.<\/p>\n<p>Podr\u00eda existir ahora una pista sobre esto, proporcionada por el estudio y dedicaci\u00f3n de cient\u00edficos, t\u00e9cnicos e intelectuales\u00a0 con mentes m\u00e1s abiertas y mejores instrumentos de registro y medici\u00f3n, combinado con percepciones m\u00e1s l\u00facidas y amplias de las de los grupos que\u00a0 buscan las rutas del alma, del esp\u00edritu, del aura vital.<\/p>\n<p>Este acercamiento se origina con un grupo de f\u00edsicos que estaban buscando medir y fotografiar los neutrinos que atraviesan la tierra, ubicados en unas instalaciones montadas a m\u00e1s de mil metros de profundidad en una mina abandonada. Con paciencia y tecnolog\u00eda de \u00faltima generaci\u00f3n, esperaban congelar un instante del tiempo, de manera de revelar esta diminuta part\u00edcula que se mueve a una velocidad astron\u00f3mica,\u00a0 para que as\u00ed quedara plasmada en una fotograf\u00eda y se pudiera constatar realmente su existencia.<\/p>\n","protected":false},"excerpt":{"rendered":"<p><span style=\"font-size: 85%;\">Fecha publicaci\u00f3n: Agosto 2017<\/span><\/p>\n<p><span style=\"font-size: 85%;\">ISBN: 978-956-368-944-0<\/span><\/p>\n<p><span style=\"font-size: 85%;\">P\u00e1ginas: 90<\/span><\/p>\n<p><span style=\"font-size: 85%;\">Formato: 13.5 x 21.5 cms.<\/span><\/p>\n","protected":false},"featured_media":522,"comment_status":"open","ping_status":"closed","template":"","meta":[],"product_brand":[],"product_cat":[71],"product_tag":[],"class_list":{"0":"post-519","1":"product","2":"type-product","3":"status-publish","4":"has-post-thumbnail","6":"product_cat-coleccion-literatura-regional-2","8":"first","9":"instock","10":"taxable","11":"shipping-taxable","12":"purchasable","13":"product-type-simple"},"_links":{"self":[{"href":"https:\/\/ppediciones.cl\/index.php?rest_route=\/wp\/v2\/product\/519","targetHints":{"allow":["GET"]}}],"collection":[{"href":"https:\/\/ppediciones.cl\/index.php?rest_route=\/wp\/v2\/product"}],"about":[{"href":"https:\/\/ppediciones.cl\/index.php?rest_route=\/wp\/v2\/types\/product"}],"replies":[{"embeddable":true,"href":"https:\/\/ppediciones.cl\/index.php?rest_route=%2Fwp%2Fv2%2Fcomments&post=519"}],"wp:featuredmedia":[{"embeddable":true,"href":"https:\/\/ppediciones.cl\/index.php?rest_route=\/wp\/v2\/media\/522"}],"wp:attachment":[{"href":"https:\/\/ppediciones.cl\/index.php?rest_route=%2Fwp%2Fv2%2Fmedia&parent=519"}],"wp:term":[{"taxonomy":"product_brand","embeddable":true,"href":"https:\/\/ppediciones.cl\/index.php?rest_route=%2Fwp%2Fv2%2Fproduct_brand&post=519"},{"taxonomy":"product_cat","embeddable":true,"href":"https:\/\/ppediciones.cl\/index.php?rest_route=%2Fwp%2Fv2%2Fproduct_cat&post=519"},{"taxonomy":"product_tag","embeddable":true,"href":"https:\/\/ppediciones.cl\/index.php?rest_route=%2Fwp%2Fv2%2Fproduct_tag&post=519"}],"curies":[{"name":"wp","href":"https:\/\/api.w.org\/{rel}","templated":true}]}}