{"id":526,"date":"2019-02-11T15:59:30","date_gmt":"2019-02-11T15:59:30","guid":{"rendered":"http:\/\/ppediciones.cl\/?post_type=product&#038;p=526"},"modified":"2022-06-24T01:33:11","modified_gmt":"2022-06-24T01:33:11","slug":"tomo-38-cronicas-relatos-y-otras-yerbas-benedicto-astete-munoz","status":"publish","type":"product","link":"https:\/\/ppediciones.cl\/?product=tomo-38-cronicas-relatos-y-otras-yerbas-benedicto-astete-munoz","title":{"rendered":"TOMO 38 | Cr\u00f3nicas, relatos y otras yerbas &#8211; Benedicto Astete Mu\u00f1oz"},"content":{"rendered":"<p><img loading=\"lazy\" decoding=\"async\" class=\"alignnone wp-image-527\" src=\"http:\/\/ppediciones.cl\/wp-content\/uploads\/2019\/02\/38-256x400.jpg\" alt=\"\" width=\"179\" height=\"280\" srcset=\"https:\/\/ppediciones.cl\/wp-content\/uploads\/2019\/02\/38-256x400.jpg 256w, https:\/\/ppediciones.cl\/wp-content\/uploads\/2019\/02\/38.jpg 262w\" sizes=\"auto, (max-width: 179px) 100vw, 179px\" \/><\/p>\n<p>Benedicto Arcadio Astete Mu\u00f1oz, naci\u00f3 en Angol, provincia de Malleco el 6 de abril de 1945. Los avatares de la vida le han permitido ejercer tres oficios: Ingeniero, Minero y Agricultor, que lo han introducido en mundos totalmente diferentes, dando acceso a leyendas y vivencias dignas de relatar.<\/p>\n<p>\u201cCr\u00f3nicas, relatos, y otras yerbas\u201d, es su tercer libro, luego de la publicaci\u00f3n de Miscel\u00e1neos Anacr\u00f3nicos en 2009 y de Entelequia Anacr\u00f3nica en 2017. En \u00e9l desarrolla, en la mayor\u00eda de los casos, las experiencias del autor sobre ciertos eventos f\u00edsicos que no tienen una explicaci\u00f3n racional y que para algunas personas ser\u00edan peque\u00f1os milagros y que habitualmente el observador no se percata o que olvida r\u00e1pidamente.<\/p>\n<p><span style=\"color: #ed1c24;\"><strong>(extracto)<\/strong><\/span><\/p>\n<p><strong>EL HOMBRE BALD\u00cdO<\/strong><\/p>\n<p>&nbsp;<\/p>\n<p>Sin Dios ni ley<\/p>\n<p>Asqueado y hastiado consigo mismo<\/p>\n<p>No posee una brizna de humanidad<\/p>\n<p>con la hermandad del g\u00e9nero humano<\/p>\n<p>Su vida interior arrasada como en Hiroshima<\/p>\n<p>Es un desierto est\u00e9ril de martes<\/p>\n<p>con tormentas de \u00e1cido sulf\u00farico<\/p>\n<p>&nbsp;<\/p>\n<p>Es un engendro de bestia<\/p>\n<p>y demonio sin vida interna<\/p>\n<p>Es un lecho de rio sin agua<\/p>\n<p>No es capaz de hilvanar un pensamiento<\/p>\n<p>s\u00f3lo im\u00e1genes inconexas<\/p>\n<p>s\u00f3lo para saciar su ego\u00edsmo<\/p>\n<p>No entiende las leyes del Universo<\/p>\n<p>sin embargo, se jacta de conocer<\/p>\n<p>el principio y el fin<\/p>\n<p>&nbsp;<\/p>\n<p>Su alter ego lo inunda de hipocres\u00eda<\/p>\n<p>sus valores son dualidades<\/p>\n<p>modificables seg\u00fan las circunstancias<\/p>\n<p>Se proclama un ser superior<\/p>\n<p>lleno de bondad y comprensi\u00f3n<\/p>\n<p>Sus semejantes no reconocen<\/p>\n<p>sus gestos de noblezas tapizados<\/p>\n<p>por atropellos y abusos de poder<\/p>\n<p>contra los m\u00e1s d\u00e9biles<\/p>\n<p>&nbsp;<\/p>\n<p>No tiene asco de enga\u00f1ar o estafar<\/p>\n<p>S\u00f3lo considera maximizar sus ganancias<\/p>\n<p>No discrimina el l\u00edmite de lo correcto<\/p>\n<p>no tiene escr\u00fapulos en despojar<\/p>\n<p>de las necesidades b\u00e1sicas a sus cong\u00e9neres<\/p>\n<p>Huye de su soledad, no soporta<\/p>\n<p>escuchar el grito de su conciencia.<\/p>\n<p>&nbsp;<\/p>\n<p>&nbsp;<\/p>\n","protected":false},"excerpt":{"rendered":"<p><span style=\"font-size: 85%;\">Fecha publicaci\u00f3n: Octubre 2017<\/span><\/p>\n<p><span style=\"font-size: 85%;\">ISBN: 978-956-393-182-2<\/span><\/p>\n<p><span style=\"font-size: 85%;\">P\u00e1ginas: 84<\/span><\/p>\n<p><span style=\"font-size: 85%;\">Formato: 13.5 x 21.5 cms.<\/span><\/p>\n","protected":false},"featured_media":528,"comment_status":"open","ping_status":"closed","template":"","meta":[],"product_brand":[],"product_cat":[71],"product_tag":[],"class_list":{"0":"post-526","1":"product","2":"type-product","3":"status-publish","4":"has-post-thumbnail","6":"product_cat-coleccion-literatura-regional-2","8":"first","9":"instock","10":"taxable","11":"shipping-taxable","12":"purchasable","13":"product-type-simple"},"_links":{"self":[{"href":"https:\/\/ppediciones.cl\/index.php?rest_route=\/wp\/v2\/product\/526","targetHints":{"allow":["GET"]}}],"collection":[{"href":"https:\/\/ppediciones.cl\/index.php?rest_route=\/wp\/v2\/product"}],"about":[{"href":"https:\/\/ppediciones.cl\/index.php?rest_route=\/wp\/v2\/types\/product"}],"replies":[{"embeddable":true,"href":"https:\/\/ppediciones.cl\/index.php?rest_route=%2Fwp%2Fv2%2Fcomments&post=526"}],"wp:featuredmedia":[{"embeddable":true,"href":"https:\/\/ppediciones.cl\/index.php?rest_route=\/wp\/v2\/media\/528"}],"wp:attachment":[{"href":"https:\/\/ppediciones.cl\/index.php?rest_route=%2Fwp%2Fv2%2Fmedia&parent=526"}],"wp:term":[{"taxonomy":"product_brand","embeddable":true,"href":"https:\/\/ppediciones.cl\/index.php?rest_route=%2Fwp%2Fv2%2Fproduct_brand&post=526"},{"taxonomy":"product_cat","embeddable":true,"href":"https:\/\/ppediciones.cl\/index.php?rest_route=%2Fwp%2Fv2%2Fproduct_cat&post=526"},{"taxonomy":"product_tag","embeddable":true,"href":"https:\/\/ppediciones.cl\/index.php?rest_route=%2Fwp%2Fv2%2Fproduct_tag&post=526"}],"curies":[{"name":"wp","href":"https:\/\/api.w.org\/{rel}","templated":true}]}}