{"id":530,"date":"2019-02-11T16:01:00","date_gmt":"2019-02-11T16:01:00","guid":{"rendered":"http:\/\/ppediciones.cl\/?post_type=product&#038;p=530"},"modified":"2023-11-27T18:47:29","modified_gmt":"2023-11-27T18:47:29","slug":"tomo-39-impedir-que-amanezca-fernando-sanhueza-olea","status":"publish","type":"product","link":"https:\/\/ppediciones.cl\/?product=tomo-39-impedir-que-amanezca-fernando-sanhueza-olea","title":{"rendered":"TOMO 39 | Impedir que amanezca &#8211; Fernando Sanhueza Olea"},"content":{"rendered":"<p><img loading=\"lazy\" decoding=\"async\" class=\"alignnone wp-image-531\" src=\"http:\/\/ppediciones.cl\/wp-content\/uploads\/2019\/02\/39-236x400.jpg\" alt=\"\" width=\"171\" height=\"290\" srcset=\"https:\/\/ppediciones.cl\/wp-content\/uploads\/2019\/02\/39-236x400.jpg 236w, https:\/\/ppediciones.cl\/wp-content\/uploads\/2019\/02\/39-768x1303.jpg 768w, https:\/\/ppediciones.cl\/wp-content\/uploads\/2019\/02\/39-472x800.jpg 472w, https:\/\/ppediciones.cl\/wp-content\/uploads\/2019\/02\/39-555x941.jpg 555w, https:\/\/ppediciones.cl\/wp-content\/uploads\/2019\/02\/39.jpg 898w\" sizes=\"auto, (max-width: 171px) 100vw, 171px\" \/><\/p>\n<p>Fernando Sanhueza Olea, ex santiaguino, 31 a\u00f1os avecindado en Paine. Este es su tercer libro de poemas, los anteriores \u201cPerro Muerto\u201d (2015), \u201cEscrito en Tierra\u201d (2016) ambos editados por Mosquito Ediciones. En la 2\u00b0 Feria Regional del Libro y\u00a0 la Cultura FERLIC 2017 de Rancagua, realizada en octubre, present\u00f3 el libro \u201cEscritos de Guerra\u201d editado por Primeros Pasos Ediciones, donde se encuentra un Sanhueza narrador con vasos comunicantes con la creaci\u00f3n literaria, la historia, la metaf\u00edsica, la an\u00e9cdota, la poes\u00eda, el humor y la rebeli\u00f3n.<\/p>\n<p>\u201cImpedir que Amanezca\u201d, es un desaf\u00edo, una apuesta, una intenci\u00f3n po\u00e9tica nocturna con Palabras Tullidas, en Jornadas de Las Pocillas y con poemas de Derechos Humanos para impedir que amanezca y encontrar la luz de las sombras que nos cubren los espacios y logra encontrar creaci\u00f3n.<\/p>\n<p><strong><span style=\"color: #ff0000;\">(extracto)<\/span><\/strong><\/p>\n<p>BIBLIOTECA<\/p>\n<p>&nbsp;<\/p>\n<p>Trabaj\u00e9 seis a\u00f1os bajo tu blindado techo<\/p>\n<p>De ex bodega de quesos<\/p>\n<p>Pajarario de las palabras y oc\u00e9ano de las materias<\/p>\n<p>Paredes copadas por el ma\u00edz de las letras prensadas<\/p>\n<p>Cazador en alas de las p\u00e1ginas<\/p>\n<p>De los sue\u00f1os que mueren sin flor<\/p>\n<p>Abro la ventana y afuera est\u00e1 el libro de la vida joven<\/p>\n<p>Huelo la activa muchedumbre por la Estaci\u00f3n Central<\/p>\n<p>Recuerdos especiales a las compa\u00f1eras de entonces<\/p>\n<p>M\u00f3nica, Marta, Myriam, Isabel, Haydee,<\/p>\n<p>Betty, Viela, In\u00e9s y Mar\u00eda Cristina<\/p>\n<p>Sin vernos por causas de la vida en tan largo insilio<\/p>\n<p>La biblioteca deja sus lomos quietos<\/p>\n<p>Hasta el traslado y el fin.<\/p>\n<p>&nbsp;<\/p>\n<p>&nbsp;<\/p>\n<p>AUTODIDACTO POETA SILVESTRE<\/p>\n<p>&nbsp;<\/p>\n<p>Soy mi maestro sin remuneraci\u00f3n<\/p>\n<p>Y mi propio alumno rezagado<\/p>\n<p>Soy mi hermano, mi padre y mi amigo; nunca mi traidor<\/p>\n<p>Soy mi m\u00e9dico, mi siquiatra y mi jardinero diario<\/p>\n<p>Mi reumat\u00f3logo, mi oculista y mi aval,<\/p>\n<p>Un cu\u00f1ado cirujano me desapendiza.<\/p>\n<p>Mi gastroenter\u00f3logo, mi colega y mi compa\u00f1ero.<\/p>\n<p>De mis manos de p\u00e1jaro salen palabras<\/p>\n<p>Y ramas de sauce y ciruelos azules<\/p>\n<p>Que piden las transforme como las aves a la piedra.<\/p>\n<p>Autodidacto lo soy todo para mis sombras:<\/p>\n<p>Mi humorista favorito y mi propio depredador<\/p>\n<p>Que me ense\u00f1a a so\u00f1ar y sanar con hechizos calcinados.<\/p>\n<p>No ser\u00e9 yo quien encienda la llama<\/p>\n<p>Y queme mi nave cuerpo aprendiz.<\/p>\n<p>&nbsp;<\/p>\n","protected":false},"excerpt":{"rendered":"<p><span style=\"font-size: 85%;\">Fecha publicaci\u00f3n: Noviembre 2017<\/span><\/p>\n<p><span style=\"font-size: 85%;\">ISBN: 978-956-393-288-1<\/span><\/p>\n<p><span style=\"font-size: 85%;\">P\u00e1ginas: 144<\/span><\/p>\n<p><span style=\"font-size: 85%;\">Formato: 13.5 x 21.5 cms.<\/span><\/p>\n","protected":false},"featured_media":532,"comment_status":"open","ping_status":"closed","template":"","meta":[],"product_brand":[],"product_cat":[71],"product_tag":[],"class_list":{"0":"post-530","1":"product","2":"type-product","3":"status-publish","4":"has-post-thumbnail","6":"product_cat-coleccion-literatura-regional-2","8":"first","9":"instock","10":"taxable","11":"shipping-taxable","12":"product-type-simple"},"_links":{"self":[{"href":"https:\/\/ppediciones.cl\/index.php?rest_route=\/wp\/v2\/product\/530","targetHints":{"allow":["GET"]}}],"collection":[{"href":"https:\/\/ppediciones.cl\/index.php?rest_route=\/wp\/v2\/product"}],"about":[{"href":"https:\/\/ppediciones.cl\/index.php?rest_route=\/wp\/v2\/types\/product"}],"replies":[{"embeddable":true,"href":"https:\/\/ppediciones.cl\/index.php?rest_route=%2Fwp%2Fv2%2Fcomments&post=530"}],"wp:featuredmedia":[{"embeddable":true,"href":"https:\/\/ppediciones.cl\/index.php?rest_route=\/wp\/v2\/media\/532"}],"wp:attachment":[{"href":"https:\/\/ppediciones.cl\/index.php?rest_route=%2Fwp%2Fv2%2Fmedia&parent=530"}],"wp:term":[{"taxonomy":"product_brand","embeddable":true,"href":"https:\/\/ppediciones.cl\/index.php?rest_route=%2Fwp%2Fv2%2Fproduct_brand&post=530"},{"taxonomy":"product_cat","embeddable":true,"href":"https:\/\/ppediciones.cl\/index.php?rest_route=%2Fwp%2Fv2%2Fproduct_cat&post=530"},{"taxonomy":"product_tag","embeddable":true,"href":"https:\/\/ppediciones.cl\/index.php?rest_route=%2Fwp%2Fv2%2Fproduct_tag&post=530"}],"curies":[{"name":"wp","href":"https:\/\/api.w.org\/{rel}","templated":true}]}}