{"id":533,"date":"2019-02-11T16:02:20","date_gmt":"2019-02-11T16:02:20","guid":{"rendered":"http:\/\/ppediciones.cl\/?post_type=product&#038;p=533"},"modified":"2022-06-24T01:23:45","modified_gmt":"2022-06-24T01:23:45","slug":"tomo-40-el-viene-hacia-mi-gilda-nelida-perez-guzman","status":"publish","type":"product","link":"https:\/\/ppediciones.cl\/?product=tomo-40-el-viene-hacia-mi-gilda-nelida-perez-guzman","title":{"rendered":"TOMO 40 | \u00c9l viene hacia m\u00ed&#8230; &#8211; Gilda N\u00e9lida P\u00e9rez Guzm\u00e1n"},"content":{"rendered":"<p><img loading=\"lazy\" decoding=\"async\" class=\"alignnone wp-image-534\" src=\"http:\/\/ppediciones.cl\/wp-content\/uploads\/2019\/02\/40-245x400.jpg\" alt=\"\" width=\"145\" height=\"238\" \/><\/p>\n<p>Gilda N\u00e9lida P\u00e9rez Guzm\u00e1n, nacida bajo el signo de Escorpi\u00f3n, lleva la docencia por profesi\u00f3n y las letras por afici\u00f3n. Es una lectora infatigable de todo tipo de literatura. Comienza\u00a0 a escribir a muy temprana edad, aunque es en febrero del presente a\u00f1o cuando publica su primer libro titulado \u201cPausa entre dos estaciones\u201d.<\/p>\n<p>\u201c\u00c9l viene hacia m\u00ed&#8230;\u201d,\u00a0 al igual que su primer libro &#8220;Pausa entre dos estaciones&#8221;, contiene una amplia variedad de tem\u00e1ticas po\u00e9ticas.<\/p>\n<p>El t\u00edtulo del libro corresponde a un\u00a0 poema que la autora considera\u00a0 especial, ya que\u00a0 contiene\u00a0 sentimientos\u00a0 profundos, lo cual puede llevar al lectora realizar m\u00e1s de una lectura del mismo. \u00c9L VIENE HACIA M\u00cd&#8230;&#8221;, cuatro palabras que pueden avanzar por distintos senderos&#8230;<\/p>\n<p><strong><span style=\"color: #ff0000;\">(extracto)<\/span><\/strong><\/p>\n<p><strong>ACEQUIA RUMOROSA<\/strong><\/p>\n<p>&nbsp;<\/p>\n<p>Acequia rumorosa<\/p>\n<p>en vuestro ciclo eterno<\/p>\n<p>que cant\u00e1is melodiosa<\/p>\n<p>a las ninfas nocturnas.<\/p>\n<p>&nbsp;<\/p>\n<p>En las noches sin due\u00f1os<\/p>\n<p>tu m\u00fasica tranquila<\/p>\n<p>llega a tantos sue\u00f1os<\/p>\n<p>como tel\u00f3n de fondo.<\/p>\n<p>&nbsp;<\/p>\n<p>Y me trae im\u00e1genes<\/p>\n<p>de campos olvidados<\/p>\n<p>regados por tu cauce,<\/p>\n<p>viejos campos arados.<\/p>\n<p>&nbsp;<\/p>\n<p>El sauce a\u00f1oso te mira<\/p>\n<p>mientras fluyen tus aguas<\/p>\n<p>y quiz\u00e1 \u00e9l admira<\/p>\n<p>tus sinfon\u00edas perfectas.<\/p>\n<p>&nbsp;<\/p>\n<p>Viene la tempestad<\/p>\n<p>cuando el cielo se enoja<\/p>\n<p>y todo es humedad<\/p>\n<p>por unos largos d\u00edas.<\/p>\n<p>&nbsp;<\/p>\n<p>Luego todas las partes<\/p>\n<p>de este puzzle perfecto<\/p>\n<p>retoman su rutina<\/p>\n<p>por camino directo.<\/p>\n<p>&nbsp;<\/p>\n<p>Y vuelve la primavera<\/p>\n<p>a la vida olivarina<\/p>\n<p>y el fluir de las aguas<\/p>\n<p>de esta acequia cantarina.<\/p>\n<p>&nbsp;<\/p>\n<p>Regalando melod\u00edas<\/p>\n<p>contin\u00faas la vida,<\/p>\n<p>tus aguas deslizando<\/p>\n<p>cual rutina asumida.<\/p>\n<p>&nbsp;<\/p>\n","protected":false},"excerpt":{"rendered":"<p><span style=\"font-size: 85%;\">Fecha publicaci\u00f3n: Diciembre 2017<\/span><\/p>\n<p><span style=\"font-size: 85%;\">ISBN: 978-956-393-332-1<\/span><\/p>\n<p><span style=\"font-size: 85%;\">P\u00e1ginas: 102<\/span><\/p>\n<p><span style=\"font-size: 85%;\">Formato: 13.5 x 21.5 cms.<\/span><\/p>\n","protected":false},"featured_media":535,"comment_status":"open","ping_status":"closed","template":"","meta":[],"product_brand":[],"product_cat":[71],"product_tag":[],"class_list":{"0":"post-533","1":"product","2":"type-product","3":"status-publish","4":"has-post-thumbnail","6":"product_cat-coleccion-literatura-regional-2","8":"first","9":"instock","10":"taxable","11":"shipping-taxable","12":"purchasable","13":"product-type-simple"},"_links":{"self":[{"href":"https:\/\/ppediciones.cl\/index.php?rest_route=\/wp\/v2\/product\/533","targetHints":{"allow":["GET"]}}],"collection":[{"href":"https:\/\/ppediciones.cl\/index.php?rest_route=\/wp\/v2\/product"}],"about":[{"href":"https:\/\/ppediciones.cl\/index.php?rest_route=\/wp\/v2\/types\/product"}],"replies":[{"embeddable":true,"href":"https:\/\/ppediciones.cl\/index.php?rest_route=%2Fwp%2Fv2%2Fcomments&post=533"}],"wp:featuredmedia":[{"embeddable":true,"href":"https:\/\/ppediciones.cl\/index.php?rest_route=\/wp\/v2\/media\/535"}],"wp:attachment":[{"href":"https:\/\/ppediciones.cl\/index.php?rest_route=%2Fwp%2Fv2%2Fmedia&parent=533"}],"wp:term":[{"taxonomy":"product_brand","embeddable":true,"href":"https:\/\/ppediciones.cl\/index.php?rest_route=%2Fwp%2Fv2%2Fproduct_brand&post=533"},{"taxonomy":"product_cat","embeddable":true,"href":"https:\/\/ppediciones.cl\/index.php?rest_route=%2Fwp%2Fv2%2Fproduct_cat&post=533"},{"taxonomy":"product_tag","embeddable":true,"href":"https:\/\/ppediciones.cl\/index.php?rest_route=%2Fwp%2Fv2%2Fproduct_tag&post=533"}],"curies":[{"name":"wp","href":"https:\/\/api.w.org\/{rel}","templated":true}]}}