{"id":542,"date":"2019-02-11T16:06:09","date_gmt":"2019-02-11T16:06:09","guid":{"rendered":"http:\/\/ppediciones.cl\/?post_type=product&#038;p=542"},"modified":"2022-06-24T01:22:32","modified_gmt":"2022-06-24T01:22:32","slug":"tomo-43-tigresas-ardientes-paloma-valenzuela-berrios","status":"publish","type":"product","link":"https:\/\/ppediciones.cl\/?product=tomo-43-tigresas-ardientes-paloma-valenzuela-berrios","title":{"rendered":"TOMO 43 | Tigresas ardientes &#8211; Paloma Valenzuela Berr\u00edos"},"content":{"rendered":"<p><img loading=\"lazy\" decoding=\"async\" class=\"alignnone wp-image-543\" src=\"http:\/\/ppediciones.cl\/wp-content\/uploads\/2019\/02\/43-234x400.jpg\" alt=\"\" width=\"154\" height=\"263\" srcset=\"https:\/\/ppediciones.cl\/wp-content\/uploads\/2019\/02\/43-234x400.jpg 234w, https:\/\/ppediciones.cl\/wp-content\/uploads\/2019\/02\/43-467x800.jpg 467w, https:\/\/ppediciones.cl\/wp-content\/uploads\/2019\/02\/43-555x950.jpg 555w, https:\/\/ppediciones.cl\/wp-content\/uploads\/2019\/02\/43.jpg 595w\" sizes=\"auto, (max-width: 154px) 100vw, 154px\" \/><\/p>\n<p>Paloma Valenzuela Berr\u00edos (1978) es escritora y abogada. El a\u00f1o 2009 gana el primer lugar del concurso Juegos Literarios de Gabriela Mistral con su cuento N\u00e9stor Quilap\u00e1n, que se incluye en este libro. El a\u00f1o 2014 publica La Ciudadan\u00eda Tambi\u00e9n Es M\u00eda (Ed. Pehu\u00e9n), sobre derechos y ciudadan\u00eda para ni\u00f1os, y el 2016 lanza el libro Santiago Al Abordaje, Los Brujos Y Un Gran Viaje (Editorial Ocholibros), sobre el mito del origen de la Recta Provincia.<\/p>\n<p>\u201cTigresas Ardientes\u201d, su primera publicaci\u00f3n para adultos, es un compilado que re\u00fane cuentos, poemas y artefactos elaborados en distintas \u00e9pocas y bajo distintos cielos, y que habla sobre el ser mujer, sobre el acto de explorar una ciudad que nunca deja de ser ajena y sobre las variadas y coloridas estupefacciones que el mundo ofrece diariamente. En fin, un semillero de creaciones cortas para leer y\u00a0 disfrutar en\u00a0 cualquier orden y posici\u00f3n.<\/p>\n<p><span style=\"color: #ed1c24;\"><strong>(extracto)<\/strong><\/span><\/p>\n<p><strong>UN PROPIO CAMINO<\/strong><\/p>\n<p>&nbsp;<\/p>\n<p>En el portal<\/p>\n<p>de la misma escuela<\/p>\n<p>que me ense\u00f1\u00f3 a parir<\/p>\n<p>a\u00fan est\u00e1n mis padres anclados<\/p>\n<p>cada uno esperando<\/p>\n<p>algo del otro<\/p>\n<p>cada uno oy\u00e9ndose<\/p>\n<p>a s\u00ed mismo<\/p>\n<p>sentados espalda con espalda<\/p>\n<p>uno mirando hacia el norte<\/p>\n<p>otro mirando hacia el sur<\/p>\n<p>y yo<\/p>\n<p>y la ni\u00f1a abandonada que hay en m\u00ed<\/p>\n<p>nos despedimos de este templo<\/p>\n<p>lo adoramos<\/p>\n<p>y lo lloramos<\/p>\n<p>antes de partir.<\/p>\n<p><strong>\u00a0<\/strong><\/p>\n<p><strong>\u00a0<\/strong><\/p>\n<p><strong>EL PADRE KOKE<\/strong><\/p>\n<p><strong>\u00a0<\/strong><\/p>\n<p>Despu\u00e9s de quince a\u00f1os Jorge Mu\u00f1oz vuelve a su casa. Ha estado en Italia. En El Vaticano. En \u00c1frica.\u00a0 Ya nadie le dice Koke. Ahora es el Padre Jorge. Y pr\u00e1cticamente ya no tiene amigos. Ahora tiene feligreses. Mientras atraviesa la 5 Sur sobre la micro rural reconoce el mismo lugar que abandon\u00f3 cuando ten\u00eda 23. En contraste con su traje negro lleva un alzacuellos de color blanco que distingue su condici\u00f3n sacerdotal.<\/p>\n<p>&nbsp;<\/p>\n<p>Se baja en la plaza del Olivar y un olor a musgo y lluvia le dan la bienvenida. Es el mismo olor de siempre. Hace fr\u00edo. Las estufas est\u00e1n encendidas y el cielo blanco entre el humo y la niebla. Toma su malet\u00edn y camina en direcci\u00f3n a la cordillera de la costa. Pareciera que sus pasos no estuvieran totalmente decididos. Ha buscado a dios en la tierra. En la copa. En la cuna. Ahora los pies le pesan demasiado. En la esquina del molino gira hacia el sur y avanza un poco m\u00e1s. Ya est\u00e1 frente a la puerta azul de toda la vida. Nadie lo espera.<\/p>\n<p>&nbsp;<\/p>\n","protected":false},"excerpt":{"rendered":"<p>(AGOTADO)<\/p>\n<p><span style=\"font-size: 85%;\">Fecha publicaci\u00f3n: Marzo 2018<\/span><\/p>\n<p><span style=\"font-size: 85%;\">ISBN: 978-956-393-720-6<\/span><\/p>\n<p><span style=\"font-size: 85%;\">P\u00e1ginas: 86<\/span><\/p>\n<p><span style=\"font-size: 85%;\">Formato: 13.5 x 21.5 cms.<\/span><\/p>\n","protected":false},"featured_media":544,"comment_status":"open","ping_status":"closed","template":"","meta":[],"product_brand":[],"product_cat":[71],"product_tag":[],"class_list":{"0":"post-542","1":"product","2":"type-product","3":"status-publish","4":"has-post-thumbnail","6":"product_cat-coleccion-literatura-regional-2","8":"first","9":"instock","10":"taxable","11":"shipping-taxable","12":"purchasable","13":"product-type-simple"},"_links":{"self":[{"href":"https:\/\/ppediciones.cl\/index.php?rest_route=\/wp\/v2\/product\/542","targetHints":{"allow":["GET"]}}],"collection":[{"href":"https:\/\/ppediciones.cl\/index.php?rest_route=\/wp\/v2\/product"}],"about":[{"href":"https:\/\/ppediciones.cl\/index.php?rest_route=\/wp\/v2\/types\/product"}],"replies":[{"embeddable":true,"href":"https:\/\/ppediciones.cl\/index.php?rest_route=%2Fwp%2Fv2%2Fcomments&post=542"}],"wp:featuredmedia":[{"embeddable":true,"href":"https:\/\/ppediciones.cl\/index.php?rest_route=\/wp\/v2\/media\/544"}],"wp:attachment":[{"href":"https:\/\/ppediciones.cl\/index.php?rest_route=%2Fwp%2Fv2%2Fmedia&parent=542"}],"wp:term":[{"taxonomy":"product_brand","embeddable":true,"href":"https:\/\/ppediciones.cl\/index.php?rest_route=%2Fwp%2Fv2%2Fproduct_brand&post=542"},{"taxonomy":"product_cat","embeddable":true,"href":"https:\/\/ppediciones.cl\/index.php?rest_route=%2Fwp%2Fv2%2Fproduct_cat&post=542"},{"taxonomy":"product_tag","embeddable":true,"href":"https:\/\/ppediciones.cl\/index.php?rest_route=%2Fwp%2Fv2%2Fproduct_tag&post=542"}],"curies":[{"name":"wp","href":"https:\/\/api.w.org\/{rel}","templated":true}]}}