{"id":554,"date":"2019-02-11T16:14:38","date_gmt":"2019-02-11T16:14:38","guid":{"rendered":"http:\/\/ppediciones.cl\/?post_type=product&#038;p=554"},"modified":"2022-06-24T01:10:15","modified_gmt":"2022-06-24T01:10:15","slug":"tomo-5-punto-de-inflexion-karina-jimenez-salazar","status":"publish","type":"product","link":"https:\/\/ppediciones.cl\/?product=tomo-5-punto-de-inflexion-karina-jimenez-salazar","title":{"rendered":"Punto de Inflexi\u00f3n | Karina Jim\u00e9nez Salazar &#8211; TOMO 5 Colecci\u00f3n Sue\u00f1os"},"content":{"rendered":"<p>Karina Jim\u00e9nez Salazar es M\u00e9dico Psiquiatra y Psicoanalista, hija de emigrantes espa\u00f1oles, naci\u00f3 en 1955 en Santiago de Chile. Realiz\u00f3 sus estudios de Medicina en la Universidad de Chile y de Psiquiatr\u00eda en la Universidad Complutense de Madrid, ciudad en la que tambi\u00e9n se form\u00f3 como psicoanalista. Desarroll\u00f3 su carrera profesional en Canarias, Espa\u00f1a, durante treinta a\u00f1os.<\/p>\n<p>Desde 2011 reside y trabaja en Santiago de Chile. PUNTO DE INFLEXI\u00d3N es su primera incursi\u00f3n en la narrativa.<\/p>\n<p>Este conjunto de relatos constituye la Opera Prima de la autora, son retazos de vida, coyunturas existenciales en las que el desamparo del humano queda al descubierto, encuentros con lo real que emerge y nos confronta, provocando un cambio en la trayectoria, como un punto de inflexi\u00f3n. Ficciones autobiogr\u00e1ficas, cr\u00f3nicas intimistas, cuentos, historias familiares, sue\u00f1os, sirven a la autora en el intento de testimoniar de la vida a trav\u00e9s de una voz literaria propia.<\/p>\n<p>El amor, los viajes, la enfermedad, la distancia, el erotismo, los personajes, dan cuenta de las pasiones que agitan a los sujetos contempor\u00e1neos. Escrito en un lenguaje que quiere ser preciso en las palabras y evocador en las im\u00e1genes, a la vez que llegar al lector.<\/p>\n","protected":false},"excerpt":{"rendered":"<p><span style=\"font-size: 85%;\">Fecha publicaci\u00f3n: diciembre 2018<\/span><\/p>\n<p><span style=\"font-size: 85%;\">ISBN: 978-956-398-423-1<\/span><\/p>\n<p><span style=\"font-size: 85%;\">P\u00e1ginas: 90<\/span><\/p>\n<p><span style=\"font-size: 85%;\">Formato: 13.5 x 21.5 cms.<\/span><\/p>\n","protected":false},"featured_media":555,"comment_status":"open","ping_status":"closed","template":"","meta":[],"product_brand":[],"product_cat":[72],"product_tag":[],"class_list":{"0":"post-554","1":"product","2":"type-product","3":"status-publish","4":"has-post-thumbnail","6":"product_cat-coleccion-suenos","8":"first","9":"instock","10":"taxable","11":"shipping-taxable","12":"purchasable","13":"product-type-simple"},"_links":{"self":[{"href":"https:\/\/ppediciones.cl\/index.php?rest_route=\/wp\/v2\/product\/554","targetHints":{"allow":["GET"]}}],"collection":[{"href":"https:\/\/ppediciones.cl\/index.php?rest_route=\/wp\/v2\/product"}],"about":[{"href":"https:\/\/ppediciones.cl\/index.php?rest_route=\/wp\/v2\/types\/product"}],"replies":[{"embeddable":true,"href":"https:\/\/ppediciones.cl\/index.php?rest_route=%2Fwp%2Fv2%2Fcomments&post=554"}],"wp:featuredmedia":[{"embeddable":true,"href":"https:\/\/ppediciones.cl\/index.php?rest_route=\/wp\/v2\/media\/555"}],"wp:attachment":[{"href":"https:\/\/ppediciones.cl\/index.php?rest_route=%2Fwp%2Fv2%2Fmedia&parent=554"}],"wp:term":[{"taxonomy":"product_brand","embeddable":true,"href":"https:\/\/ppediciones.cl\/index.php?rest_route=%2Fwp%2Fv2%2Fproduct_brand&post=554"},{"taxonomy":"product_cat","embeddable":true,"href":"https:\/\/ppediciones.cl\/index.php?rest_route=%2Fwp%2Fv2%2Fproduct_cat&post=554"},{"taxonomy":"product_tag","embeddable":true,"href":"https:\/\/ppediciones.cl\/index.php?rest_route=%2Fwp%2Fv2%2Fproduct_tag&post=554"}],"curies":[{"name":"wp","href":"https:\/\/api.w.org\/{rel}","templated":true}]}}