{"id":618,"date":"2019-03-27T13:57:27","date_gmt":"2019-03-27T13:57:27","guid":{"rendered":"http:\/\/ppediciones.cl\/?post_type=product&#038;p=618"},"modified":"2021-11-24T11:17:34","modified_gmt":"2021-11-24T11:17:34","slug":"florilegio-de-pasion-y-locura-carlos-leiva","status":"publish","type":"product","link":"https:\/\/ppediciones.cl\/?product=florilegio-de-pasion-y-locura-carlos-leiva","title":{"rendered":"Florilegio de pasi\u00f3n y locura &#8211; Carlos Leiva"},"content":{"rendered":"<p>Carlos Leiva Cordero, naci\u00f3 en Coya, pero toda su vida se plasm\u00f3 en Rancagua. Curs\u00f3 estudios secundarios en el emblem\u00e1tico Liceo Oscar Castro Z\u00fa\u00f1iga y posteriormente se titul\u00f3 de Enfermero en la Universidad Nacional Andr\u00e9s Bello. Desde el a\u00f1o 2009 se desempe\u00f1a en la Unidad de Paciente Cr\u00edtico del Hospital Libertador Gral. Bernardo O\u2019Higgins en la ciudad que le vio crecer y convertirse en amante de las letras. En un escritor que logra repletar sus versos con pasiones, sentimientos y emociones. Se puede inhalar en la lectura de cada verso, la esencia vivaz y efusiva arraigada en lo m\u00e1s profunda del alma.<\/p>\n<p>\u201cFlorilegio de Pasi\u00f3n y Locura\u201d, su primera publicaci\u00f3n, es una rom\u00e1ntica antolog\u00eda colmada de inquietos y excitantes sentimientos\u2026 para enamorados, amantes y olvidados.<\/p>\n","protected":false},"excerpt":{"rendered":"<p><span style=\"font-size: 85%;\">Fecha publicaci\u00f3n: Enero 2018<\/span><\/p>\n<p><span style=\"font-size: 85%;\">ISBN: 978-956-393-505-9<\/span><\/p>\n<p><span style=\"font-size: 85%;\">P\u00e1ginas: 74<\/span><\/p>\n<p><span style=\"font-size: 85%;\">Formato: 13.5 x 21.5 cms.<\/span><\/p>\n<p><span style=\"font-size: 85%;\">Valor: $\u00a0 CLP<\/span><\/p>\n","protected":false},"featured_media":619,"comment_status":"open","ping_status":"closed","template":"","meta":[],"product_brand":[],"product_cat":[118,181,73],"product_tag":[],"class_list":{"0":"post-618","1":"product","2":"type-product","3":"status-publish","4":"has-post-thumbnail","6":"product_cat-118","7":"product_cat-catalogo","8":"product_cat-libros-impresos","10":"first","11":"instock","12":"taxable","13":"shipping-taxable","14":"product-type-simple"},"_links":{"self":[{"href":"https:\/\/ppediciones.cl\/index.php?rest_route=\/wp\/v2\/product\/618","targetHints":{"allow":["GET"]}}],"collection":[{"href":"https:\/\/ppediciones.cl\/index.php?rest_route=\/wp\/v2\/product"}],"about":[{"href":"https:\/\/ppediciones.cl\/index.php?rest_route=\/wp\/v2\/types\/product"}],"replies":[{"embeddable":true,"href":"https:\/\/ppediciones.cl\/index.php?rest_route=%2Fwp%2Fv2%2Fcomments&post=618"}],"wp:featuredmedia":[{"embeddable":true,"href":"https:\/\/ppediciones.cl\/index.php?rest_route=\/wp\/v2\/media\/619"}],"wp:attachment":[{"href":"https:\/\/ppediciones.cl\/index.php?rest_route=%2Fwp%2Fv2%2Fmedia&parent=618"}],"wp:term":[{"taxonomy":"product_brand","embeddable":true,"href":"https:\/\/ppediciones.cl\/index.php?rest_route=%2Fwp%2Fv2%2Fproduct_brand&post=618"},{"taxonomy":"product_cat","embeddable":true,"href":"https:\/\/ppediciones.cl\/index.php?rest_route=%2Fwp%2Fv2%2Fproduct_cat&post=618"},{"taxonomy":"product_tag","embeddable":true,"href":"https:\/\/ppediciones.cl\/index.php?rest_route=%2Fwp%2Fv2%2Fproduct_tag&post=618"}],"curies":[{"name":"wp","href":"https:\/\/api.w.org\/{rel}","templated":true}]}}