{"id":620,"date":"2019-03-27T14:00:14","date_gmt":"2019-03-27T14:00:14","guid":{"rendered":"http:\/\/ppediciones.cl\/?post_type=product&#038;p=620"},"modified":"2024-09-04T18:36:54","modified_gmt":"2024-09-04T18:36:54","slug":"emisor-y-receptor-daniel-maturana","status":"publish","type":"product","link":"https:\/\/ppediciones.cl\/?product=emisor-y-receptor-daniel-maturana","title":{"rendered":"Emisor y Receptor &#8211; Daniel Maturana"},"content":{"rendered":"<p>Daniel Alex Maturana Caballero, bioqu\u00edmico y magister en innovaci\u00f3n con formaci\u00f3n en antropolog\u00eda cultural y sociolog\u00eda. Desde el a\u00f1o 2010 ha investigado la cultura y los efectos de la misma en los individuos de una sociedad. El autor se ha destacado por sus escritos de relatos cortos que se materializar\u00e1n en una obra llamada \u201cCuentos inesperados\u201d. Este libro abre la saga de \u201cParanoia en el tiempo y espacio\u201d, donde \u201cEmisor y receptor\u201d funciona como integrador de los tiempos.<\/p>\n<p>Los humanos de un futuro distante en 2100, intentan comunicarse con los del pasado, a fines del 1800. En ese mismo marco, se desenmascara una planificada organizaci\u00f3n que ha intentado dictar los pilares de nuestro mundo. Desde la valiente Teresa, que carga el peso de su hermano con capacidad diferente mientras es seleccionada como la primera en conocer la verdad de los viajeros temporales; hasta la silenciosa Crota, que le ha tocado visitar a la hist\u00f3rica chilena Maipina de la Barra, los distintos episodios de la obra tratan de colocar al lector en el lugar de los hechos.<\/p>\n","protected":false},"excerpt":{"rendered":"<p><span style=\"font-size: 85%;\">Fecha publicaci\u00f3n: Febrero 2018 (segunda edici\u00f3n)<\/span><\/p>\n<p><span style=\"font-size: 85%;\">ISBN: 978-956-393-333-8<\/span><\/p>\n<p><span style=\"font-size: 85%;\">P\u00e1ginas: 82<\/span><\/p>\n<p><span style=\"font-size: 85%;\">Formato: 13.5 x 21.5 cms.<\/span><\/p>\n","protected":false},"featured_media":621,"comment_status":"open","ping_status":"closed","template":"","meta":[],"product_brand":[],"product_cat":[118,181,73],"product_tag":[],"class_list":{"0":"post-620","1":"product","2":"type-product","3":"status-publish","4":"has-post-thumbnail","6":"product_cat-118","7":"product_cat-catalogo","8":"product_cat-libros-impresos","10":"first","11":"instock","12":"taxable","13":"shipping-taxable","14":"product-type-simple"},"_links":{"self":[{"href":"https:\/\/ppediciones.cl\/index.php?rest_route=\/wp\/v2\/product\/620","targetHints":{"allow":["GET"]}}],"collection":[{"href":"https:\/\/ppediciones.cl\/index.php?rest_route=\/wp\/v2\/product"}],"about":[{"href":"https:\/\/ppediciones.cl\/index.php?rest_route=\/wp\/v2\/types\/product"}],"replies":[{"embeddable":true,"href":"https:\/\/ppediciones.cl\/index.php?rest_route=%2Fwp%2Fv2%2Fcomments&post=620"}],"wp:featuredmedia":[{"embeddable":true,"href":"https:\/\/ppediciones.cl\/index.php?rest_route=\/wp\/v2\/media\/621"}],"wp:attachment":[{"href":"https:\/\/ppediciones.cl\/index.php?rest_route=%2Fwp%2Fv2%2Fmedia&parent=620"}],"wp:term":[{"taxonomy":"product_brand","embeddable":true,"href":"https:\/\/ppediciones.cl\/index.php?rest_route=%2Fwp%2Fv2%2Fproduct_brand&post=620"},{"taxonomy":"product_cat","embeddable":true,"href":"https:\/\/ppediciones.cl\/index.php?rest_route=%2Fwp%2Fv2%2Fproduct_cat&post=620"},{"taxonomy":"product_tag","embeddable":true,"href":"https:\/\/ppediciones.cl\/index.php?rest_route=%2Fwp%2Fv2%2Fproduct_tag&post=620"}],"curies":[{"name":"wp","href":"https:\/\/api.w.org\/{rel}","templated":true}]}}