{"id":626,"date":"2019-03-27T15:07:29","date_gmt":"2019-03-27T15:07:29","guid":{"rendered":"http:\/\/ppediciones.cl\/?post_type=product&#038;p=626"},"modified":"2024-10-02T19:26:35","modified_gmt":"2024-10-02T19:26:35","slug":"recuerdos-de-un-aysenino-alberto-saini-baroni","status":"publish","type":"product","link":"https:\/\/ppediciones.cl\/?product=recuerdos-de-un-aysenino-alberto-saini-baroni","title":{"rendered":"Recuerdos de un Aysenino &#8211; Alberto Sa\u00edni Baroni"},"content":{"rendered":"<p>Las p\u00e1ginas de este libro traen recuerdos y nostalgias de esta tierra patagona, donde el autor ha vivido m\u00e1s de sesenta a\u00f1os. Tiempo para evocar a tantos que se han ido y a quienes a\u00fan, a veces con paso cansino, deambulan hoy por estas calles que ya se han hecho ruidosas. El contenido de este libro no es solo un homenaje a quienes \u201cllegaron primero\u201d, a quienes vivieron, aquellos a\u00f1os, verdaderos inviernos de nieve, escarchas y soledades. A esos hombres constructores de humildes candongas y de largas traves\u00edas, en pos de sus v\u00edveres, cubriendo sus cuerpos, en noches de cielo amenazante, solo con su modesta montura, olor a caballo sudado. Se recuerda tambi\u00e9n, a valientes exploradores, historiadores, poetas, m\u00fasicos, cuya participaci\u00f3n en esta regi\u00f3n, ha dejado una huella profunda.<\/p>\n","protected":false},"excerpt":{"rendered":"<p><span style=\"font-size: 85%;\">Fecha publicaci\u00f3n: Febrero 2018 (segunda edici\u00f3n)<\/span><\/p>\n<p><span style=\"font-size: 85%;\">ISBN: 978-956-393-506-6<\/span><\/p>\n<p><span style=\"font-size: 85%;\">P\u00e1ginas: 112<\/span><\/p>\n<p><span style=\"font-size: 85%;\">Formato: 26 x 22 cms.<\/span><\/p>\n","protected":false},"featured_media":627,"comment_status":"open","ping_status":"closed","template":"","meta":[],"product_brand":[],"product_cat":[118,181,73],"product_tag":[],"class_list":{"0":"post-626","1":"product","2":"type-product","3":"status-publish","4":"has-post-thumbnail","6":"product_cat-118","7":"product_cat-catalogo","8":"product_cat-libros-impresos","10":"first","11":"instock","12":"taxable","13":"shipping-taxable","14":"product-type-simple"},"_links":{"self":[{"href":"https:\/\/ppediciones.cl\/index.php?rest_route=\/wp\/v2\/product\/626","targetHints":{"allow":["GET"]}}],"collection":[{"href":"https:\/\/ppediciones.cl\/index.php?rest_route=\/wp\/v2\/product"}],"about":[{"href":"https:\/\/ppediciones.cl\/index.php?rest_route=\/wp\/v2\/types\/product"}],"replies":[{"embeddable":true,"href":"https:\/\/ppediciones.cl\/index.php?rest_route=%2Fwp%2Fv2%2Fcomments&post=626"}],"wp:featuredmedia":[{"embeddable":true,"href":"https:\/\/ppediciones.cl\/index.php?rest_route=\/wp\/v2\/media\/627"}],"wp:attachment":[{"href":"https:\/\/ppediciones.cl\/index.php?rest_route=%2Fwp%2Fv2%2Fmedia&parent=626"}],"wp:term":[{"taxonomy":"product_brand","embeddable":true,"href":"https:\/\/ppediciones.cl\/index.php?rest_route=%2Fwp%2Fv2%2Fproduct_brand&post=626"},{"taxonomy":"product_cat","embeddable":true,"href":"https:\/\/ppediciones.cl\/index.php?rest_route=%2Fwp%2Fv2%2Fproduct_cat&post=626"},{"taxonomy":"product_tag","embeddable":true,"href":"https:\/\/ppediciones.cl\/index.php?rest_route=%2Fwp%2Fv2%2Fproduct_tag&post=626"}],"curies":[{"name":"wp","href":"https:\/\/api.w.org\/{rel}","templated":true}]}}