{"id":628,"date":"2019-03-27T15:09:22","date_gmt":"2019-03-27T15:09:22","guid":{"rendered":"http:\/\/ppediciones.cl\/?post_type=product&#038;p=628"},"modified":"2023-05-19T03:22:50","modified_gmt":"2023-05-19T03:22:50","slug":"mis-recuerdos-de-sewell-osvaldo-rodriguez-garate","status":"publish","type":"product","link":"https:\/\/ppediciones.cl\/?product=mis-recuerdos-de-sewell-osvaldo-rodriguez-garate","title":{"rendered":"Mis recuerdos de Sewell &#8211; Osvaldo Rodr\u00edguez G\u00e1rate"},"content":{"rendered":"<p>Osvaldo Omar Rodr\u00edguez G\u00e1rate, nace el 7 de octubre de 1942 en el hospital de Sewell, ciudad donde adem\u00e1s realiza sus estudios primarios. En 1961 ingresa a trabajar en la Braden Cooper Company, como estudiante en pr\u00e1ctica, donde se desempe\u00f1ar\u00eda 15 a\u00f1os como capataz de construcci\u00f3n y mantenci\u00f3n con bono de jefe de obras. Los siguientes a\u00f1os trabaja en los Programas de Expansi\u00f3n de las grandes mineras del norte de Chile y como monitor de Movimiento de Tierra Masivo con equipo pesado en Per\u00fa, hasta jubilarse.<\/p>\n<p>En \u201cMis recuerdos de Sewell\u201d, el autor nos introduce en sus propios recuerdos, evocando su infancia transcurrida en el principal campamento minero de la precordillera de la sexta regi\u00f3n. Rememora su ni\u00f1ez, su infancia, su juventud y su adultez. El respeto y responsabilidad hacia sus mayores, sus primeras letras y conocimientos, sus incertidumbres afectivas, sus primeros enamoramientos, el amor por los deportes, el traslado de su hogar a Rancagua. Un homenaje a la ciudad y a la gente que lo vio crecer y convertirse en lo que es hoy.<\/p>\n<p>&nbsp;<\/p>\n","protected":false},"excerpt":{"rendered":"<p><span style=\"font-size: 85%;\">Fecha publicaci\u00f3n: Marzo 2018<\/span><\/p>\n<p><span style=\"font-size: 85%;\">ISBN: 978-956-393-615-5<\/span><\/p>\n<p><span style=\"font-size: 85%;\">P\u00e1ginas: 84<\/span><\/p>\n<p><span style=\"font-size: 85%;\">Formato: 15 x 22 cms.<\/span><\/p>\n","protected":false},"featured_media":629,"comment_status":"open","ping_status":"closed","template":"","meta":[],"product_brand":[],"product_cat":[118,181,73],"product_tag":[],"class_list":{"0":"post-628","1":"product","2":"type-product","3":"status-publish","4":"has-post-thumbnail","6":"product_cat-118","7":"product_cat-catalogo","8":"product_cat-libros-impresos","10":"first","11":"instock","12":"taxable","13":"shipping-taxable","14":"product-type-simple"},"_links":{"self":[{"href":"https:\/\/ppediciones.cl\/index.php?rest_route=\/wp\/v2\/product\/628","targetHints":{"allow":["GET"]}}],"collection":[{"href":"https:\/\/ppediciones.cl\/index.php?rest_route=\/wp\/v2\/product"}],"about":[{"href":"https:\/\/ppediciones.cl\/index.php?rest_route=\/wp\/v2\/types\/product"}],"replies":[{"embeddable":true,"href":"https:\/\/ppediciones.cl\/index.php?rest_route=%2Fwp%2Fv2%2Fcomments&post=628"}],"wp:featuredmedia":[{"embeddable":true,"href":"https:\/\/ppediciones.cl\/index.php?rest_route=\/wp\/v2\/media\/629"}],"wp:attachment":[{"href":"https:\/\/ppediciones.cl\/index.php?rest_route=%2Fwp%2Fv2%2Fmedia&parent=628"}],"wp:term":[{"taxonomy":"product_brand","embeddable":true,"href":"https:\/\/ppediciones.cl\/index.php?rest_route=%2Fwp%2Fv2%2Fproduct_brand&post=628"},{"taxonomy":"product_cat","embeddable":true,"href":"https:\/\/ppediciones.cl\/index.php?rest_route=%2Fwp%2Fv2%2Fproduct_cat&post=628"},{"taxonomy":"product_tag","embeddable":true,"href":"https:\/\/ppediciones.cl\/index.php?rest_route=%2Fwp%2Fv2%2Fproduct_tag&post=628"}],"curies":[{"name":"wp","href":"https:\/\/api.w.org\/{rel}","templated":true}]}}