{"id":634,"date":"2019-03-27T15:14:38","date_gmt":"2019-03-27T15:14:38","guid":{"rendered":"http:\/\/ppediciones.cl\/?post_type=product&#038;p=634"},"modified":"2021-11-24T11:15:14","modified_gmt":"2021-11-24T11:15:14","slug":"revista-de-salud-ldmental","status":"publish","type":"product","link":"https:\/\/ppediciones.cl\/?product=revista-de-salud-ldmental","title":{"rendered":"Revista Salud LMental | Directora Ver\u00f3nica Garay Moffat"},"content":{"rendered":"<p>Hacia una salud mental integradora donde exista una apertura a diversos enfoques y planteamientos, dentro de lo que estudia la salud elemental, la psicolog\u00eda, la medicina, las ciencias sociales, la filosof\u00eda, el arteterapia, el psicodrama, la ecolog\u00eda y la medicina alternativa entre otras.<\/p>\n","protected":false},"excerpt":{"rendered":"<p><span style=\"font-size: 85%;\">Fecha publicaci\u00f3n: Mayo 2018<\/span><\/p>\n<p><span style=\"font-size: 85%;\">ISSN: 0719-9538<\/span><\/p>\n<p><span style=\"font-size: 85%;\">P\u00e1ginas: 36<\/span><\/p>\n<p><span style=\"font-size: 85%;\">Formato: 21.5 x 28 cms.<\/span><\/p>\n","protected":false},"featured_media":635,"comment_status":"open","ping_status":"closed","template":"","meta":[],"product_brand":[],"product_cat":[118,181,73],"product_tag":[],"class_list":{"0":"post-634","1":"product","2":"type-product","3":"status-publish","4":"has-post-thumbnail","6":"product_cat-118","7":"product_cat-catalogo","8":"product_cat-libros-impresos","10":"first","11":"instock","12":"taxable","13":"shipping-taxable","14":"product-type-simple"},"_links":{"self":[{"href":"https:\/\/ppediciones.cl\/index.php?rest_route=\/wp\/v2\/product\/634","targetHints":{"allow":["GET"]}}],"collection":[{"href":"https:\/\/ppediciones.cl\/index.php?rest_route=\/wp\/v2\/product"}],"about":[{"href":"https:\/\/ppediciones.cl\/index.php?rest_route=\/wp\/v2\/types\/product"}],"replies":[{"embeddable":true,"href":"https:\/\/ppediciones.cl\/index.php?rest_route=%2Fwp%2Fv2%2Fcomments&post=634"}],"wp:featuredmedia":[{"embeddable":true,"href":"https:\/\/ppediciones.cl\/index.php?rest_route=\/wp\/v2\/media\/635"}],"wp:attachment":[{"href":"https:\/\/ppediciones.cl\/index.php?rest_route=%2Fwp%2Fv2%2Fmedia&parent=634"}],"wp:term":[{"taxonomy":"product_brand","embeddable":true,"href":"https:\/\/ppediciones.cl\/index.php?rest_route=%2Fwp%2Fv2%2Fproduct_brand&post=634"},{"taxonomy":"product_cat","embeddable":true,"href":"https:\/\/ppediciones.cl\/index.php?rest_route=%2Fwp%2Fv2%2Fproduct_cat&post=634"},{"taxonomy":"product_tag","embeddable":true,"href":"https:\/\/ppediciones.cl\/index.php?rest_route=%2Fwp%2Fv2%2Fproduct_tag&post=634"}],"curies":[{"name":"wp","href":"https:\/\/api.w.org\/{rel}","templated":true}]}}