{"id":636,"date":"2019-03-27T15:16:39","date_gmt":"2019-03-27T15:16:39","guid":{"rendered":"http:\/\/ppediciones.cl\/?post_type=product&#038;p=636"},"modified":"2024-10-04T02:43:19","modified_gmt":"2024-10-04T02:43:19","slug":"camino-al-alma-aquiles-rios-parra-aripa","status":"publish","type":"product","link":"https:\/\/ppediciones.cl\/?product=camino-al-alma-aquiles-rios-parra-aripa","title":{"rendered":"Camino al alma | Aquiles R\u00edos Parra (Aripa)"},"content":{"rendered":"<p>AQUILES R\u00cdOS PARRA (Aripa), hijo de Juan R\u00edos y Raquel Parra, naci\u00f3 el 18 de Junio de 1960 en la ciudad de Coronel, cuando su Padre se desempe\u00f1aba como minero del carb\u00f3n.\u00a0 A los dos a\u00f1os de edad la familia se traslada a la Ciudad de Bulnes, Regi\u00f3n de \u00d1uble, lugar donde realiza la educaci\u00f3n b\u00e1sica en la ex escuela N\u00b0 3 (hoy Escuela Celia Urrutia). La educaci\u00f3n secundaria lo hace en la Escuela Industrial de Chill\u00e1n. \u00a0El a\u00f1o 1980 fallece su Padre, hito que marca su vida; toda la rabia y dolor interno lo comienza a volcar a trav\u00e9s de los versos, como una forma de desahogo. Actualmente reside en San Francisco de Mostazal.<\/p>\n<p>Ha publicado \u201cHoras de silencio\u201d (2015), \u201cDe viajes y nostalgias\u201d (2016), \u201cSentimientos Encontrados\u201d (2016) y ahora \u201cCamino al alma\u201d (2018), todos ellos bajo el sello Primeros Pasos Ediciones.<\/p>\n<p>Fue Nombrado embajador de San Francisco de Mostazal para Chile Pa\u00eds de Poetas. En el \u00faltimo a\u00f1o ha participado en encuentros de poes\u00eda en algunas ciudades: Chill\u00e1n, Graneros, El Tabo, Las Cruces, Valpara\u00edso,\u00a0 Rancagua, Rosario, Quilicura y La Serena.<\/p>\n","protected":false},"excerpt":{"rendered":"<p><span style=\"font-size: 85%;\">Fecha publicaci\u00f3n: Junio 2018<\/span><\/p>\n<p><span style=\"font-size: 85%;\">ISBN: 978-956-393-839-5<\/span><\/p>\n<p><span style=\"font-size: 85%;\">P\u00e1ginas: 100<\/span><\/p>\n<p><span style=\"font-size: 85%;\">Formato: 13.5 x 21.5 cms<\/span>.<\/p>\n","protected":false},"featured_media":637,"comment_status":"open","ping_status":"closed","template":"","meta":[],"product_brand":[],"product_cat":[118,181,73],"product_tag":[],"class_list":{"0":"post-636","1":"product","2":"type-product","3":"status-publish","4":"has-post-thumbnail","6":"product_cat-118","7":"product_cat-catalogo","8":"product_cat-libros-impresos","10":"first","11":"instock","12":"taxable","13":"shipping-taxable","14":"product-type-simple"},"_links":{"self":[{"href":"https:\/\/ppediciones.cl\/index.php?rest_route=\/wp\/v2\/product\/636","targetHints":{"allow":["GET"]}}],"collection":[{"href":"https:\/\/ppediciones.cl\/index.php?rest_route=\/wp\/v2\/product"}],"about":[{"href":"https:\/\/ppediciones.cl\/index.php?rest_route=\/wp\/v2\/types\/product"}],"replies":[{"embeddable":true,"href":"https:\/\/ppediciones.cl\/index.php?rest_route=%2Fwp%2Fv2%2Fcomments&post=636"}],"wp:featuredmedia":[{"embeddable":true,"href":"https:\/\/ppediciones.cl\/index.php?rest_route=\/wp\/v2\/media\/637"}],"wp:attachment":[{"href":"https:\/\/ppediciones.cl\/index.php?rest_route=%2Fwp%2Fv2%2Fmedia&parent=636"}],"wp:term":[{"taxonomy":"product_brand","embeddable":true,"href":"https:\/\/ppediciones.cl\/index.php?rest_route=%2Fwp%2Fv2%2Fproduct_brand&post=636"},{"taxonomy":"product_cat","embeddable":true,"href":"https:\/\/ppediciones.cl\/index.php?rest_route=%2Fwp%2Fv2%2Fproduct_cat&post=636"},{"taxonomy":"product_tag","embeddable":true,"href":"https:\/\/ppediciones.cl\/index.php?rest_route=%2Fwp%2Fv2%2Fproduct_tag&post=636"}],"curies":[{"name":"wp","href":"https:\/\/api.w.org\/{rel}","templated":true}]}}