{"id":638,"date":"2019-03-27T15:19:11","date_gmt":"2019-03-27T15:19:11","guid":{"rendered":"http:\/\/ppediciones.cl\/?post_type=product&#038;p=638"},"modified":"2021-11-24T03:16:56","modified_gmt":"2021-11-24T03:16:56","slug":"las-cuevas-encantadas-edgard-soto-ossa","status":"publish","type":"product","link":"https:\/\/ppediciones.cl\/?product=las-cuevas-encantadas-edgard-soto-ossa","title":{"rendered":"Las cuevas encantadas | Edgard Soto Ossa"},"content":{"rendered":"<p>Las cuevas encantadas \u00a1M\u00e1s que una leyenda!, narra la aventura y fantas\u00eda que bien cuatro ni\u00f1os de entre diez y doce a\u00f1os (Carito, Daniel, Lucy y Luch\u00edn). Todo parte durante las vacaciones cuando uno de ellos (Carito) decide leer un libro que recibe el d\u00eda de su cumplea\u00f1os. Sin saber c\u00f3mo, se ve involucrada con los personajes de esa obra, entre el mundo real y \u201caparentemente ficticio\u201d. Entre estas cuevas oscuras y vertientes. Mientras, sus amigos y hermano hacen un esfuerzo por descubrir lo que pasa con ella que ha desaparecido. La trama nos presenta el valor de la amistad, la lealtad y el amor por la familia. Una historia que cautiva la atenci\u00f3n del lector de principio a fin.<\/p>\n<p>Edgar R. Soto Ossa, naci\u00f3 en el a\u00f1o 1963, en la ciudad de Rancagua, Chile. Desde los dieciocho a\u00f1os ejerce como profesor, lo que le ha permitido conocer y descubrir el mundo de los ni\u00f1os y j\u00f3venes en base a la cercan\u00eda y el testimonio. El compromiso con sus alumnos y alumnas lo motivas en su formaci\u00f3n: Licenciado en Educaci\u00f3n con Post t\u00edtulo en Educaci\u00f3n Diferenciada y Mag\u00edster en Educaci\u00f3n con Menci\u00f3n en Orientaci\u00f3n y Tutor\u00eda, entre otros. Actualmente es Educador Marista, su tarea principal es acompa\u00f1ar a los j\u00f3venes en su \u00e1rea personal y espiritual con sus clases de Religi\u00f3n y Animaci\u00f3n Pastoral.<\/p>\n","protected":false},"excerpt":{"rendered":"<p><span style=\"font-size: 85%;\">Fecha publicaci\u00f3n: Junio 2018 (cuarta edici\u00f3n)<\/span><\/p>\n<p><span style=\"font-size: 85%;\">ISBN: 978-987-02-7302-8<\/span><\/p>\n<p><span style=\"font-size: 85%;\">P\u00e1ginas: 90<\/span><\/p>\n<p><span style=\"font-size: 85%;\">Formato: 15 x 22 cms.<\/span><\/p>\n","protected":false},"featured_media":639,"comment_status":"open","ping_status":"closed","template":"","meta":[],"product_brand":[],"product_cat":[118,181],"product_tag":[],"class_list":{"0":"post-638","1":"product","2":"type-product","3":"status-publish","4":"has-post-thumbnail","6":"product_cat-118","7":"product_cat-catalogo","9":"first","10":"instock","11":"taxable","12":"shipping-taxable","13":"product-type-simple"},"_links":{"self":[{"href":"https:\/\/ppediciones.cl\/index.php?rest_route=\/wp\/v2\/product\/638","targetHints":{"allow":["GET"]}}],"collection":[{"href":"https:\/\/ppediciones.cl\/index.php?rest_route=\/wp\/v2\/product"}],"about":[{"href":"https:\/\/ppediciones.cl\/index.php?rest_route=\/wp\/v2\/types\/product"}],"replies":[{"embeddable":true,"href":"https:\/\/ppediciones.cl\/index.php?rest_route=%2Fwp%2Fv2%2Fcomments&post=638"}],"wp:featuredmedia":[{"embeddable":true,"href":"https:\/\/ppediciones.cl\/index.php?rest_route=\/wp\/v2\/media\/639"}],"wp:attachment":[{"href":"https:\/\/ppediciones.cl\/index.php?rest_route=%2Fwp%2Fv2%2Fmedia&parent=638"}],"wp:term":[{"taxonomy":"product_brand","embeddable":true,"href":"https:\/\/ppediciones.cl\/index.php?rest_route=%2Fwp%2Fv2%2Fproduct_brand&post=638"},{"taxonomy":"product_cat","embeddable":true,"href":"https:\/\/ppediciones.cl\/index.php?rest_route=%2Fwp%2Fv2%2Fproduct_cat&post=638"},{"taxonomy":"product_tag","embeddable":true,"href":"https:\/\/ppediciones.cl\/index.php?rest_route=%2Fwp%2Fv2%2Fproduct_tag&post=638"}],"curies":[{"name":"wp","href":"https:\/\/api.w.org\/{rel}","templated":true}]}}