{"id":642,"date":"2019-03-27T15:22:39","date_gmt":"2019-03-27T15:22:39","guid":{"rendered":"http:\/\/ppediciones.cl\/?post_type=product&#038;p=642"},"modified":"2023-11-27T18:46:53","modified_gmt":"2023-11-27T18:46:53","slug":"escritos-de-guerra-fernando-sanhueza-olea","status":"publish","type":"product","link":"https:\/\/ppediciones.cl\/?product=escritos-de-guerra-fernando-sanhueza-olea","title":{"rendered":"Escritos de guerra | Fernando Sanhueza Olea"},"content":{"rendered":"<p>Fernando Sanhueza Olea, vecino de la localidad de Paine. Artesano en cester\u00eda r\u00fastica. Colabora en publicaciones de Buin y Paine. Publica el a\u00f1o 2.000, en conjunto con el poeta buinense Iv\u00e1n Cort\u00e9s Cruz,\u00a0 una\u00a0 Antolog\u00eda de Boris Calder\u00f3n. Prepara su reedici\u00f3n para pronto.<\/p>\n<p>Ha publicado los poemarios &#8220;Perro muerto&#8221; (2015) &#8220;Escrito en tierra&#8221; (2016), ambos en Mosquito Editores, e \u201cImpedir que amanezca\u201d (2017) por Primeros Pasos Ediciones.<\/p>\n<p>ESCRITOS\u00a0 de\u00a0 GUERRA es un conjunto de relatos donde ficci\u00f3n y realidad se entrelazan en estas extra\u00f1as\u00a0 sensaciones de la guerra pol\u00edtica de rosas y vino. La guerra es real y es ficticia. Vencedores y vencidos para armar. Es un explosivo rumor. Hay jurisprudencia hincada y tratados vejados. A veces la guerra no existi\u00f3, pero las colaterales v\u00edctimas s\u00ed. En otras alternativas se reconoce la marginalidad de la guerra, pero no aparecen los cuerpos. Disparan al aire cuando vuelan lindos estudiantes, j\u00f3venes obreros,\u00a0 buenos padres\u00a0 y \u00e1ngeles meticulosos y libertarios. \u00bfO no hubo una criminal dictadura? y todo es una pesadilla eterna entre torturados y secuestradores en la hermen\u00e9utica del olvido impuesto transformado en negocio del producto Memoria.<\/p>\n","protected":false},"excerpt":{"rendered":"<p><span style=\"font-size: 85%;\">Fecha publicaci\u00f3n: Agosto 2018 (segunda edici\u00f3n)<\/span><\/p>\n<p><span style=\"font-size: 85%;\">ISBN: 978-956-368-757-6<\/span><\/p>\n<p><span style=\"font-size: 85%;\">P\u00e1ginas: 248<\/span><\/p>\n<p><span style=\"font-size: 85%;\">Formato: 14 x 21.5 cms.<\/span><\/p>\n","protected":false},"featured_media":2007,"comment_status":"open","ping_status":"closed","template":"","meta":[],"product_brand":[],"product_cat":[15],"product_tag":[],"class_list":{"0":"post-642","1":"product","2":"type-product","3":"status-publish","4":"has-post-thumbnail","6":"product_cat-sin-categoria","8":"first","9":"instock","10":"taxable","11":"shipping-taxable","12":"product-type-simple"},"_links":{"self":[{"href":"https:\/\/ppediciones.cl\/index.php?rest_route=\/wp\/v2\/product\/642","targetHints":{"allow":["GET"]}}],"collection":[{"href":"https:\/\/ppediciones.cl\/index.php?rest_route=\/wp\/v2\/product"}],"about":[{"href":"https:\/\/ppediciones.cl\/index.php?rest_route=\/wp\/v2\/types\/product"}],"replies":[{"embeddable":true,"href":"https:\/\/ppediciones.cl\/index.php?rest_route=%2Fwp%2Fv2%2Fcomments&post=642"}],"wp:featuredmedia":[{"embeddable":true,"href":"https:\/\/ppediciones.cl\/index.php?rest_route=\/wp\/v2\/media\/2007"}],"wp:attachment":[{"href":"https:\/\/ppediciones.cl\/index.php?rest_route=%2Fwp%2Fv2%2Fmedia&parent=642"}],"wp:term":[{"taxonomy":"product_brand","embeddable":true,"href":"https:\/\/ppediciones.cl\/index.php?rest_route=%2Fwp%2Fv2%2Fproduct_brand&post=642"},{"taxonomy":"product_cat","embeddable":true,"href":"https:\/\/ppediciones.cl\/index.php?rest_route=%2Fwp%2Fv2%2Fproduct_cat&post=642"},{"taxonomy":"product_tag","embeddable":true,"href":"https:\/\/ppediciones.cl\/index.php?rest_route=%2Fwp%2Fv2%2Fproduct_tag&post=642"}],"curies":[{"name":"wp","href":"https:\/\/api.w.org\/{rel}","templated":true}]}}