{"id":644,"date":"2019-03-27T15:24:19","date_gmt":"2019-03-27T15:24:19","guid":{"rendered":"http:\/\/ppediciones.cl\/?post_type=product&#038;p=644"},"modified":"2021-11-24T03:16:08","modified_gmt":"2021-11-24T03:16:08","slug":"confesiones-del-alma-jose-cortes-fuenzalida","status":"publish","type":"product","link":"https:\/\/ppediciones.cl\/?product=confesiones-del-alma-jose-cortes-fuenzalida","title":{"rendered":"Confesiones del alma | Jos\u00e9 Cort\u00e9s Fuenzalida"},"content":{"rendered":"<p>&#8220;Confesiones del Alma, Relatos y Anhelos por la Diversidad Sexual y de G\u00e9nero&#8221;, cuarta obra literaria del escritor rancag\u00fcino Jos\u00e9 Cort\u00e9s Fuenzalida, aborda el importante tema de las minor\u00edas sexuales, en cinco relatos, contextualizados en espacios diferentes. Describe, mediante un relato \u00e1gil y conmovedor, las vivencias y sue\u00f1os de algunos personajes que declaran numerosos anhelos que requieren esencialmente de respeto, comprensi\u00f3n y tolerancia. Estos protagonistas, en muchas oportunidades, experimentan m\u00faltiples formas de discriminaci\u00f3n, exclusi\u00f3n y segregaci\u00f3n. Sufren el menoscabo de otros seres humanos que los rechazan por variadas causales que se anidan en el desconocimiento, en las aprensiones y la falta de empat\u00eda.<\/p>\n<p>La diversidad sexual y de g\u00e9nero es un tema de trascendental importancia que, como sociedad, debemos considerar en todas nuestras acciones. Es urgente, entonces, un cambio de paradigma, que idealmente puede llevarse a cabo en un mediano plazo. Sin embargo, cada uno de nosotros debemos aunar esfuerzos para lograrlo, so\u00f1ando, haciendo caminos y abriendo puertas para un mundo mejor.<\/p>\n<p>Otras obras del Autor: \u201cSimplemente Florencia, un largo Camino Hacia la Vida\u201d, \u201cFlorencia y la Configuraci\u00f3n de la Vida\u201d, y \u201cCuentos para la Inclusi\u00f3n\u201d.<\/p>\n<p>&nbsp;<\/p>\n","protected":false},"excerpt":{"rendered":"<p><span style=\"font-size: 85%;\">Fecha publicaci\u00f3n: Septiembre 2018<\/span><\/p>\n<p><span style=\"font-size: 85%;\">ISBN: 978-956-398-101-8<\/span><\/p>\n<p><span style=\"font-size: 85%;\">P\u00e1ginas: 140<\/span><\/p>\n<p><span style=\"font-size: 85%;\">Formato: 14 x 21.5 cms.<\/span><\/p>\n","protected":false},"featured_media":645,"comment_status":"open","ping_status":"closed","template":"","meta":[],"product_brand":[],"product_cat":[118,181,73],"product_tag":[],"class_list":{"0":"post-644","1":"product","2":"type-product","3":"status-publish","4":"has-post-thumbnail","6":"product_cat-118","7":"product_cat-catalogo","8":"product_cat-libros-impresos","10":"first","11":"instock","12":"taxable","13":"shipping-taxable","14":"product-type-simple"},"_links":{"self":[{"href":"https:\/\/ppediciones.cl\/index.php?rest_route=\/wp\/v2\/product\/644","targetHints":{"allow":["GET"]}}],"collection":[{"href":"https:\/\/ppediciones.cl\/index.php?rest_route=\/wp\/v2\/product"}],"about":[{"href":"https:\/\/ppediciones.cl\/index.php?rest_route=\/wp\/v2\/types\/product"}],"replies":[{"embeddable":true,"href":"https:\/\/ppediciones.cl\/index.php?rest_route=%2Fwp%2Fv2%2Fcomments&post=644"}],"wp:featuredmedia":[{"embeddable":true,"href":"https:\/\/ppediciones.cl\/index.php?rest_route=\/wp\/v2\/media\/645"}],"wp:attachment":[{"href":"https:\/\/ppediciones.cl\/index.php?rest_route=%2Fwp%2Fv2%2Fmedia&parent=644"}],"wp:term":[{"taxonomy":"product_brand","embeddable":true,"href":"https:\/\/ppediciones.cl\/index.php?rest_route=%2Fwp%2Fv2%2Fproduct_brand&post=644"},{"taxonomy":"product_cat","embeddable":true,"href":"https:\/\/ppediciones.cl\/index.php?rest_route=%2Fwp%2Fv2%2Fproduct_cat&post=644"},{"taxonomy":"product_tag","embeddable":true,"href":"https:\/\/ppediciones.cl\/index.php?rest_route=%2Fwp%2Fv2%2Fproduct_tag&post=644"}],"curies":[{"name":"wp","href":"https:\/\/api.w.org\/{rel}","templated":true}]}}