{"id":646,"date":"2019-03-27T15:25:59","date_gmt":"2019-03-27T15:25:59","guid":{"rendered":"http:\/\/ppediciones.cl\/?post_type=product&#038;p=646"},"modified":"2021-11-24T03:15:55","modified_gmt":"2021-11-24T03:15:55","slug":"cuentos-con-tintes-de-humo-y-otros-juan-covarrubias","status":"publish","type":"product","link":"https:\/\/ppediciones.cl\/?product=cuentos-con-tintes-de-humo-y-otros-juan-covarrubias","title":{"rendered":"Cuentos con tintes de humo y otros | Juan Covarrubias"},"content":{"rendered":"<p>Juan Manuel Covarrubias Orellana, naci\u00f3 en Puente Alto el 27 de enero de 1949, realiz\u00f3 sus estudios de humanidades en el Liceo Oscar Castro de Rancagua. Su inter\u00e9s literario naci\u00f3n gracias a una colecci\u00f3n de 5 tomos de \u201cAdi\u00f3s al S\u00e9ptimo de l\u00ednea\u201d que su padre le regal\u00f3 a los ocho a\u00f1os despertando la curiosidad por cada libro que llegaba a sus manos. Muchos veranos los pas\u00f3 en Caletones despertando su curiosidad por observar c\u00f3mo se viv\u00eda en el campamento disfrutando del d\u00eda a d\u00eda, viviendo como uno m\u00e1s de ellos.<\/p>\n<p>Admira el trabajo de autores chilenos, de preferencia al gran poeta y escritor rancag\u00fcino Oscar Castro Z\u00fa\u00f1iga. Por muchos a\u00f1os recorri\u00f3 el sur de Chile manejando camiones, trabaj\u00f3 en una empresa de apicultura y en la actualidad se dedica a la artesan\u00eda y a escribir sus recuerdos de ni\u00f1ez en Caletones y de Puente Alto.<\/p>\n<p>&nbsp;<\/p>\n","protected":false},"excerpt":{"rendered":"<p><span style=\"font-size: 85%;\">Fecha publicaci\u00f3n: Octubre 2018<\/span><\/p>\n<p><span style=\"font-size: 85%;\">ISBN: 978-956-398-218-3<\/span><\/p>\n<p><span style=\"font-size: 85%;\">P\u00e1ginas: 174<\/span><\/p>\n<p><span style=\"font-size: 85%;\">Formato: 15 x 22 cms.<\/span><\/p>\n","protected":false},"featured_media":647,"comment_status":"open","ping_status":"closed","template":"","meta":[],"product_brand":[],"product_cat":[118,181,73],"product_tag":[],"class_list":{"0":"post-646","1":"product","2":"type-product","3":"status-publish","4":"has-post-thumbnail","6":"product_cat-118","7":"product_cat-catalogo","8":"product_cat-libros-impresos","10":"first","11":"instock","12":"taxable","13":"shipping-taxable","14":"product-type-simple"},"_links":{"self":[{"href":"https:\/\/ppediciones.cl\/index.php?rest_route=\/wp\/v2\/product\/646","targetHints":{"allow":["GET"]}}],"collection":[{"href":"https:\/\/ppediciones.cl\/index.php?rest_route=\/wp\/v2\/product"}],"about":[{"href":"https:\/\/ppediciones.cl\/index.php?rest_route=\/wp\/v2\/types\/product"}],"replies":[{"embeddable":true,"href":"https:\/\/ppediciones.cl\/index.php?rest_route=%2Fwp%2Fv2%2Fcomments&post=646"}],"wp:featuredmedia":[{"embeddable":true,"href":"https:\/\/ppediciones.cl\/index.php?rest_route=\/wp\/v2\/media\/647"}],"wp:attachment":[{"href":"https:\/\/ppediciones.cl\/index.php?rest_route=%2Fwp%2Fv2%2Fmedia&parent=646"}],"wp:term":[{"taxonomy":"product_brand","embeddable":true,"href":"https:\/\/ppediciones.cl\/index.php?rest_route=%2Fwp%2Fv2%2Fproduct_brand&post=646"},{"taxonomy":"product_cat","embeddable":true,"href":"https:\/\/ppediciones.cl\/index.php?rest_route=%2Fwp%2Fv2%2Fproduct_cat&post=646"},{"taxonomy":"product_tag","embeddable":true,"href":"https:\/\/ppediciones.cl\/index.php?rest_route=%2Fwp%2Fv2%2Fproduct_tag&post=646"}],"curies":[{"name":"wp","href":"https:\/\/api.w.org\/{rel}","templated":true}]}}