{"id":648,"date":"2019-03-27T15:27:28","date_gmt":"2019-03-27T15:27:28","guid":{"rendered":"http:\/\/ppediciones.cl\/?post_type=product&#038;p=648"},"modified":"2021-11-24T03:15:37","modified_gmt":"2021-11-24T03:15:37","slug":"lanza-letras-ii-taller-lanza-letras","status":"publish","type":"product","link":"https:\/\/ppediciones.cl\/?product=lanza-letras-ii-taller-lanza-letras","title":{"rendered":"Lanza letras II | Taller Lanza Letras"},"content":{"rendered":"<p>En esta ocasi\u00f3n en que hemos decidido tomar la pluma nuevamente, lo hacemos como se pinta de oto\u00f1o el a\u00f1o, lentamente. Y como las hojas, as\u00ed cayeron tambi\u00e9n las palabras, suavemente, parecido a un murmullo de invierno.<\/p>\n<p>En este tomo, intentamos echar a volar la imaginaci\u00f3n, y crear un personaje con quien so\u00f1\u00e1ramos, un personaje que nos llamara a\u00a0 sembrar una simiente en el alma, para\u00a0 aprender a descubrirlo, modelarlo hasta darle una personalidad que le sentase bien.<\/p>\n<p>Las historias de los y las estudiantes de Lanza letras,\u00a0 est\u00e1n frescas, llenas de vida, y\u00a0 aunque la melancol\u00eda y la nostalgia de la existencia en sus lozanos a\u00f1os tambi\u00e9n se refleja en sus escritos, nos reencontramos en ellas con nuestra juventud.<\/p>\n<p>Los invito como lectores, a atraparse en estas historias originales y vibrar con ellas, a erizarse la piel, de la misma forma que ellos lo hicieron al escribirlas.<\/p>\n<p>&nbsp;<\/p>\n","protected":false},"excerpt":{"rendered":"<p><span style=\"font-size: 85%;\">Fecha publicaci\u00f3n: Octubre 2018<\/span><\/p>\n<p><span style=\"font-size: 85%;\">ISBN: 978-956-398-248-0<\/span><\/p>\n<p><span style=\"font-size: 85%;\">P\u00e1ginas: 106<\/span><\/p>\n<p><span style=\"font-size: 85%;\">Formato: 14 x 21.5 cms.<\/span><\/p>\n","protected":false},"featured_media":649,"comment_status":"open","ping_status":"closed","template":"","meta":[],"product_brand":[],"product_cat":[118,181,73],"product_tag":[],"class_list":{"0":"post-648","1":"product","2":"type-product","3":"status-publish","4":"has-post-thumbnail","6":"product_cat-118","7":"product_cat-catalogo","8":"product_cat-libros-impresos","10":"first","11":"instock","12":"taxable","13":"shipping-taxable","14":"product-type-simple"},"_links":{"self":[{"href":"https:\/\/ppediciones.cl\/index.php?rest_route=\/wp\/v2\/product\/648","targetHints":{"allow":["GET"]}}],"collection":[{"href":"https:\/\/ppediciones.cl\/index.php?rest_route=\/wp\/v2\/product"}],"about":[{"href":"https:\/\/ppediciones.cl\/index.php?rest_route=\/wp\/v2\/types\/product"}],"replies":[{"embeddable":true,"href":"https:\/\/ppediciones.cl\/index.php?rest_route=%2Fwp%2Fv2%2Fcomments&post=648"}],"wp:featuredmedia":[{"embeddable":true,"href":"https:\/\/ppediciones.cl\/index.php?rest_route=\/wp\/v2\/media\/649"}],"wp:attachment":[{"href":"https:\/\/ppediciones.cl\/index.php?rest_route=%2Fwp%2Fv2%2Fmedia&parent=648"}],"wp:term":[{"taxonomy":"product_brand","embeddable":true,"href":"https:\/\/ppediciones.cl\/index.php?rest_route=%2Fwp%2Fv2%2Fproduct_brand&post=648"},{"taxonomy":"product_cat","embeddable":true,"href":"https:\/\/ppediciones.cl\/index.php?rest_route=%2Fwp%2Fv2%2Fproduct_cat&post=648"},{"taxonomy":"product_tag","embeddable":true,"href":"https:\/\/ppediciones.cl\/index.php?rest_route=%2Fwp%2Fv2%2Fproduct_tag&post=648"}],"curies":[{"name":"wp","href":"https:\/\/api.w.org\/{rel}","templated":true}]}}