{"id":650,"date":"2019-03-27T15:28:40","date_gmt":"2019-03-27T15:28:40","guid":{"rendered":"http:\/\/ppediciones.cl\/?post_type=product&#038;p=650"},"modified":"2021-11-24T03:15:24","modified_gmt":"2021-11-24T03:15:24","slug":"amores-de-mirandino-y-algunos-poemas-leovilildo-jimenez","status":"publish","type":"product","link":"https:\/\/ppediciones.cl\/?product=amores-de-mirandino-y-algunos-poemas-leovilildo-jimenez","title":{"rendered":"Amores de mirandino y algunos poemas | Leovilildo Jim\u00e9nez"},"content":{"rendered":"<p>Leovilildo Jim\u00e9nez Quijada, naci\u00f3 en Molina, VII Regi\u00f3n, el 16 de agosto de 1931. Estudi\u00f3 hasta sexta preparatoria en la escuela Presidente Balmaceda de Molina (1941 &#8211; 1945). Y luego trabaj\u00f3 30 a\u00f1os en la empresa el\u00e9ctrica Endesa. En 1982 Jubil\u00f3 por invalid\u00e9z (por problemas a la columna). Ah\u00ed, con 50 a\u00f1os de edad,\u00a0 hizo s\u00e9ptimo y octavo\u00a0 en tres meses, en educaci\u00f3n a distancia, siendo el primer\u00a0\u00a0 alumno\u00a0 de\u00a0 la sexta\u00a0 regi\u00f3n que termin\u00f3 ese curso.<\/p>\n<p>Sus primeros aportes literarios los hizo en un concurso interno de Endesa, presentando en versos la historia de la empresa, donde recibi\u00f3 una menci\u00f3n honrosa.<\/p>\n<p>En \u201cAmores de Mirandino\u201d su segunda publicaci\u00f3n tras \u201cEl Mapuche Errante\u201d (2016), cuenta la historia de un hombre de Lo Miranda, muy trabajador, con mucha fortuna, que ama a las mujeres y\u00a0 a la familia enormemente. En el libro el autor incluye adem\u00e1s algunos de los poemas que ha escrito al profesor, a la madre, la mujer, el padre, al amor, etc., escritos en distintos periodos de su vida.<\/p>\n<p>&nbsp;<\/p>\n","protected":false},"excerpt":{"rendered":"<p><span style=\"font-size: 85%;\">Fecha publicaci\u00f3n: Noviembre 2018<\/span><\/p>\n<p><span style=\"font-size: 85%;\">ISBN: 978-956-398-336-4<\/span><\/p>\n<p><span style=\"font-size: 85%;\">P\u00e1ginas: 100<\/span><\/p>\n<p><span style=\"font-size: 85%;\">Formato: 14 x 21.5 cms.<\/span><\/p>\n","protected":false},"featured_media":651,"comment_status":"open","ping_status":"closed","template":"","meta":[],"product_brand":[],"product_cat":[118,181,73],"product_tag":[],"class_list":{"0":"post-650","1":"product","2":"type-product","3":"status-publish","4":"has-post-thumbnail","6":"product_cat-118","7":"product_cat-catalogo","8":"product_cat-libros-impresos","10":"first","11":"instock","12":"taxable","13":"shipping-taxable","14":"product-type-simple"},"_links":{"self":[{"href":"https:\/\/ppediciones.cl\/index.php?rest_route=\/wp\/v2\/product\/650","targetHints":{"allow":["GET"]}}],"collection":[{"href":"https:\/\/ppediciones.cl\/index.php?rest_route=\/wp\/v2\/product"}],"about":[{"href":"https:\/\/ppediciones.cl\/index.php?rest_route=\/wp\/v2\/types\/product"}],"replies":[{"embeddable":true,"href":"https:\/\/ppediciones.cl\/index.php?rest_route=%2Fwp%2Fv2%2Fcomments&post=650"}],"wp:featuredmedia":[{"embeddable":true,"href":"https:\/\/ppediciones.cl\/index.php?rest_route=\/wp\/v2\/media\/651"}],"wp:attachment":[{"href":"https:\/\/ppediciones.cl\/index.php?rest_route=%2Fwp%2Fv2%2Fmedia&parent=650"}],"wp:term":[{"taxonomy":"product_brand","embeddable":true,"href":"https:\/\/ppediciones.cl\/index.php?rest_route=%2Fwp%2Fv2%2Fproduct_brand&post=650"},{"taxonomy":"product_cat","embeddable":true,"href":"https:\/\/ppediciones.cl\/index.php?rest_route=%2Fwp%2Fv2%2Fproduct_cat&post=650"},{"taxonomy":"product_tag","embeddable":true,"href":"https:\/\/ppediciones.cl\/index.php?rest_route=%2Fwp%2Fv2%2Fproduct_tag&post=650"}],"curies":[{"name":"wp","href":"https:\/\/api.w.org\/{rel}","templated":true}]}}