{"id":652,"date":"2019-03-27T15:30:04","date_gmt":"2019-03-27T15:30:04","guid":{"rendered":"http:\/\/ppediciones.cl\/?post_type=product&#038;p=652"},"modified":"2021-11-24T03:15:08","modified_gmt":"2021-11-24T03:15:08","slug":"los-suenos-de-la-esperanza-carlos-manzoliz","status":"publish","type":"product","link":"https:\/\/ppediciones.cl\/?product=los-suenos-de-la-esperanza-carlos-manzoliz","title":{"rendered":"Los sue\u00f1os de la esperanza | Carlos Manzol\u00edz"},"content":{"rendered":"<p>Carlos Manzoliz Jaramillo, naci\u00f3 el 22 de junio de 1960. Oriundo de Valdivia, es Bachiller en Filosof\u00eda y Ciencias Sociales, y profesor de Historia, geograf\u00eda y Ed. C\u00edvica. Ha trabajado como profesor en numerosos liceos de Valpara\u00edso y Rancagua. Poeta y escritor, forma parte del grupo\u00a0\u00a0 C\u00edrculo Literario Renacimiento de Valdivia, Plaza Rub\u00e9n Dar\u00edo de Valpara\u00edso y en el grupo Verso Vivo en Rancagua.<\/p>\n<p>Los Sue\u00f1os de la Esperanza, su primera publicaci\u00f3n, es de corte realista hist\u00f3rico y de ficci\u00f3n, y con \u00e9l busca reencantar con la lectura a aquellos que no gustan mucho de los libros muy extensos, y a disfrutar con la historia de Marta, una mujer devota que con su fe y entrega, fue un pilar fundamental en la creaci\u00f3n de la Poblaci\u00f3n Esperanza de Rancagua y de la capilla Nuestra Se\u00f1ora del Rosario de Guadalupe.<\/p>\n<p>&nbsp;<\/p>\n<p>&nbsp;<\/p>\n","protected":false},"excerpt":{"rendered":"<p><span style=\"font-size: 85%;\">Fecha publicaci\u00f3n: Noviembre 2018<\/span><\/p>\n<p><span style=\"font-size: 85%;\">ISBN: 978-956-398-249-7<\/span><\/p>\n<p><span style=\"font-size: 85%;\">P\u00e1ginas: 52<\/span><\/p>\n<p><span style=\"font-size: 85%;\">Formato: 14 x 21.5 cms.<\/span><\/p>\n","protected":false},"featured_media":653,"comment_status":"open","ping_status":"closed","template":"","meta":[],"product_brand":[],"product_cat":[118,181,73],"product_tag":[],"class_list":{"0":"post-652","1":"product","2":"type-product","3":"status-publish","4":"has-post-thumbnail","6":"product_cat-118","7":"product_cat-catalogo","8":"product_cat-libros-impresos","10":"first","11":"instock","12":"taxable","13":"shipping-taxable","14":"product-type-simple"},"_links":{"self":[{"href":"https:\/\/ppediciones.cl\/index.php?rest_route=\/wp\/v2\/product\/652","targetHints":{"allow":["GET"]}}],"collection":[{"href":"https:\/\/ppediciones.cl\/index.php?rest_route=\/wp\/v2\/product"}],"about":[{"href":"https:\/\/ppediciones.cl\/index.php?rest_route=\/wp\/v2\/types\/product"}],"replies":[{"embeddable":true,"href":"https:\/\/ppediciones.cl\/index.php?rest_route=%2Fwp%2Fv2%2Fcomments&post=652"}],"wp:featuredmedia":[{"embeddable":true,"href":"https:\/\/ppediciones.cl\/index.php?rest_route=\/wp\/v2\/media\/653"}],"wp:attachment":[{"href":"https:\/\/ppediciones.cl\/index.php?rest_route=%2Fwp%2Fv2%2Fmedia&parent=652"}],"wp:term":[{"taxonomy":"product_brand","embeddable":true,"href":"https:\/\/ppediciones.cl\/index.php?rest_route=%2Fwp%2Fv2%2Fproduct_brand&post=652"},{"taxonomy":"product_cat","embeddable":true,"href":"https:\/\/ppediciones.cl\/index.php?rest_route=%2Fwp%2Fv2%2Fproduct_cat&post=652"},{"taxonomy":"product_tag","embeddable":true,"href":"https:\/\/ppediciones.cl\/index.php?rest_route=%2Fwp%2Fv2%2Fproduct_tag&post=652"}],"curies":[{"name":"wp","href":"https:\/\/api.w.org\/{rel}","templated":true}]}}