{"id":656,"date":"2019-03-27T15:33:24","date_gmt":"2019-03-27T15:33:24","guid":{"rendered":"http:\/\/ppediciones.cl\/?post_type=product&#038;p=656"},"modified":"2021-11-24T03:13:52","modified_gmt":"2021-11-24T03:13:52","slug":"la-luna-y-un-dos-ignacio-albornoz","status":"publish","type":"product","link":"https:\/\/ppediciones.cl\/?product=la-luna-y-un-dos-ignacio-albornoz","title":{"rendered":"La luna y un dos | Ignacio Albornoz"},"content":{"rendered":"<p>Ignacio Albornoz, nacido en la comuna de Rancagua, es un joven escritor y en este su primer libro, busca plasmar con sus letras lo que para \u00e9l es, quiz\u00e1s, el significado del amor en su sentido m\u00e1s amplio.<\/p>\n<p>Entre sus l\u00edneas, nos encontramos a un joven so\u00f1ador que hace p\u00fablico su desahogo en esta \u201cLuna y un Dos\u201d que sin duda, para \u00e9l es un sue\u00f1o cumplido.<\/p>\n<p>En las siguientes p\u00e1ginas entrega la libertad al lector de sentir y amar, como un joven, con sus locuras, con sus temores y con sus soledades.<\/p>\n<p>&nbsp;<\/p>\n","protected":false},"excerpt":{"rendered":"<p><span style=\"font-size: 85%;\">Fecha publicaci\u00f3n: Diciembre 2018<\/span><\/p>\n<p><span style=\"font-size: 85%;\">ISBN: 978-956-398-250-3<\/span><\/p>\n<p><span style=\"font-size: 85%;\">P\u00e1ginas: 44<\/span><\/p>\n<p><span style=\"font-size: 85%;\">Formato: 13.5 x 21.5 cms.<\/span><\/p>\n","protected":false},"featured_media":657,"comment_status":"open","ping_status":"closed","template":"","meta":[],"product_brand":[],"product_cat":[118,181,73],"product_tag":[],"class_list":{"0":"post-656","1":"product","2":"type-product","3":"status-publish","4":"has-post-thumbnail","6":"product_cat-118","7":"product_cat-catalogo","8":"product_cat-libros-impresos","10":"first","11":"instock","12":"taxable","13":"shipping-taxable","14":"product-type-simple"},"_links":{"self":[{"href":"https:\/\/ppediciones.cl\/index.php?rest_route=\/wp\/v2\/product\/656","targetHints":{"allow":["GET"]}}],"collection":[{"href":"https:\/\/ppediciones.cl\/index.php?rest_route=\/wp\/v2\/product"}],"about":[{"href":"https:\/\/ppediciones.cl\/index.php?rest_route=\/wp\/v2\/types\/product"}],"replies":[{"embeddable":true,"href":"https:\/\/ppediciones.cl\/index.php?rest_route=%2Fwp%2Fv2%2Fcomments&post=656"}],"wp:featuredmedia":[{"embeddable":true,"href":"https:\/\/ppediciones.cl\/index.php?rest_route=\/wp\/v2\/media\/657"}],"wp:attachment":[{"href":"https:\/\/ppediciones.cl\/index.php?rest_route=%2Fwp%2Fv2%2Fmedia&parent=656"}],"wp:term":[{"taxonomy":"product_brand","embeddable":true,"href":"https:\/\/ppediciones.cl\/index.php?rest_route=%2Fwp%2Fv2%2Fproduct_brand&post=656"},{"taxonomy":"product_cat","embeddable":true,"href":"https:\/\/ppediciones.cl\/index.php?rest_route=%2Fwp%2Fv2%2Fproduct_cat&post=656"},{"taxonomy":"product_tag","embeddable":true,"href":"https:\/\/ppediciones.cl\/index.php?rest_route=%2Fwp%2Fv2%2Fproduct_tag&post=656"}],"curies":[{"name":"wp","href":"https:\/\/api.w.org\/{rel}","templated":true}]}}