{"id":660,"date":"2019-03-27T15:38:41","date_gmt":"2019-03-27T15:38:41","guid":{"rendered":"http:\/\/ppediciones.cl\/?post_type=product&#038;p=660"},"modified":"2021-11-24T03:13:37","modified_gmt":"2021-11-24T03:13:37","slug":"mi-dieta-del-amor-patricia-lopez","status":"publish","type":"product","link":"https:\/\/ppediciones.cl\/?product=mi-dieta-del-amor-patricia-lopez","title":{"rendered":"Mi dieta del amor | Patricia L\u00f3pez"},"content":{"rendered":"<p>La maternidad es un reto que las mujeres han afrontado desde el inicio de los tiempos aprovechando la intuici\u00f3n, apostando a la paciencia, poniendo a prueba la energ\u00eda, reorganizando las tareas dom\u00e9sticas, distribuyendo el cari\u00f1o a cada integrante de la familia, mostrando nuestra valent\u00eda y sobre todo, aprendiendo a interpretar lo que el beb\u00e9 necesita. Uno de los desaf\u00edos m\u00e1s grandes es alimentar y nutrir, s\u00edmbolo innegable de amor. La relaci\u00f3n nutricia se vuelve ardua cuando el hijo es Al\u00e9rgico Alimentario M\u00faltiple y lo \u00fanico que queda es \u201cprobar\u201d y celebrar cada acierto.<\/p>\n<p>La autora, tras el diagn\u00f3stico de Alergia Alimentaria M\u00faltiple de su hija, eligi\u00f3 perseverar en la lactancia materna, a pesar de las restricciones de alimentaci\u00f3n para ella, echando a volar la imaginaci\u00f3n y cruzando los dedos para que cada receta creada con la delicadeza que s\u00f3lo una madre puede alcanzar, fuera un canto de victoria.\u00a0 Decidi\u00f3 que este trabajo, producto de la perseverancia, se plasmara en un libro, que probablemente ser\u00e1 un apoyo para las madres que se encuentran en una situaci\u00f3n as\u00ed y que es producto de un camino de profundos aprendizajes, lleno de fallos y aciertos, certezas\u00a0 e incertidumbre, encuentros y desencuentros, y la construcci\u00f3n de un lazo inquebrantable de una mam\u00e1 con su hijo.<\/p>\n<p>&nbsp;<\/p>\n","protected":false},"excerpt":{"rendered":"<p><span style=\"font-size: 85%;\">Fecha publicaci\u00f3n: Enero 2019<\/span><\/p>\n<p><span style=\"font-size: 85%;\">ISBN: 978-956-398-441-5<\/span><\/p>\n<p><span style=\"font-size: 85%;\">P\u00e1ginas: 78<\/span><\/p>\n<p><span style=\"font-size: 85%;\">Formato: 17x 20 cms.<\/span><\/p>\n","protected":false},"featured_media":661,"comment_status":"open","ping_status":"closed","template":"","meta":[],"product_brand":[],"product_cat":[119,181],"product_tag":[],"class_list":{"0":"post-660","1":"product","2":"type-product","3":"status-publish","4":"has-post-thumbnail","6":"product_cat-119","7":"product_cat-catalogo","9":"first","10":"instock","11":"taxable","12":"shipping-taxable","13":"product-type-simple"},"_links":{"self":[{"href":"https:\/\/ppediciones.cl\/index.php?rest_route=\/wp\/v2\/product\/660","targetHints":{"allow":["GET"]}}],"collection":[{"href":"https:\/\/ppediciones.cl\/index.php?rest_route=\/wp\/v2\/product"}],"about":[{"href":"https:\/\/ppediciones.cl\/index.php?rest_route=\/wp\/v2\/types\/product"}],"replies":[{"embeddable":true,"href":"https:\/\/ppediciones.cl\/index.php?rest_route=%2Fwp%2Fv2%2Fcomments&post=660"}],"wp:featuredmedia":[{"embeddable":true,"href":"https:\/\/ppediciones.cl\/index.php?rest_route=\/wp\/v2\/media\/661"}],"wp:attachment":[{"href":"https:\/\/ppediciones.cl\/index.php?rest_route=%2Fwp%2Fv2%2Fmedia&parent=660"}],"wp:term":[{"taxonomy":"product_brand","embeddable":true,"href":"https:\/\/ppediciones.cl\/index.php?rest_route=%2Fwp%2Fv2%2Fproduct_brand&post=660"},{"taxonomy":"product_cat","embeddable":true,"href":"https:\/\/ppediciones.cl\/index.php?rest_route=%2Fwp%2Fv2%2Fproduct_cat&post=660"},{"taxonomy":"product_tag","embeddable":true,"href":"https:\/\/ppediciones.cl\/index.php?rest_route=%2Fwp%2Fv2%2Fproduct_tag&post=660"}],"curies":[{"name":"wp","href":"https:\/\/api.w.org\/{rel}","templated":true}]}}