{"id":664,"date":"2019-03-27T15:42:48","date_gmt":"2019-03-27T15:42:48","guid":{"rendered":"http:\/\/ppediciones.cl\/?post_type=product&#038;p=664"},"modified":"2021-11-24T03:13:06","modified_gmt":"2021-11-24T03:13:06","slug":"hecatombe-irem-toal","status":"publish","type":"product","link":"https:\/\/ppediciones.cl\/?product=hecatombe-irem-toal","title":{"rendered":"Hecatombe | Irem Toal"},"content":{"rendered":"<p>Hace millones de a\u00f1os, un planeta sucumb\u00eda, sus habitantes no entend\u00edan el proceso que estaban viviendo, pero algo era innegable, pronto la vida en ese lugar ser\u00eda imposible.<\/p>\n<p>Hecatombe nos muestra c\u00f3mo una raza en peligro de extinci\u00f3n intenta mantenerse unida, eliminar los egos, la ambici\u00f3n, y el materialismo, luchar por una causa, la de preservar la vida e intentar salvar lo insalvable. Para ello el cient\u00edfico m\u00e1s catalogado sacrifica su seguridad junto a toda su familia, para poder ayudar a los que sobrevivir\u00e1n al colapso. \u00c9l junto a su esposa e hijos estar\u00e1n ah\u00ed para entregar lo mejor de su experiencia y todo su conocimiento, para que la vida en Marte se preserve. Sin embargo, las fuerzas oscuras no son capaces de adherirse.<\/p>\n","protected":false},"excerpt":{"rendered":"<p><span style=\"font-size: 85%;\">Fecha publicaci\u00f3n: Febrero 2019<\/span><\/p>\n<p><span style=\"font-size: 85%;\">ISBN: 978-956-368-193-2<\/span><\/p>\n<p><span style=\"font-size: 85%;\">P\u00e1ginas: 270<\/span><\/p>\n<p><span style=\"font-size: 85%;\">Formato: 14x 21.5 cms.<\/span><\/p>\n","protected":false},"featured_media":665,"comment_status":"open","ping_status":"closed","template":"","meta":[],"product_brand":[],"product_cat":[119,181],"product_tag":[],"class_list":{"0":"post-664","1":"product","2":"type-product","3":"status-publish","4":"has-post-thumbnail","6":"product_cat-119","7":"product_cat-catalogo","9":"first","10":"instock","11":"taxable","12":"shipping-taxable","13":"product-type-simple"},"_links":{"self":[{"href":"https:\/\/ppediciones.cl\/index.php?rest_route=\/wp\/v2\/product\/664","targetHints":{"allow":["GET"]}}],"collection":[{"href":"https:\/\/ppediciones.cl\/index.php?rest_route=\/wp\/v2\/product"}],"about":[{"href":"https:\/\/ppediciones.cl\/index.php?rest_route=\/wp\/v2\/types\/product"}],"replies":[{"embeddable":true,"href":"https:\/\/ppediciones.cl\/index.php?rest_route=%2Fwp%2Fv2%2Fcomments&post=664"}],"wp:featuredmedia":[{"embeddable":true,"href":"https:\/\/ppediciones.cl\/index.php?rest_route=\/wp\/v2\/media\/665"}],"wp:attachment":[{"href":"https:\/\/ppediciones.cl\/index.php?rest_route=%2Fwp%2Fv2%2Fmedia&parent=664"}],"wp:term":[{"taxonomy":"product_brand","embeddable":true,"href":"https:\/\/ppediciones.cl\/index.php?rest_route=%2Fwp%2Fv2%2Fproduct_brand&post=664"},{"taxonomy":"product_cat","embeddable":true,"href":"https:\/\/ppediciones.cl\/index.php?rest_route=%2Fwp%2Fv2%2Fproduct_cat&post=664"},{"taxonomy":"product_tag","embeddable":true,"href":"https:\/\/ppediciones.cl\/index.php?rest_route=%2Fwp%2Fv2%2Fproduct_tag&post=664"}],"curies":[{"name":"wp","href":"https:\/\/api.w.org\/{rel}","templated":true}]}}