{"id":666,"date":"2019-03-27T15:43:52","date_gmt":"2019-03-27T15:43:52","guid":{"rendered":"http:\/\/ppediciones.cl\/?post_type=product&#038;p=666"},"modified":"2024-07-17T22:19:59","modified_gmt":"2024-07-17T22:19:59","slug":"voces-literarias-femeninas-vi-region","status":"publish","type":"product","link":"https:\/\/ppediciones.cl\/?product=voces-literarias-femeninas-vi-region","title":{"rendered":"Voces Literarias Femeninas VI Regi\u00f3n"},"content":{"rendered":"<p>En la memoria universal, mujeres visionarias imaginaron un mundo m\u00e1s igualitario entre hombres y mujeres. \u00a1Cu\u00e1ntas ideas esparcieron en el ir y venir de la historia! Sin embargo, sus nombres fueron ocultos y sus batallas vencidas jam\u00e1s visibilizadas. Hoy, en el siglo XXI nos encontramos m\u00e1s consolidadas, demandando nuevas leyes que nos favorezcan y que las pol\u00edticas p\u00fablicas del Estado sean adecuadas a las nuevas generaciones de mujeres. Aun as\u00ed, queda mucho por trabajar, para un mundo m\u00e1s colaborativo y equitativo.<\/p>\n<p>VOCES LITERARIAS FEMENINAS VI REGION, re\u00fane a diez mujeres de distintas generaciones, profesiones y oficios, apuntando al atisbo congruente de la uni\u00f3n po\u00e9tica entre las autoras.<\/p>\n<p>Una percepci\u00f3n de cordialidad se produce al leerlas, generando un valor agregado de este grupo de escritoras y poetas, que vence el llamado \u201cego\u00edsmo literario\u201d, fortaleciendo los contenidos.<\/p>\n<p>Ellas nos entregan en palabras y a trav\u00e9s del detalle de sus escritos: anhelos, esperanzas, miedos, consignas, apariencias, desganos e intentos de respuestas a sus inquietudes.<\/p>\n<p>La vida cotidiana presentada en met\u00e1foras, poes\u00edas, cuentos y relatos.<\/p>\n<p>Tal como al principio de los tiempos, observamos mujeres con objetivos literarios de comunicar para fortalecer la palabra, la lectura, el desarrollo espiritual y personal.\u00a0 Adem\u00e1s, el placer de vincularse, potenciando lazos de amistad y sororidad\u2026la una con la otra, en una ronda infinita.<\/p>\n<p>Cada una lleva en la tinta del l\u00e1piz y en su alma, el esp\u00edritu de sus ancestrales familias, de la sangre engendrada y lo que provee la imaginaci\u00f3n: \u00a1Creaci\u00f3n!<\/p>\n<p>P\u00eda Vera G\u00e1lvez &#8211; Alejandra Guerra Sep\u00falveda &#8211; Guisella Ram\u00edrez Contreras &#8211; Yorma Alcar\u00e1z Narv\u00e1ez &#8211; Johana Rojas Salas &#8211; Ivonne D\u00edaz Cornejo &#8211; Paula Daza Soto &#8211; Rosa Ch\u00e1vez Alarc\u00f3n &#8211; \u00c1ngela Barrera Cordonez &#8211; Ernestina Pinto Moreno<\/p>\n","protected":false},"excerpt":{"rendered":"<p><span style=\"font-size: 85%;\">Fecha publicaci\u00f3n: Marzo 2019<\/span><\/p>\n<p><span style=\"font-size: 85%;\">ISBN: 978-956-398-610-5<\/span><\/p>\n<p><span style=\"font-size: 85%;\">P\u00e1ginas: 124<\/span><\/p>\n<p><span style=\"font-size: 85%;\">Formato: 14x 21.5 cms.<\/span><\/p>\n","protected":false},"featured_media":966,"comment_status":"open","ping_status":"closed","template":"","meta":[],"product_brand":[],"product_cat":[119,181],"product_tag":[103,101,99,102,100],"class_list":{"0":"post-666","1":"product","2":"type-product","3":"status-publish","4":"has-post-thumbnail","6":"product_cat-119","7":"product_cat-catalogo","8":"product_tag-creacion","9":"product_tag-escritoras","10":"product_tag-feminismo","11":"product_tag-poetas","12":"product_tag-voces-literarias-femeninas","14":"first","15":"instock","16":"taxable","17":"shipping-taxable","18":"product-type-simple"},"_links":{"self":[{"href":"https:\/\/ppediciones.cl\/index.php?rest_route=\/wp\/v2\/product\/666","targetHints":{"allow":["GET"]}}],"collection":[{"href":"https:\/\/ppediciones.cl\/index.php?rest_route=\/wp\/v2\/product"}],"about":[{"href":"https:\/\/ppediciones.cl\/index.php?rest_route=\/wp\/v2\/types\/product"}],"replies":[{"embeddable":true,"href":"https:\/\/ppediciones.cl\/index.php?rest_route=%2Fwp%2Fv2%2Fcomments&post=666"}],"wp:featuredmedia":[{"embeddable":true,"href":"https:\/\/ppediciones.cl\/index.php?rest_route=\/wp\/v2\/media\/966"}],"wp:attachment":[{"href":"https:\/\/ppediciones.cl\/index.php?rest_route=%2Fwp%2Fv2%2Fmedia&parent=666"}],"wp:term":[{"taxonomy":"product_brand","embeddable":true,"href":"https:\/\/ppediciones.cl\/index.php?rest_route=%2Fwp%2Fv2%2Fproduct_brand&post=666"},{"taxonomy":"product_cat","embeddable":true,"href":"https:\/\/ppediciones.cl\/index.php?rest_route=%2Fwp%2Fv2%2Fproduct_cat&post=666"},{"taxonomy":"product_tag","embeddable":true,"href":"https:\/\/ppediciones.cl\/index.php?rest_route=%2Fwp%2Fv2%2Fproduct_tag&post=666"}],"curies":[{"name":"wp","href":"https:\/\/api.w.org\/{rel}","templated":true}]}}