{"id":736,"date":"2019-04-13T17:30:06","date_gmt":"2019-04-13T17:30:06","guid":{"rendered":"http:\/\/ppediciones.cl\/?post_type=product&#038;p=736"},"modified":"2024-06-23T23:27:23","modified_gmt":"2024-06-23T23:27:23","slug":"corte-de-pelo-grerro-arcaico","status":"publish","type":"product","link":"https:\/\/ppediciones.cl\/?product=corte-de-pelo-grerro-arcaico","title":{"rendered":"Corte de Pelo | Grrero Arcaico"},"content":{"rendered":"<p><span style=\"font-weight: 400;\">Grrero Arcaico nace bajo la luna de c\u00e1ncer en 1979, fue criado y malcriado en la ciudad de Rancagua Chile. Su primer acercamiento con las letras fue durante su paso con la banda de m\u00fasica De Gusanos junto a los Lazcano Bro, donde estaba a cargo de las l\u00edricas.<\/span><\/p>\n<p><span style=\"font-weight: 400;\">En 1999 forma parte activamente en el centro art\u00edstico cultural La Multimedia de Arte. Es all\u00ed donde tiene la oportunidad de participar en los talleres de Balmaceda 1215, que se impartieron en la sexta regi\u00f3n, junto a la escritora Chilena Alejandra Costamagna.<\/span><\/p>\n<p><span style=\"font-weight: 400;\">Desde entonces contin\u00faa ligado a las letras y llevando a cabo expresiones artistas de su agrado tales como la literatura, m\u00fasica, fotograf\u00eda y artes visuales, en especial la percusi\u00f3n latina y bater\u00eda en sus bandas: Grrero Arcaico, Protokol Korsakov, Lecquian, Rudolf Kontainer y Delirianarka. En \u00a0la actualidad reside en la ciudad de Oslo Noruega, donde contin\u00faa con diversas actividades y ligado tambi\u00e9n al mundo de la Antroposofia de Rudolf Steiner.<\/span><\/p>\n<p><span style=\"font-weight: 400;\">En \u201cCorte de pelo\u201d, el autor nos sit\u00faa en el Rancagua de fines de la d\u00e9cada de los noventa, para a trav\u00e9s de una experiencia que llev\u00f3 al protagonista a ser recluido en la c\u00e1rcel de menores, hacernos reflexionar sobre las decisiones que tomamos d\u00eda a d\u00eda.<\/span><\/p>\n","protected":false},"excerpt":{"rendered":"<p><span style=\"font-weight: 400; font-size: 85%;\">Fecha publicaci\u00f3n: Abril 2019<\/span><\/p>\n<p><span style=\"font-size: 85%;\"><span style=\"font-weight: 400;\">ISBN: <\/span><span style=\"font-weight: 400;\">978-956-398-679-2<\/span><\/span><\/p>\n<p><span style=\"font-weight: 400; font-size: 85%;\">P\u00e1ginas: 138<\/span><\/p>\n<p><span style=\"font-weight: 400; font-size: 85%;\">Formato: 14x 21.5 cms.<\/span><\/p>\n<p><span style=\"font-weight: 400; font-size: 85%;\">Valor: $ CLP<\/span><\/p>\n<p>&nbsp;<\/p>\n","protected":false},"featured_media":737,"comment_status":"open","ping_status":"closed","template":"","meta":[],"product_brand":[],"product_cat":[119,181],"product_tag":[],"class_list":{"0":"post-736","1":"product","2":"type-product","3":"status-publish","4":"has-post-thumbnail","6":"product_cat-119","7":"product_cat-catalogo","9":"first","10":"instock","11":"taxable","12":"shipping-taxable","13":"product-type-simple"},"_links":{"self":[{"href":"https:\/\/ppediciones.cl\/index.php?rest_route=\/wp\/v2\/product\/736","targetHints":{"allow":["GET"]}}],"collection":[{"href":"https:\/\/ppediciones.cl\/index.php?rest_route=\/wp\/v2\/product"}],"about":[{"href":"https:\/\/ppediciones.cl\/index.php?rest_route=\/wp\/v2\/types\/product"}],"replies":[{"embeddable":true,"href":"https:\/\/ppediciones.cl\/index.php?rest_route=%2Fwp%2Fv2%2Fcomments&post=736"}],"wp:featuredmedia":[{"embeddable":true,"href":"https:\/\/ppediciones.cl\/index.php?rest_route=\/wp\/v2\/media\/737"}],"wp:attachment":[{"href":"https:\/\/ppediciones.cl\/index.php?rest_route=%2Fwp%2Fv2%2Fmedia&parent=736"}],"wp:term":[{"taxonomy":"product_brand","embeddable":true,"href":"https:\/\/ppediciones.cl\/index.php?rest_route=%2Fwp%2Fv2%2Fproduct_brand&post=736"},{"taxonomy":"product_cat","embeddable":true,"href":"https:\/\/ppediciones.cl\/index.php?rest_route=%2Fwp%2Fv2%2Fproduct_cat&post=736"},{"taxonomy":"product_tag","embeddable":true,"href":"https:\/\/ppediciones.cl\/index.php?rest_route=%2Fwp%2Fv2%2Fproduct_tag&post=736"}],"curies":[{"name":"wp","href":"https:\/\/api.w.org\/{rel}","templated":true}]}}