{"id":782,"date":"2019-04-21T15:16:52","date_gmt":"2019-04-21T15:16:52","guid":{"rendered":"http:\/\/ppediciones.cl\/?post_type=product&#038;p=782"},"modified":"2024-07-14T01:16:07","modified_gmt":"2024-07-14T01:16:07","slug":"pavito-pavadas-ilustradas","status":"publish","type":"product","link":"https:\/\/ppediciones.cl\/?product=pavito-pavadas-ilustradas","title":{"rendered":"PaViTo | PaVaDas Ilustradas"},"content":{"rendered":"<p>\u201cPaVaDas Ilustradas\u201d (antolog\u00eda po\u00e9tica 1999 &#8211; 2009), es un trabajo de recopilaci\u00f3n de 50 poemas del escritor rancag\u00fcino PaViTo, que el ilustrador Alonso Salazar ha querido retratar desde su propia perspectiva, con pincel y tinta china, para celebrar diez a\u00f1os de trayectoria del poeta. La idea es rescatar los inicios de su obra, unir la iron\u00eda y el humor de estos dos grandes artistas chilenos, y as\u00ed, a trav\u00e9s de la risa y la reflexi\u00f3n, dar una mirada distinta de los hechos cotidianos, una mirada algo m\u00e1s esperanzadora de la realidad.<\/p>\n<p><span style=\"color: #ff0000;\">(Extracto)<\/span><\/p>\n<p><strong>LIBRE DE PECADOS<\/strong><\/p>\n<p>&nbsp;<\/p>\n<p>Que el hombre no haya<\/p>\n<p>lanzado la primera piedra,<\/p>\n<p>no quiere decir que no est\u00e9<\/p>\n<p>libre de pecado.<\/p>\n<p>&nbsp;<\/p>\n<p>No por nada<\/p>\n<p>ha lanzado todas las dem\u00e1s&#8230;<\/p>\n<p>&nbsp;<\/p>\n<p>&nbsp;<\/p>\n<p><strong>\u00daLTIMAS PALABRAS ESCRITAS ANTES DE SUICIDARME<\/strong><\/p>\n<p>&nbsp;<\/p>\n<p>No me atrevo.<\/p>\n<p>&nbsp;<\/p>\n<p>&nbsp;<\/p>\n<p><strong>TODA UNA VIDA<\/strong><\/p>\n<p><strong>\u00a0<\/strong><\/p>\n<p>Tengo toda una vida por delante,<\/p>\n<p>que me tapa, que no me deja ver<\/p>\n<p>todo lo que podr\u00eda haber detr\u00e1s de ella.<\/p>\n<p>&nbsp;<\/p>\n<p>&nbsp;<\/p>\n","protected":false},"excerpt":{"rendered":"<p><span style=\"font-size: 80%;\">Fecha publicaci\u00f3n: Noviembre 2016 (4\u00b0 edici\u00f3n)<\/span><\/p>\n<p><span style=\"font-size: 80%;\">ISBN: 978-956-281-751-3<\/span><\/p>\n<p><span style=\"font-size: 80%;\">P\u00e1ginas: 130<\/span><\/p>\n<p><span style=\"font-size: 80%;\">Formato: 13.5 x 21.5 cms.<\/span><\/p>\n","protected":false},"featured_media":768,"comment_status":"open","ping_status":"closed","template":"","meta":[],"product_brand":[],"product_cat":[73],"product_tag":[],"class_list":{"0":"post-782","1":"product","2":"type-product","3":"status-publish","4":"has-post-thumbnail","6":"product_cat-libros-impresos","8":"first","9":"outofstock","10":"taxable","11":"shipping-taxable","12":"purchasable","13":"product-type-simple"},"_links":{"self":[{"href":"https:\/\/ppediciones.cl\/index.php?rest_route=\/wp\/v2\/product\/782","targetHints":{"allow":["GET"]}}],"collection":[{"href":"https:\/\/ppediciones.cl\/index.php?rest_route=\/wp\/v2\/product"}],"about":[{"href":"https:\/\/ppediciones.cl\/index.php?rest_route=\/wp\/v2\/types\/product"}],"replies":[{"embeddable":true,"href":"https:\/\/ppediciones.cl\/index.php?rest_route=%2Fwp%2Fv2%2Fcomments&post=782"}],"wp:featuredmedia":[{"embeddable":true,"href":"https:\/\/ppediciones.cl\/index.php?rest_route=\/wp\/v2\/media\/768"}],"wp:attachment":[{"href":"https:\/\/ppediciones.cl\/index.php?rest_route=%2Fwp%2Fv2%2Fmedia&parent=782"}],"wp:term":[{"taxonomy":"product_brand","embeddable":true,"href":"https:\/\/ppediciones.cl\/index.php?rest_route=%2Fwp%2Fv2%2Fproduct_brand&post=782"},{"taxonomy":"product_cat","embeddable":true,"href":"https:\/\/ppediciones.cl\/index.php?rest_route=%2Fwp%2Fv2%2Fproduct_cat&post=782"},{"taxonomy":"product_tag","embeddable":true,"href":"https:\/\/ppediciones.cl\/index.php?rest_route=%2Fwp%2Fv2%2Fproduct_tag&post=782"}],"curies":[{"name":"wp","href":"https:\/\/api.w.org\/{rel}","templated":true}]}}