{"id":845,"date":"2019-06-14T02:57:25","date_gmt":"2019-06-14T02:57:25","guid":{"rendered":"http:\/\/ppediciones.cl\/?post_type=product&#038;p=845"},"modified":"2024-07-03T01:59:57","modified_gmt":"2024-07-03T01:59:57","slug":"historias-de-rengo-gabriel-teran-moreno","status":"publish","type":"product","link":"https:\/\/ppediciones.cl\/?product=historias-de-rengo-gabriel-teran-moreno","title":{"rendered":"Historia de Rengo | Gabriel Ter\u00e1n Moreno"},"content":{"rendered":"<p>Gabriel Ter\u00e1n Moreno, profesor y escritor, nace en Rengo, Chile. Realiza sus estudios secundarios en el Liceo de Rengo. Cursa estudios superiores en la Facultad de Filosof\u00eda y Educaci\u00f3n de la Universidad de Chile. A partir de noviembre de 1970 hasta el 11 de septiembre de 1973 se desempe\u00f1a en diferentes programas de educaci\u00f3n de adultos en O\u2019Higgins y Colchagua\u00a0 en el \u00e1mbito de la Reforma Agraria,\u00a0 asumiendo tambi\u00e9n responsabilidades directas en la conducci\u00f3n de ese proceso en el \u00e1rea de Rengo y Departamento de Caupolic\u00e1n. En los primeros d\u00edas del golpe militar es encarcelado y un a\u00f1o m\u00e1s tarde, obligado a dejar el pa\u00eds. Contin\u00faa sus estudios pedag\u00f3gicos en la Universidad de Bucarest\u00a0 y obtiene un Master en historia, en la Facultad de historia y filosof\u00eda de esa instituci\u00f3n.<\/p>\n<p>Posteriormente,, desde 1980 hasta diciembre de 2012 se desempe\u00f1a como docente en Ciencias Sociales e Historia en la Run\u00f6 Folkh\u00f6gskola de Estocolmo, centro de estudios superiores perteneciente al movimiento de Trabajadores de Suecia(LO).<\/p>\n<p>Cultiva la literatura desde sus a\u00f1os de estudiante, dando a conocer sus creaciones en publicaciones locales, de estudiantiles y encuentros literarios.<\/p>\n<p>Las p\u00e1ginas de esta obra se refieren a la historia de Rengo. Entre otros aspectos, ponen su acento en los grandes actores sociales e intelectuales que han marcado su desarrollo. Actores y momentos muchas veces ignorados, soslayados o sometidos al olvido y el silencio.<\/p>\n<p>Termina el trabajo con la Reforma Agraria. La reforma social m\u00e1s importante del \u00faltimo siglo.<\/p>\n<p>Otras obras del autor en esta Editorial: \u201cLa huella de la luna y otros relatos\u201d y \u201cLas campanas de Almedalen\u201d.<\/p>\n","protected":false},"excerpt":{"rendered":"<p><span style=\"font-size: 85%;\">Fecha publicaci\u00f3n: Abril 2019<\/span><\/p>\n<p><span style=\"font-size: 85%;\">ISBN: 978-956-398-754-6<\/span><\/p>\n<p><span style=\"font-size: 85%;\">P\u00e1ginas: 126<\/span><\/p>\n<p><span style=\"font-size: 85%;\">Formato: 16.5 x 21.5 cms.<\/span><\/p>\n<p><span style=\"font-weight: 400; font-size: 85%;\">Valor: $ CLP<\/span><\/p>\n","protected":false},"featured_media":923,"comment_status":"open","ping_status":"closed","template":"","meta":[],"product_brand":[],"product_cat":[119,181],"product_tag":[97,95,98,96],"class_list":{"0":"post-845","1":"product","2":"type-product","3":"status-publish","4":"has-post-thumbnail","6":"product_cat-119","7":"product_cat-catalogo","8":"product_tag-gabriel-teran","9":"product_tag-historia","10":"product_tag-reforma-agraria","11":"product_tag-rengo","13":"first","14":"instock","15":"taxable","16":"shipping-taxable","17":"product-type-simple"},"_links":{"self":[{"href":"https:\/\/ppediciones.cl\/index.php?rest_route=\/wp\/v2\/product\/845","targetHints":{"allow":["GET"]}}],"collection":[{"href":"https:\/\/ppediciones.cl\/index.php?rest_route=\/wp\/v2\/product"}],"about":[{"href":"https:\/\/ppediciones.cl\/index.php?rest_route=\/wp\/v2\/types\/product"}],"replies":[{"embeddable":true,"href":"https:\/\/ppediciones.cl\/index.php?rest_route=%2Fwp%2Fv2%2Fcomments&post=845"}],"wp:featuredmedia":[{"embeddable":true,"href":"https:\/\/ppediciones.cl\/index.php?rest_route=\/wp\/v2\/media\/923"}],"wp:attachment":[{"href":"https:\/\/ppediciones.cl\/index.php?rest_route=%2Fwp%2Fv2%2Fmedia&parent=845"}],"wp:term":[{"taxonomy":"product_brand","embeddable":true,"href":"https:\/\/ppediciones.cl\/index.php?rest_route=%2Fwp%2Fv2%2Fproduct_brand&post=845"},{"taxonomy":"product_cat","embeddable":true,"href":"https:\/\/ppediciones.cl\/index.php?rest_route=%2Fwp%2Fv2%2Fproduct_cat&post=845"},{"taxonomy":"product_tag","embeddable":true,"href":"https:\/\/ppediciones.cl\/index.php?rest_route=%2Fwp%2Fv2%2Fproduct_tag&post=845"}],"curies":[{"name":"wp","href":"https:\/\/api.w.org\/{rel}","templated":true}]}}