{"id":846,"date":"2019-06-14T03:08:14","date_gmt":"2019-06-14T03:08:14","guid":{"rendered":"http:\/\/ppediciones.cl\/?post_type=product&#038;p=846"},"modified":"2021-11-24T03:10:35","modified_gmt":"2021-11-24T03:10:35","slug":"historias-de-muertos-y-asustados-mario-labrin-donoso","status":"publish","type":"product","link":"https:\/\/ppediciones.cl\/?product=historias-de-muertos-y-asustados-mario-labrin-donoso","title":{"rendered":"Historias de muertos y asustados | Mario Labr\u00edn Donoso"},"content":{"rendered":"<p>Historias de Muertos y Asustados, de seguro ser\u00e1 le\u00eddo con mayor rapidez y entrega de vuestro tiempo, que cualquier otro libro, porque es tan emocionante el relato, que lleva a querer saber de inmediato qu\u00e9 pas\u00f3 con cada protagonista de las diversas historias con que cuenta. Es hermoso tambi\u00e9n, el rescate que hace de ciudades y pueblos de la Regi\u00f3n de O\u00b4Higgins, adentrarse a trav\u00e9s del relato, de la vivencia y esfuerzo de qui\u00e9nes viven en esos lugares. Pueblos como Salsipuedes, Corcol\u00e9n, Cantarrana, Panquehue, Las Pataguas, Malloa, Pelequ\u00e9n, Rengo, Maqueg\u00fce, Cunaco, Quinag\u00fce, Chimbarongo, Litueche, Alcones, El Calvario, San Pedro, que es donde viven estos personajes.<\/p>\n<p>Muchas veces los relatos donde se mezcla la ficci\u00f3n con la realidad, los personajes pareciera que pierden su valor y su profundidad, pero no es el caso de estas historias. El escritor pareciera que estuviera siendo testigo de los personajes cotidianos, que estuviera haciendo una catarsis, es decir, purific\u00e1ndose de las pasiones del \u00e1nimo, mediante las emociones que provocan la contemplaci\u00f3n de una situaci\u00f3n tr\u00e1gica.<\/p>\n","protected":false},"excerpt":{"rendered":"<p><span style=\"font-size: 85%;\">Fecha publicaci\u00f3n: Mayo 2019<\/span><\/p>\n<p><span style=\"font-size: 85%;\">ISBN: 978-956-398-711-9<\/span><\/p>\n<p><span style=\"font-size: 85%;\">P\u00e1ginas: 102<\/span><\/p>\n<p><span style=\"font-size: 85%;\">Formato: 13.5 x 21.5 cms.<\/span><\/p>\n<p><span style=\"font-size: 85%;\">Valor: $ CLP<\/span><\/p>\n","protected":false},"featured_media":847,"comment_status":"open","ping_status":"closed","template":"","meta":[],"product_brand":[],"product_cat":[119,181],"product_tag":[94,92,78,93],"class_list":{"0":"post-846","1":"product","2":"type-product","3":"status-publish","4":"has-post-thumbnail","6":"product_cat-119","7":"product_cat-catalogo","8":"product_tag-asustados","9":"product_tag-historias","10":"product_tag-mario-labrin","11":"product_tag-muertos","13":"first","14":"instock","15":"taxable","16":"shipping-taxable","17":"product-type-simple"},"_links":{"self":[{"href":"https:\/\/ppediciones.cl\/index.php?rest_route=\/wp\/v2\/product\/846","targetHints":{"allow":["GET"]}}],"collection":[{"href":"https:\/\/ppediciones.cl\/index.php?rest_route=\/wp\/v2\/product"}],"about":[{"href":"https:\/\/ppediciones.cl\/index.php?rest_route=\/wp\/v2\/types\/product"}],"replies":[{"embeddable":true,"href":"https:\/\/ppediciones.cl\/index.php?rest_route=%2Fwp%2Fv2%2Fcomments&post=846"}],"wp:featuredmedia":[{"embeddable":true,"href":"https:\/\/ppediciones.cl\/index.php?rest_route=\/wp\/v2\/media\/847"}],"wp:attachment":[{"href":"https:\/\/ppediciones.cl\/index.php?rest_route=%2Fwp%2Fv2%2Fmedia&parent=846"}],"wp:term":[{"taxonomy":"product_brand","embeddable":true,"href":"https:\/\/ppediciones.cl\/index.php?rest_route=%2Fwp%2Fv2%2Fproduct_brand&post=846"},{"taxonomy":"product_cat","embeddable":true,"href":"https:\/\/ppediciones.cl\/index.php?rest_route=%2Fwp%2Fv2%2Fproduct_cat&post=846"},{"taxonomy":"product_tag","embeddable":true,"href":"https:\/\/ppediciones.cl\/index.php?rest_route=%2Fwp%2Fv2%2Fproduct_tag&post=846"}],"curies":[{"name":"wp","href":"https:\/\/api.w.org\/{rel}","templated":true}]}}