{"id":895,"date":"2019-07-14T15:53:51","date_gmt":"2019-07-14T15:53:51","guid":{"rendered":"http:\/\/ppediciones.cl\/?post_type=product&#038;p=895"},"modified":"2021-11-24T03:10:10","modified_gmt":"2021-11-24T03:10:10","slug":"rio-tranquilo-mario-labrin-donoso","status":"publish","type":"product","link":"https:\/\/ppediciones.cl\/?product=rio-tranquilo-mario-labrin-donoso","title":{"rendered":"R\u00edo Tranquilo | Mario Labrin Donoso"},"content":{"rendered":"<p>El asombroso curr\u00edculum de Mario Labr\u00edn incluye el haber sido preso pol\u00edtico, exiliado, soldador, arreador de ovejas, molinero, cargador de arena, basurero, alba\u00f1il, mec\u00e1nico, reparador de calefactores, electricista, artesano, bailar\u00edn, actor, conferencista, poeta y concejal municipal de la comuna de Vaulnaveys-le-bas, al pie de los Alpes, en el distrito franc\u00e9s de Grenoble. Y es un curr\u00edculum que no tiene para cuando detenerse, porque Labr\u00edn, despu\u00e9s de convertirse en un eximio del cordero al palo y levantar con sus propias manos la casa donde vive, ahora se presenta en Chile en su faceta de narrador, para que los hijos y los hijos de los hijos conozcan las historias de su amada Patagonia.<\/p>\n<p>R\u00edo tranquilo incluye dieciocho relatos del fin del mundo, donde vuelan y sobrevuelan mingas, pastoreos, corderos, salmones, r\u00edos, lagos, volcanes, hielos y deshielos, todo sin electricidad y mucha lluvia y vientos y tragedias y afectos y gestos humanos, historias casi siempre contadas con un tono de f\u00e1bula y con una voz imperturbable y coral: \u201cEsa ma\u00f1ana nos despertamos&#8230;\u201d.<\/p>\n<p>Los vientos y las lluvias patag\u00f3nicas son el inexorable tel\u00f3n de fondo de un R\u00edo tranquilo que de tranquilo tiene muy poco porque en \u00e9l se cuecen historias humanas y de las otras, contadas con la placidez y el humor de quien se instala c\u00f3modamente a conversar el invierno alrededor del fog\u00f3n.<\/p>\n","protected":false},"excerpt":{"rendered":"<p><span style=\"font-size: 85%;\">Fecha publicaci\u00f3n: Junio 2019<\/span><\/p>\n<p><span style=\"font-size: 85%;\">ISSN: 978-956-926-719-2<\/span><\/p>\n<p><span style=\"font-size: 85%;\">P\u00e1ginas: 200<br \/>\n<\/span><\/p>\n<p><span style=\"font-size: 85%;\">Formato: 13,5x\u00a0 21.5 cms.<\/span><\/p>\n<p><span style=\"font-size: 85%;\">Valor: $\u00a0 CLP<\/span><\/p>\n","protected":false},"featured_media":896,"comment_status":"open","ping_status":"closed","template":"","meta":[],"product_brand":[],"product_cat":[119,181],"product_tag":[78,76,77,75],"class_list":{"0":"post-895","1":"product","2":"type-product","3":"status-publish","4":"has-post-thumbnail","6":"product_cat-119","7":"product_cat-catalogo","8":"product_tag-mario-labrin","9":"product_tag-patagonia","10":"product_tag-relatos","11":"product_tag-rio-tranquilo","13":"first","14":"instock","15":"taxable","16":"shipping-taxable","17":"product-type-simple"},"_links":{"self":[{"href":"https:\/\/ppediciones.cl\/index.php?rest_route=\/wp\/v2\/product\/895","targetHints":{"allow":["GET"]}}],"collection":[{"href":"https:\/\/ppediciones.cl\/index.php?rest_route=\/wp\/v2\/product"}],"about":[{"href":"https:\/\/ppediciones.cl\/index.php?rest_route=\/wp\/v2\/types\/product"}],"replies":[{"embeddable":true,"href":"https:\/\/ppediciones.cl\/index.php?rest_route=%2Fwp%2Fv2%2Fcomments&post=895"}],"wp:featuredmedia":[{"embeddable":true,"href":"https:\/\/ppediciones.cl\/index.php?rest_route=\/wp\/v2\/media\/896"}],"wp:attachment":[{"href":"https:\/\/ppediciones.cl\/index.php?rest_route=%2Fwp%2Fv2%2Fmedia&parent=895"}],"wp:term":[{"taxonomy":"product_brand","embeddable":true,"href":"https:\/\/ppediciones.cl\/index.php?rest_route=%2Fwp%2Fv2%2Fproduct_brand&post=895"},{"taxonomy":"product_cat","embeddable":true,"href":"https:\/\/ppediciones.cl\/index.php?rest_route=%2Fwp%2Fv2%2Fproduct_cat&post=895"},{"taxonomy":"product_tag","embeddable":true,"href":"https:\/\/ppediciones.cl\/index.php?rest_route=%2Fwp%2Fv2%2Fproduct_tag&post=895"}],"curies":[{"name":"wp","href":"https:\/\/api.w.org\/{rel}","templated":true}]}}