{"id":900,"date":"2019-07-18T10:42:11","date_gmt":"2019-07-18T10:42:11","guid":{"rendered":"http:\/\/ppediciones.cl\/?post_type=product&#038;p=900"},"modified":"2021-11-24T03:09:52","modified_gmt":"2021-11-24T03:09:52","slug":"el-dulce-sonido-de-la-silbatina-j-raul-soza-becerra","status":"publish","type":"product","link":"https:\/\/ppediciones.cl\/?product=el-dulce-sonido-de-la-silbatina-j-raul-soza-becerra","title":{"rendered":"El dulce sonido de la silbatina | J. Ra\u00fal Soza Becerra"},"content":{"rendered":"<p>RA\u00daL SOZA BECERRA, Naci\u00f3 en Santiago de Chile el a\u00f1o 1963, hijo de un connotado dibujante creador de la otrora famosa tabla de posiciones del futbol chileno, publicada en distintos matutinos en la d\u00e9cada de los 80.<\/p>\n<p>De muy joven se radica en la ciudad de Iquique, donde se desarrolla como empresario en el \u00e1rea publicitaria.<\/p>\n<p>Forzado por un fracaso financiero se traslada a la ciudad de Rancagua en el a\u00f1o 1998, donde actualmente reside.<\/p>\n<p>Producto de una profunda b\u00fasqueda y el anhelo de expresar sus inquietudes art\u00edsticas, para el a\u00f1o 2014 logra plasmar sus primeras esculturas y dos a\u00f1os despu\u00e9s su trabajo recibe el reconocimiento y es invitado a exponer sus obras en Iquique, cerrando as\u00ed un ciclo de reencuentro con esta ciudad que despu\u00e9s de 18 a\u00f1os le recibe con sus brazos abiertos.<\/p>\n<p>Ya para el a\u00f1o 2018 nuevamente es invitado a exponer la segunda muestra art\u00edstica a esta misma ciudad.<\/p>\n<p>En la actualidad se encuentra enfocado en distintos proyectos art\u00edsticos, los que les han permitido plasmar en ellos un sello original, usando para ello material met\u00e1lico desechado.<\/p>\n<p>El autor a trav\u00e9s del \u201cEl dulce sonido de la silbatina\u201d nos transporta por los sencillos recorridos de la ciudad que lo vio crecer, lo vio fracasar y despu\u00e9s de 20 a\u00f1os le abraz\u00f3 en su nuevo renacer.<\/p>\n","protected":false},"excerpt":{"rendered":"<p><span style=\"font-size: 85%;\">Fecha publicaci\u00f3n: Julio 2019<\/span><\/p>\n<p><span style=\"font-size: 85%;\">ISSN: 978-956-398-958-8<br \/>\n<\/span><\/p>\n<p><span style=\"font-size: 85%;\">P\u00e1ginas: 120<br \/>\n<\/span><\/p>\n<p><span style=\"font-size: 85%;\">Formato: 13,5 x 21.5 cms.<\/span><\/p>\n<p><span style=\"font-size: 85%;\">Valor: $ 9.520\u00a0 CLP<\/span><\/p>\n","protected":false},"featured_media":901,"comment_status":"open","ping_status":"closed","template":"","meta":[],"product_brand":[],"product_cat":[119,181],"product_tag":[80,79],"class_list":{"0":"post-900","1":"product","2":"type-product","3":"status-publish","4":"has-post-thumbnail","6":"product_cat-119","7":"product_cat-catalogo","8":"product_tag-iquique","9":"product_tag-raul-soza-becerra","11":"first","12":"instock","13":"taxable","14":"shipping-taxable","15":"product-type-simple"},"_links":{"self":[{"href":"https:\/\/ppediciones.cl\/index.php?rest_route=\/wp\/v2\/product\/900","targetHints":{"allow":["GET"]}}],"collection":[{"href":"https:\/\/ppediciones.cl\/index.php?rest_route=\/wp\/v2\/product"}],"about":[{"href":"https:\/\/ppediciones.cl\/index.php?rest_route=\/wp\/v2\/types\/product"}],"replies":[{"embeddable":true,"href":"https:\/\/ppediciones.cl\/index.php?rest_route=%2Fwp%2Fv2%2Fcomments&post=900"}],"wp:featuredmedia":[{"embeddable":true,"href":"https:\/\/ppediciones.cl\/index.php?rest_route=\/wp\/v2\/media\/901"}],"wp:attachment":[{"href":"https:\/\/ppediciones.cl\/index.php?rest_route=%2Fwp%2Fv2%2Fmedia&parent=900"}],"wp:term":[{"taxonomy":"product_brand","embeddable":true,"href":"https:\/\/ppediciones.cl\/index.php?rest_route=%2Fwp%2Fv2%2Fproduct_brand&post=900"},{"taxonomy":"product_cat","embeddable":true,"href":"https:\/\/ppediciones.cl\/index.php?rest_route=%2Fwp%2Fv2%2Fproduct_cat&post=900"},{"taxonomy":"product_tag","embeddable":true,"href":"https:\/\/ppediciones.cl\/index.php?rest_route=%2Fwp%2Fv2%2Fproduct_tag&post=900"}],"curies":[{"name":"wp","href":"https:\/\/api.w.org\/{rel}","templated":true}]}}