{"id":903,"date":"2019-08-08T02:04:22","date_gmt":"2019-08-08T02:04:22","guid":{"rendered":"http:\/\/ppediciones.cl\/?post_type=product&#038;p=903"},"modified":"2023-11-17T23:00:26","modified_gmt":"2023-11-17T23:00:26","slug":"hotel-nielssen-carlos-gonzalez-saldivia","status":"publish","type":"product","link":"https:\/\/ppediciones.cl\/?product=hotel-nielssen-carlos-gonzalez-saldivia","title":{"rendered":"Hotel Nielssen | Carlos Gonz\u00e1lez Saldivia"},"content":{"rendered":"<p>CARLOS GONZ\u00c1LEZ SALDIVIA, nace en Ancud, en 1953, estudia pedagog\u00eda en la Escuela Normal y en la Universidad Austral, sede Ancud. Ejerce como Profesor de educaci\u00f3n general b\u00e1sica hasta 1991; Director de Radio Estrella del Mar, 1999; Secretario Ejecutivo de la Corporaci\u00f3n Cultural Municipal de Ancud 2006; Director de la Compa\u00f1\u00eda de Teatro Municipal de Ancud, 2001-2012; Escritor. Ha publicado \u201cChilo\u00e9, pan para hoy\u201d (1995, dramaturgia). \u201cEl Canto del Chucao\u201d (1997, dramaturgia), \u201cAncud, Neruda en tu memoria\u201d (2005, dramturgia), \u201cMareas\u201d (Cuento publicado en el libro Hemisferios y en una versi\u00f3n en Braille, M\u00e9xico, por la Universidad de Guadalajara en convenio con la Universidad Austral de Chile, 2017).<\/p>\n<p>En su novela \u201cHotel Nielssen\u201d, cuenta el arribo de Pablo Neruda a mediados de 1925 a la ciudad de Ancud, invitado por su amigo Rub\u00e9n Az\u00f3car, profesor de castellano del liceo. El educador, motiv\u00f3 al poeta para que viajara a \u201csanarse\u201d a la isla. A poco andar, se enamor\u00f3 de Alicia Koch, hija \u00fanica de una familia adinerada de colonos alemanes. Ella, muchacha menor de edad, correspondi\u00f3 a los afectos de Neruda. Cuando la familia se enter\u00f3 de esta relaci\u00f3n, la prohibi\u00f3 de inmediato. Sin embargo, la pareja sigui\u00f3 vi\u00e9ndose a escondidas y la relaci\u00f3n continu\u00f3 y creci\u00f3. Poco despu\u00e9s, para el cumplea\u00f1os de la muchacha, su madre invit\u00f3 al capit\u00e1n Guillermo Malinkrov, comandante del regimiento Pudeto, con asiento en la ciudad. Transcurrido unos meses, el capit\u00e1n Malinkrov, acompa\u00f1ado de sus padres, se present\u00f3 en casa de la familia Koch, a pedir la mano de Alicia. Los padres de ambos j\u00f3venes ya hab\u00edan acordado realizar el matrimonio y s\u00f3lo asistieron a informar a la novia y a fijar la fecha del enlace. La noche de la boda, finalizada la fiesta, la novia desapareci\u00f3. Despu\u00e9s de este extra\u00f1o episodio, del que no se ten\u00eda registro en la historia del pueblo, todas las miradas acusaban a Neruda.<\/p>\n","protected":false},"excerpt":{"rendered":"<p>Fecha publicaci\u00f3n: Julio 2019<\/p>\n<p>ISBN: 978-956-398-956-4<\/p>\n<p>P\u00e1ginas: 326<\/p>\n<p>Formato: 14 x 21.5 cms.<\/p>\n<p>Valor: $ CLP<\/p>\n","protected":false},"featured_media":904,"comment_status":"open","ping_status":"closed","template":"","meta":[],"product_brand":[],"product_cat":[119,181],"product_tag":[84,83,82,81],"class_list":{"0":"post-903","1":"product","2":"type-product","3":"status-publish","4":"has-post-thumbnail","6":"product_cat-119","7":"product_cat-catalogo","8":"product_tag-ancud","9":"product_tag-carlos-gonzalez","10":"product_tag-novela","11":"product_tag-pablo-neruda","13":"first","14":"instock","15":"taxable","16":"shipping-taxable","17":"product-type-simple"},"_links":{"self":[{"href":"https:\/\/ppediciones.cl\/index.php?rest_route=\/wp\/v2\/product\/903","targetHints":{"allow":["GET"]}}],"collection":[{"href":"https:\/\/ppediciones.cl\/index.php?rest_route=\/wp\/v2\/product"}],"about":[{"href":"https:\/\/ppediciones.cl\/index.php?rest_route=\/wp\/v2\/types\/product"}],"replies":[{"embeddable":true,"href":"https:\/\/ppediciones.cl\/index.php?rest_route=%2Fwp%2Fv2%2Fcomments&post=903"}],"wp:featuredmedia":[{"embeddable":true,"href":"https:\/\/ppediciones.cl\/index.php?rest_route=\/wp\/v2\/media\/904"}],"wp:attachment":[{"href":"https:\/\/ppediciones.cl\/index.php?rest_route=%2Fwp%2Fv2%2Fmedia&parent=903"}],"wp:term":[{"taxonomy":"product_brand","embeddable":true,"href":"https:\/\/ppediciones.cl\/index.php?rest_route=%2Fwp%2Fv2%2Fproduct_brand&post=903"},{"taxonomy":"product_cat","embeddable":true,"href":"https:\/\/ppediciones.cl\/index.php?rest_route=%2Fwp%2Fv2%2Fproduct_cat&post=903"},{"taxonomy":"product_tag","embeddable":true,"href":"https:\/\/ppediciones.cl\/index.php?rest_route=%2Fwp%2Fv2%2Fproduct_tag&post=903"}],"curies":[{"name":"wp","href":"https:\/\/api.w.org\/{rel}","templated":true}]}}