{"id":981,"date":"2019-11-06T13:50:42","date_gmt":"2019-11-06T13:50:42","guid":{"rendered":"http:\/\/ppediciones.cl\/?post_type=product&#038;p=981"},"modified":"2022-01-04T18:57:41","modified_gmt":"2022-01-04T18:57:41","slug":"agenda-antologia-artistica-2020","status":"publish","type":"product","link":"https:\/\/ppediciones.cl\/?product=agenda-antologia-artistica-2020","title":{"rendered":"Agenda Antolog\u00eda Art\u00edstica 2020"},"content":{"rendered":"<p>Por quinto a\u00f1o consecutivo y a partir de las exitosas ediciones anteriores, Primeros Pasos Ediciones presenta la Agenda Antolog\u00eda Art\u00edstica en su versi\u00f3n 2020, que convoca a escritores y artistas visuales de la regi\u00f3n y el pa\u00eds, con el fin de continuar difundiendo y masificando su arte, mientras se organiza el d\u00eda a d\u00eda. Esta iniciativa es financiada gracias a Caf\u00e9 Librer\u00eda Cervantes, Colegio M\u00e9dico de Rancagua, Cl\u00ednica Veterinaria Sanfield y Editorial Primeros Pasos.<\/p>\n","protected":false},"excerpt":{"rendered":"<p><span style=\"color: #00ffff;\">Fecha publicaci\u00f3n:<\/span> noviembre 2019<\/p>\n<p><span style=\"color: #00ffff;\">ISBN:<\/span><\/p>\n<p><span style=\"color: #00ffff;\">P\u00e1ginas:<\/span><\/p>\n<p><span style=\"color: #00ffff;\">Formato:<\/span><\/p>\n<p><span style=\"color: #00ffff;\">Valor:<\/span> $ CLP<\/p>\n","protected":false},"featured_media":1049,"comment_status":"open","ping_status":"closed","template":"","meta":[],"product_brand":[],"product_cat":[119,181],"product_tag":[115,117,116,112,113,114,111],"class_list":{"0":"post-981","1":"product","2":"type-product","3":"status-publish","4":"has-post-thumbnail","6":"product_cat-119","7":"product_cat-catalogo","8":"product_tag-agenda","9":"product_tag-agenda-antologia-artistica","10":"product_tag-antologia-artistica","11":"product_tag-difusion","12":"product_tag-escritores-de-la-region-de-ohiggins","13":"product_tag-organizacion","14":"product_tag-planificacion","16":"first","17":"instock","18":"taxable","19":"shipping-taxable","20":"purchasable","21":"product-type-simple"},"_links":{"self":[{"href":"https:\/\/ppediciones.cl\/index.php?rest_route=\/wp\/v2\/product\/981","targetHints":{"allow":["GET"]}}],"collection":[{"href":"https:\/\/ppediciones.cl\/index.php?rest_route=\/wp\/v2\/product"}],"about":[{"href":"https:\/\/ppediciones.cl\/index.php?rest_route=\/wp\/v2\/types\/product"}],"replies":[{"embeddable":true,"href":"https:\/\/ppediciones.cl\/index.php?rest_route=%2Fwp%2Fv2%2Fcomments&post=981"}],"wp:featuredmedia":[{"embeddable":true,"href":"https:\/\/ppediciones.cl\/index.php?rest_route=\/wp\/v2\/media\/1049"}],"wp:attachment":[{"href":"https:\/\/ppediciones.cl\/index.php?rest_route=%2Fwp%2Fv2%2Fmedia&parent=981"}],"wp:term":[{"taxonomy":"product_brand","embeddable":true,"href":"https:\/\/ppediciones.cl\/index.php?rest_route=%2Fwp%2Fv2%2Fproduct_brand&post=981"},{"taxonomy":"product_cat","embeddable":true,"href":"https:\/\/ppediciones.cl\/index.php?rest_route=%2Fwp%2Fv2%2Fproduct_cat&post=981"},{"taxonomy":"product_tag","embeddable":true,"href":"https:\/\/ppediciones.cl\/index.php?rest_route=%2Fwp%2Fv2%2Fproduct_tag&post=981"}],"curies":[{"name":"wp","href":"https:\/\/api.w.org\/{rel}","templated":true}]}}